{"id":4867,"date":"2025-01-27T14:49:08","date_gmt":"2025-01-27T13:49:08","guid":{"rendered":"https:\/\/astridlindgrensnas.se\/ausstellungen\/"},"modified":"2026-04-07T13:01:00","modified_gmt":"2026-04-07T11:01:00","slug":"ausstellungen","status":"publish","type":"page","link":"https:\/\/astridlindgrensnas.se\/de\/ausstellungen\/","title":{"rendered":"Ausstellungen"},"content":{"rendered":"\n<div class=\"relative flex flex-col items-center  w-full justify-center \">\n\t\t<div class=\"w-full h-[60vh] min-h-[500px] tablet:max-h-[700px] bg-gradient-to-t opacity-60 from-blackish absolute bottom-0\">\n\n\t<\/div>\n\t\t\t\t<img decoding=\"async\" class=\"top-0 object-cover w-full h-[60vh] min-h-[700px] mobile:min-h-[540px] desktop:max-h-[650px] tablet:max-h-[700px]\" src=\"https:\/\/astridlindgrensnas.se\/wp-content\/uploads\/2025\/01\/utstallningar-3.jpg\" alt=\"\">\n\t\t<div class=\"w-full m-auto text-center absolute bottom-[80px]\">\n\t\t<h1 class=\"text-whiteish\">Ausstellungen<\/h1>\n\t<\/div>\n<\/div>\n\n\n<div class=\"flex items-center justify-center w-full px-4 py-7\">\n\t<div data-aos=\" \" data-aos-duration=\"\" class=\"flex flex-col items-center w-full gap-5 m-auto text-center inner-contain\">\n\t\t\t\t\t\t\t<p class=\"-large text-darkGreen\">Auf Astrid Lindgrens N\u00e4s k\u00f6nnen Sie jederzeit unsere gro\u00dfe Astrid-Lindgren-Ausstellung besuchen. Neben der Dauerausstellung pr\u00e4sentieren wir regelm\u00e4\u00dfig Wechselausstellungen, die unterschiedliche Perspektiven auf das Leben und Werk von Astrid Lindgren zeigen. Sie greifen auch besondere Themen aus ihren B\u00fcchern sowie wichtige Aspekte ihres Lebens auf. Unsere Wechselausstellungen finden im Pavillon, im Pfarrhof und drau\u00dfen in den G\u00e4rten statt.<\/p>\n\t\t\t\t\t<\/div>\n<\/div>\n\n<div id=\"utstallningar\" class=\"flex flex-col w-full m-auto py-7 fp-image-contain \">\n\t\t\t<div class=\"relative w-full min-h-[988px] mb-[-64px] tablet:mb-[-128px] mobile:min-h-[640px] m-auto flex align-center justify-start flex-col fp-image-contain\">\n\t\t\t\t\t\t\t\t\t\t\t\t<div data-aos=\"\" data-aos-duration=\"\" class=\"vimeo-fp-under rounded-xl desktop-md:rounded-none\">\n\t\t\t\t\t\t\t\t\t\t\t\t\t<img decoding=\"async\" class=\"absolute top-0 object-cover w-full h-full\" src=\"https:\/\/astridlindgrensnas.se\/wp-content\/uploads\/2025\/01\/astrid-lindgren-sagans-kraft-nas-011-lofi-fotograf-ristenstrand-norrkoping.jpg\" alt=\"\">\n\t\t\t\t\t\t\t\t\t\t\t\t<iframe src=\"https:\/\/player.vimeo.com\/video\/922916797?autoplay=1&#038;controls=0&#038;loop=1&#038;muted=1&#038;playsinline=1&#038;autopause=0\" frameborder=\"0\" allow=\"autoplay; fullscreen\" allowfullscreen><\/iframe>\n\t\t\t\t\t<\/div>\n\t\t\t\t\t\t\t\t\t\t<div class=\"absolute bottom-[64px] flex flex-col items-center w-full m-auto gap-7 mobile:px-4\">\n\t\t\t\t<div class=\"bg-whiteish lg-shadow p-[80px] mobile:p-4 flex flex-col tablet:w-[90%] mobile:w-full text-black text-center inner-contain rounded-lg w-full items-center\">\n\t\t\t\t\t<div class=\"flex flex-col max-w-[760px] gap-5 mobile:gap-3 items-center\">\n\t\t\t\t\t\t<div class=\"flex flex-col gap-2 text-center\">\n\t\t\t\t\t\t\t\t\t\t\t\t\t\t\t\t\t\t\t\t\t\t<h2 class=\"text-darkGreen mobile:text-[24px] uppercase -wilma\">Astrid Lindgren <br> und die Kraft des Erz\u00e4hlens<\/h2>\n\t\t\t\t\t\t\t\t\t\t\t\t\t<\/div>\n\t\t\t\t\t\t<p class=\"-medium text-trueBlack mobile:!text-[14px]\">Eine Ausstellung \u00fcber das M\u00e4dchen aus N\u00e4s, das zu einer der weltweit bekanntesten Schriftstellerinnen wurde.<\/p>\n\t\t\t\t\t\t\t\t\t\t\t\t\t<a class=\"btn w-fit\" href=\"https:\/\/astridlindgrensnas.se\/de\/utstallningar\/astrid-lindgren-und-die-kraft-des-erzaehlens\/\" target=\"\">\n\t\t\t\t\t\t\t\t<p class=\"-button\">\n\t\t\t\t\t\t\t\t\tZur Ausstellung\t\t\t\t\t\t\t\t<\/p>\n\t\t\t\t\t\t\t<\/a>\n\t\t\t\t\t\t\t\t\t\t\t<\/div>\n\t\t\t\t<\/div>\n\t\t\t<\/div>\n\t\t<\/div>\n\t\n<\/div>\n\n\n<div class=\"flex flex-col items-center justify-center w-full py-7 m-auto gap-7 pt-8 inner-contain tablet:flex-col tablet:gap-4 desktop-sm:px-4\">\n\t\t\t<div>\n\t\t\t<h2 class=\"text-darkGreen\">Kommende Ausstellungen<\/h2>\n\t\t<\/div>\n\t\t<div data-aos=\"\" data-aos-duration=\"\" class=\"flex items-center w-full justify-center tablet:flex-col gap-5 tablet:gap-7\">\n\n\t\t\t\t\t\n\t\t\t\t\t\t\t\t\t<div class=\"relative flex flex-col tablet:max-w-[33rem] items-center justify-between w-full\">\n\n\t\t\t\t\t\t<a href=\"https:\/\/astridlindgrensnas.se\/en\/exhibitions\/food-more-than-a-meal\/\" target=\"\" class=\"relative flex flex-col tablet:max-w-[33rem] items-center justify-between w-full group\">\n\t\t\t\t\t\t\t<div class=\"w-full mb-5 overflow-hidden rounded-lg\">\n\t\t\t\t\t\t\t\t<img decoding=\"async\" class=\"object-cover min-h-[25rem] transition-all duration-700 group-hover:scale-110 tablet:min-h-[33rem] tablet:aspect-auto rounded-lg w-full aspect-square tablet:max-w-[33rem] mobile:min-h-[530px]\" src=\"https:\/\/astridlindgrensnas.se\/wp-content\/uploads\/2025\/12\/MAT-34.png\" alt=\"\">\n\t\t\t\t\t\t\t<\/div>\n\t\t\t\t\t\t<\/a>\n\t\t\t\t\t\t<div class=\"absolute bottom-0 flex flex-col gap-3 p-5 mx-2 rounded-lg mobile:px-4 bg-whiteish sm-shadow\">\n\t\t\t\t\t\t\t<div class=\"flex flex-col\">\n\t\t\t\t\t\t\t\t\t\t\t\t\t\t\t\t\t<p class=\"text-base text-green\">Wird vom 1. Mai bis zum 20. September gezeigt.<\/p>\n\t\t\t\t\t\t\t\t\t\t\t\t\t\t\t\t\t\t\t\t\t\t\t\t\t<h4 class=\"text-darkGreen\">Wird vom 1. Mai bis zum 20. September gezeigt.<\/h4>\n\t\t\t\t\t\t\t\t\t\t\t\t\t\t\t<\/div>\n\t\t\t\t\t\t\t<p class=\"text-blackish\">Essen ist nicht nur Essen. Essen ist Identit\u00e4t und Kultur, Politik, Haltung, Klima und Umwelt. Essen ist Vergangenheit, Gegenwart und Zukunft.<br \/>\r\n<\/p>\n\t\t\t\t\t\t\t\t\t\t\t\t\t\t\t<div class=\"flex justify-start w-full\">\n\n\t\t\t\t\t\t\t\t\t<a href=\"https:\/\/astridlindgrensnas.se\/en\/exhibitions\/food-more-than-a-meal\/\" class=\"btn group w-fit\">\n\t\t\t\t\t\t\t\t\t\t<p class=\"-button text-[16px]\">ESSEN: Mehr als eine Mahlzeit<\/p>\n\t\t\t\t\t\t\t\t\t<\/a>\n\t\t\t\t\t\t\t\t<\/div>\n\n\t\t\t\t\t\t\t\t\t\t\t\t\t<\/div>\n\t\t\t\t\t<\/div>\n\n\t\t\t\t\t\t\t\n\t\t\t\t\t\t\t\t\t<div class=\"relative flex flex-col tablet:max-w-[33rem] items-center justify-between w-full\">\n\n\t\t\t\t\t\t<a href=\"https:\/\/astridlindgrensnas.se\/de\/ausstellungen\/der-wald-jenseits-der-baeume\/\" target=\"\" class=\"relative flex flex-col tablet:max-w-[33rem] items-center justify-between w-full group\">\n\t\t\t\t\t\t\t<div class=\"w-full mb-5 overflow-hidden rounded-lg\">\n\t\t\t\t\t\t\t\t<img decoding=\"async\" class=\"object-cover min-h-[25rem] transition-all duration-700 group-hover:scale-110 tablet:min-h-[33rem] tablet:aspect-auto rounded-lg w-full aspect-square tablet:max-w-[33rem] mobile:min-h-[530px]\" src=\"https:\/\/astridlindgrensnas.se\/wp-content\/uploads\/2026\/02\/JH250511_0011.jpg\" alt=\"\">\n\t\t\t\t\t\t\t<\/div>\n\t\t\t\t\t\t<\/a>\n\t\t\t\t\t\t<div class=\"absolute bottom-0 flex flex-col gap-3 p-5 mx-2 rounded-lg mobile:px-4 bg-whiteish sm-shadow\">\n\t\t\t\t\t\t\t<div class=\"flex flex-col\">\n\t\t\t\t\t\t\t\t\t\t\t\t\t\t\t\t\t<p class=\"text-base text-green\">Wird vom 13. Mai bis zum 20. September gezeigt.<\/p>\n\t\t\t\t\t\t\t\t\t\t\t\t\t\t\t\t\t\t\t\t\t\t\t\t\t<h4 class=\"text-darkGreen\">Der Wald jenseits der B\u00e4ume<\/h4>\n\t\t\t\t\t\t\t\t\t\t\t\t\t\t\t<\/div>\n\t\t\t\t\t\t\t<p class=\"text-blackish\">\u201eDer Wald jenseits der B\u00e4ume\u201c ist eine Ausstellung \u00fcber die letzten Urw\u00e4lder Schwedens und einige der Arten, die dort leben.<br \/>\r\n<\/p>\n\t\t\t\t\t\t\t\t\t\t\t\t\t\t\t<div class=\"flex justify-start w-full\">\n\n\t\t\t\t\t\t\t\t\t<a href=\"https:\/\/astridlindgrensnas.se\/de\/ausstellungen\/der-wald-jenseits-der-baeume\/\" class=\"btn group w-fit\">\n\t\t\t\t\t\t\t\t\t\t<p class=\"-button text-[16px]\">Der Wald jenseits der B\u00e4ume<\/p>\n\t\t\t\t\t\t\t\t\t<\/a>\n\t\t\t\t\t\t\t\t<\/div>\n\n\t\t\t\t\t\t\t\t\t\t\t\t\t<\/div>\n\t\t\t\t\t<\/div>\n\n\t\t\t\t\t\t\t\t\t\t<\/div>\n<\/div>\n\n\n<div class=\"w-full\">\n\t<div class=\"flex flex-col w-full m-auto py-7 gap-7 inner-contain\">\n\t\t\t\t\t\t\t\t\t<div data-aos=\"\" data-aos-duration=\"\" class=\"flex relative items-center justify-between w-full m-auto tablet:w-3\/4 tablet-sm:w-full tablet:flex-col-reverse desktop-sm:px-4 gap-7 flex-row-reverse\">\n\t\t\t\t\t<div class=\"flex flex-col items-start justify-center w-full gap-5 max-w-[40%] tablet:max-w-full\">\n\t\t\t\t\t\t<h3 class=\"-demi text-darkGreen\">Fr\u00fchere Ausstellungen <\/h3>\n\t\t\t\t\t\t\t\t\t\t\t\t\t<p class=\"text-black text-[20px]\">Hier finden Sie Informationen zu unseren fr\u00fcheren Ausstellungen.\r\n\r\n<\/p>\n\t\t\t\t\t\t\t\t\t\t\t\t\t\t\t\t\t\t\t<a class=\"btn\" href=\"https:\/\/astridlindgrensnas.se\/utstallningarna\/tidigareutstallningar\/\" target=\"\">\n\t\t\t\t\t\t\t\t<p class=\"-button\">\n\t\t\t\t\t\t\t\t\tZu den fr\u00fcheren Ausstellungen \t\t\t\t\t\t\t\t<\/p>\n\t\t\t\t\t\t\t<\/a>\n\t\t\t\t\t\t\t\t\t\t\t<\/div>\n\t\t\t\t\t\t\t\t\t\t\t\t\t\t\t\t\t\t<div class=\"flex items-center justify-center w-full\">\n\t\t\t\t\t\t\t\t<img decoding=\"async\" class=\"object-cover w-full h-[30rem] mobile-sm:h-[16rem] mobile:h-[18rem] rounded-lg\" src=\"https:\/\/astridlindgrensnas.se\/wp-content\/uploads\/2024\/01\/dsc4582.jpg\" alt=\"\">\n\t\t\t\t\t\t\t<\/div>\n\t\t\t\t\t\t\t\t\t\t\t\n\n\t\t\t\t<\/div>\n\t\t\t\t\t\t<\/div>\n<\/div>\n\n\n<div class=\"flex items-center justify-center w-full py-71\">\n\t<div data-aos=\"''\" data-aos-duration=\"300\" class=\"flex flex-col items-center justify-center w-full gap-4 px-6 m-auto text-center inner-contain mobile:px-4\">\n\t\t<h2 class=\"-italic text-[36px]  leading-[1.5] text-darkGreen text-center\">\n\t\t\t\u201eTod und Liebe sind die gro\u00dfen menschlichen Erfahrungen, sie interessieren alle Altersgruppen. Man sollte Kinder nicht in Angst und Schrecken versetzen, aber sie sollten wie ein Erwachsener durch die Kunst aufgew\u00fchlt werden.\u201c\t\t<\/h2>\n\t\t<p class=\"text-[20px] text-darkGreen\">Astrid Lindgren in der schwedischen Tageszeitung \u201eDagens Nyheter\u201c am 8. September 1959<\/p>\n\t<\/div>\n<\/div>\n\n\n<div class=\"flex flex-col items-center justify-center w-full gap-5 py-7 tablet:py-7 mobile:pt-0 desktop:px-0 tablet-lg:px-0\">\n\t\t\t\t<div class=\"w-full h-full gap-5 m-auto inner-contain tablet-lg:max-w-none tablet-lg:px-0\">\n\t\t\t<div data-sliderid=\"utstallningar\" class=\"overflow-hidden image-slider tablet-lg:px-4 utstallningar\">\n\t\t\t\t<div class=\"swiper-wrapper tablet:justify-start\">\n\t\t\t\t\t\t\t\t\t\t\t\t\t\t\t\t\t\t<div class=\"swiper-slide\">\n\t\t\t\t\t\t\t\t\t\t\t\t\t\t\t\t\t<a href=\"https:\/\/astridlindgrensnas.se\/de\/die-gaerten\/die-gaerten\/\" class=\"relative flex flex-col items-center justify-between group max-h-[40rem]\">\n\t\t\t\t\t\t\t\t\t\t<div class=\"mb-5 overflow-hidden rounded-lg\">\n\t\t\t\t\t\t\t\t\t\t\t<img decoding=\"async\" class=\"object-cover w-full transition-all duration-700 aspect-standing group-hover:scale-110\" src=\"https:\/\/astridlindgrensnas.se\/wp-content\/uploads\/2025\/01\/mosstradgarden-scaled.jpg\" alt=\"\">\n\t\t\t\t\t\t\t\t\t\t<\/div>\n\t\t\t\t\t\t\t\t\t\t<div class=\"absolute bottom-0 flex flex-col gap-3 p-5 mx-4 rounded-lg bg-whiteish sm-shadow mobile:px-4 w-[90%]\">\n\t\t\t\t\t\t\t\t\t\t\t<div class=\"flex flex-col w-full\">\n\t\t\t\t\t\t\t\t\t\t\t\t\t\t\t\t\t\t\t\t\t\t\t\t<h4 class=\"text-darkGreen mobile:text-[18px]\">Die G\u00e4rten<\/h4>\n\t\t\t\t\t\t\t\t\t\t\t<\/div>\n\t\t\t\t\t\t\t\t\t\t\t<p class=\"text-blackish\">Die G\u00e4rten in Astrid Lindgrens N\u00e4s sind ein Gartenpark, der von Astrid Lindgrens Leben und Werk inspiriert wurde.  <\/p>\n\t\t\t\t\t\t\t\t\t\t<\/div>\n\t\t\t\t\t\t\t\t\t<\/a>\n\t\t\t\t\t\t\t\t\t\t\t\t\t\t\t<\/div>\n\t\t\t\t\t\t\t\t\t\t\t\t\t<div class=\"swiper-slide\">\n\t\t\t\t\t\t\t\t\n\t\t\t\t\t\t\t\t\t<a href=\"https:\/\/astridlindgrensnas.se\/de\/information\/gruppenbesuch\/\" class=\"relative flex flex-col items-center justify-between group max-h-[40rem]\">\n\t\t\t\t\t\t\t\t\t\t<div class=\"mb-5 overflow-hidden rounded-lg\">\n\t\t\t\t\t\t\t\t\t\t\t<img decoding=\"async\" class=\"object-cover w-full transition-all duration-700 aspect-standing group-hover:scale-110\" src=\"https:\/\/astridlindgrensnas.se\/wp-content\/uploads\/2025\/04\/y3a9918-forbattrat-br.jpg\" alt=\"\">\n\t\t\t\t\t\t\t\t\t\t<\/div>\n\t\t\t\t\t\t\t\t\t\t<div class=\"absolute bottom-0 flex flex-col gap-3 p-5 mx-4 rounded-lg bg-whiteish sm-shadow mobile:px-4 w-[90%]\">\n\t\t\t\t\t\t\t\t\t\t\t<div class=\"flex flex-col w-full\">\n\t\t\t\t\t\t\t\t\t\t\t\t\t\t\t\t\t\t\t\t\t\t\t\t<h4 class=\"text-darkGreen mobile:text-[18px]\">Gruppenbesuch<\/h4>\n\t\t\t\t\t\t\t\t\t\t\t<\/div>\n\t\t\t\t\t\t\t\t\t\t\t<p class=\"text-blackish\">Unser Angebot besteht, je nach Interesse und Zeit, aus unterschiedlichen Programmen.<\/p>\n\t\t\t\t\t\t\t\t\t\t<\/div>\n\t\t\t\t\t\t\t\t\t<\/a>\n\t\t\t\t\t\t\t\t\t\t\t\t\t\t\t<\/div>\n\t\t\t\t\t\t\t\t\t\t\t\t\t<div class=\"swiper-slide\">\n\t\t\t\t\t\t\t\t\n\t\t\t\t\t\t\t\t\t<a href=\"https:\/\/astridlindgrensnas.se\/de\/information\/eintrittskarten-und-preise\/\" class=\"relative flex flex-col items-center justify-between group max-h-[40rem]\">\n\t\t\t\t\t\t\t\t\t\t<div class=\"mb-5 overflow-hidden rounded-lg\">\n\t\t\t\t\t\t\t\t\t\t\t<img decoding=\"async\" class=\"object-cover w-full transition-all duration-700 aspect-standing group-hover:scale-110\" src=\"https:\/\/astridlindgrensnas.se\/wp-content\/uploads\/2025\/01\/bokhyllan.png\" alt=\"\">\n\t\t\t\t\t\t\t\t\t\t<\/div>\n\t\t\t\t\t\t\t\t\t\t<div class=\"absolute bottom-0 flex flex-col gap-3 p-5 mx-4 rounded-lg bg-whiteish sm-shadow mobile:px-4 w-[90%]\">\n\t\t\t\t\t\t\t\t\t\t\t<div class=\"flex flex-col w-full\">\n\t\t\t\t\t\t\t\t\t\t\t\t\t\t\t\t\t\t\t\t\t\t\t\t<h4 class=\"text-darkGreen mobile:text-[18px]\">Eintrittskarten und Preise<\/h4>\n\t\t\t\t\t\t\t\t\t\t\t<\/div>\n\t\t\t\t\t\t\t\t\t\t\t<p class=\"text-blackish\">Je nachdem, was Sie bei uns erleben m\u00f6chten, bieten wir unterschiedliche Eintrittskarten an.<\/p>\n\t\t\t\t\t\t\t\t\t\t<\/div>\n\t\t\t\t\t\t\t\t\t<\/a>\n\t\t\t\t\t\t\t\t\t\t\t\t\t\t\t<\/div>\n\t\t\t\t\t\t\t\t\t\t\t\t\t\t\t<\/div>\n\t\t\t<\/div>\n\t\t\t<div class=\"!w-1\/2 !m-auto swiper-scrollbar !mt-4 utstallningar-scrollbar\"><\/div>\n\t\t<\/div>\n\t<\/div>","protected":false},"excerpt":{"rendered":"","protected":false},"author":2,"featured_media":0,"parent":0,"menu_order":0,"comment_status":"closed","ping_status":"closed","template":"","meta":{"_acf_changed":false,"footnotes":""},"class_list":["post-4867","page","type-page","status-publish","hentry"],"acf":[],"_links":{"self":[{"href":"https:\/\/astridlindgrensnas.se\/de\/wp-json\/wp\/v2\/pages\/4867","targetHints":{"allow":["GET"]}}],"collection":[{"href":"https:\/\/astridlindgrensnas.se\/de\/wp-json\/wp\/v2\/pages"}],"about":[{"href":"https:\/\/astridlindgrensnas.se\/de\/wp-json\/wp\/v2\/types\/page"}],"author":[{"embeddable":true,"href":"https:\/\/astridlindgrensnas.se\/de\/wp-json\/wp\/v2\/users\/2"}],"replies":[{"embeddable":true,"href":"https:\/\/astridlindgrensnas.se\/de\/wp-json\/wp\/v2\/comments?post=4867"}],"version-history":[{"count":9,"href":"https:\/\/astridlindgrensnas.se\/de\/wp-json\/wp\/v2\/pages\/4867\/revisions"}],"predecessor-version":[{"id":124803,"href":"https:\/\/astridlindgrensnas.se\/de\/wp-json\/wp\/v2\/pages\/4867\/revisions\/124803"}],"wp:attachment":[{"href":"https:\/\/astridlindgrensnas.se\/de\/wp-json\/wp\/v2\/media?parent=4867"}],"curies":[{"name":"wp","href":"https:\/\/api.w.org\/{rel}","templated":true}]}}