{"id":4911,"date":"2025-02-04T09:39:46","date_gmt":"2025-02-04T08:39:46","guid":{"rendered":"https:\/\/astridlindgrensnas.se\/ueber-astrid-lindgren\/"},"modified":"2025-04-14T15:54:41","modified_gmt":"2025-04-14T13:54:41","slug":"ueber-astrid-lindgren","status":"publish","type":"page","link":"https:\/\/astridlindgrensnas.se\/de\/ueber-astrid-lindgren\/","title":{"rendered":"\u00dcber Astrid Lindgren"},"content":{"rendered":"\n<div class=\"relative flex flex-col items-center  w-full justify-center \">\n\t\t<div class=\"w-full h-[60vh] min-h-[500px] tablet:max-h-[700px] bg-gradient-to-t opacity-60 from-blackish absolute bottom-0\">\n\n\t<\/div>\n\t\t\t\t<img decoding=\"async\" class=\"top-0 object-cover w-full h-[60vh] min-h-[700px] mobile:min-h-[540px] desktop:max-h-[650px] tablet:max-h-[700px]\" src=\"https:\/\/astridlindgrensnas.se\/wp-content\/uploads\/2025\/02\/astrid-lindgren.jpg\" alt=\"\">\n\t\t<div class=\"w-full m-auto text-center absolute bottom-[80px]\">\n\t\t<h1 class=\"text-whiteish\">\u00dcber Astrid Lindgren<\/h1>\n\t<\/div>\n<\/div>\n<div class=\"flex items-center justify-center w-full px-4 py-7\">\n\t<div data-aos=\" \" data-aos-duration=\"\" class=\"flex flex-col items-center w-full gap-5 m-auto text-center inner-contain\">\n\t\t\t\t\t\t\t<p class=\"-large text-darkGreen\">Das Werk von Astrid Lindgren ist einzigartig und bedeutungsvoll. Sie hat f\u00fcr die Rechte der Kinder, f\u00fcr Gleichberechtigung und f\u00fcr die Rechte der Tiere gek\u00e4mpft. Sie hat sich f\u00fcr ihre Ansichten sowohl mit Zivilcourage und Ernsthaftigkeit, als auch mit Humor und Liebe eingesetzt. Weltweiten Ruhm erlangte Astrid Lindgren jedoch als Kinderbuchautorin.<br \/>\r\n<\/p>\n\t\t\t\t\t<\/div>\n<\/div>\n<div class=\"w-full\">\n\t<div class=\"flex flex-col w-full m-auto py-7 gap-7 inner-contain\">\n\t\t\t\t\t\t\t\t\t<div data-aos=\"\" data-aos-duration=\"\" class=\"flex relative items-center justify-between w-full m-auto tablet:w-3\/4 tablet-sm:w-full tablet:flex-col-reverse desktop-sm:px-4 gap-7 \">\n\t\t\t\t\t<div class=\"flex flex-col items-start justify-center w-full gap-5 max-w-[40%] tablet:max-w-full\">\n\t\t\t\t\t\t<h3 class=\"-demi text-darkGreen\">Der Ursprung einer Erz\u00e4hlung<\/h3>\n\t\t\t\t\t\t\t\t\t\t\t\t\t<p class=\"text-black text-[20px]\">Astrid Anna Emilia Lindgren wurde am 14. November 1907 auf dem Bauernhof N\u00e4s, am Rande der Kleinstadt Vimmerby, geboren. Astrid war die zweit\u00e4lteste von vier Geschwistern. Sie und ihre Geschwister waren, zusammen mit den Kindern des Kuhbauern und den Kindern vom Pfarrhof nebenan, in Wirklichkeit die Kinder aus Bullerb\u00fc. Die Erz\u00e4hlungen \u00fcber ihre Spiele haben sich inzwischen \u00fcber die ganze Welt verbreitet.<\/p>\n\t\t\t\t\t\t\t\t\t\t\t\t\t\t\t\t\t<\/div>\n\t\t\t\t\t\t\t\t\t\t\t\t\t\t\t\t\t\t<div class=\"flex items-center justify-center w-full\">\n\t\t\t\t\t\t\t\t<img decoding=\"async\" class=\"object-cover w-full h-[30rem] mobile-sm:h-[16rem] mobile:h-[18rem] rounded-lg\" src=\"https:\/\/astridlindgrensnas.se\/wp-content\/uploads\/2025\/03\/front.jpg\" alt=\"\">\n\t\t\t\t\t\t\t<\/div>\n\t\t\t\t\t\t\t\t\t\t\t\n\n\t\t\t\t<\/div>\n\t\t\t\t\t\t\t<div data-aos=\"\" data-aos-duration=\"\" class=\"flex relative items-center justify-between w-full m-auto tablet:w-3\/4 tablet-sm:w-full tablet:flex-col-reverse desktop-sm:px-4 gap-7 flex-row-reverse\">\n\t\t\t\t\t<div class=\"flex flex-col items-start justify-center w-full gap-5 max-w-[40%] tablet:max-w-full\">\n\t\t\t\t\t\t<h3 class=\"-demi text-darkGreen\">Aus Vimmerby nach Stockholm<\/h3>\n\t\t\t\t\t\t\t\t\t\t\t\t\t<p class=\"text-black text-[20px]\">Astrid Lindgren ist in Vimmerby zur Schule gegangen und daher entspringen ihre Welten sowohl der l\u00e4ndlichen Umgebung als auch der Kleinstadt. Bereits in jungen Jahren zog sie nach Stockholm. Und so kam es, dass schlie\u00dflich ein gewisser Karlsson durch Vasastan, wo Astrid selbst lebte, flog und ein einsamer Junge namens Bo Wilhelm Olsson auf einer Bank im Tegn\u00e9rlunden, an der sie jeden Tag auf dem Weg zur Arbeit vorbeikam, sa\u00df und tr\u00e4umte.<\/p>\n\t\t\t\t\t\t\t\t\t\t\t\t\t\t\t\t\t<\/div>\n\t\t\t\t\t\t\t\t\t\t\t\t\t\t\t\t\t\t<div class=\"flex items-center justify-center w-full\">\n\t\t\t\t\t\t\t\t<img decoding=\"async\" class=\"object-cover w-full h-[30rem] mobile-sm:h-[16rem] mobile:h-[18rem] rounded-lg\" src=\"https:\/\/astridlindgrensnas.se\/wp-content\/uploads\/2025\/03\/boktraven-i-liggande-format.jpg\" alt=\"\">\n\t\t\t\t\t\t\t<\/div>\n\t\t\t\t\t\t\t\t\t\t\t\n\n\t\t\t\t<\/div>\n\t\t\t\t\t\t<\/div>\n<\/div><div id=\"om-astrid\" class=\"flex flex-col w-full m-auto py-7 fp-image-contain \">\n\t\t\t<div class=\"relative w-full min-h-[988px] mb-[-64px] tablet:mb-[-128px] mobile:min-h-[640px] m-auto flex align-center justify-start flex-col fp-image-contain\">\n\t\t\t\t\t\t\t<img decoding=\"async\" data-aos=\"\" data-aos-duration=\"\" class=\"object-cover w-full max-h-[860px] rounded-xl desktop-md:rounded-none min-h-[700px] mobile:min-h-[490px]\" src=\"https:\/\/astridlindgrensnas.se\/wp-content\/uploads\/2025\/03\/girl-with-astrid-from-the-exhibition-the-whole-worlds-astrid-lindgren-photo-jacob-forsell.jpg\" alt=\"\">\n\t\t\t\t\t\t<div class=\"absolute bottom-[64px] flex flex-col items-center w-full m-auto gap-7 mobile:px-4\">\n\t\t\t\t<div class=\"bg-whiteish lg-shadow p-[80px] mobile:p-4 flex flex-col tablet:w-[90%] mobile:w-full text-black text-center inner-contain rounded-lg w-full items-center\">\n\t\t\t\t\t<div class=\"flex flex-col max-w-[760px] gap-5 mobile:gap-3 items-center\">\n\t\t\t\t\t\t<div class=\"flex flex-col gap-2 text-center\">\n\t\t\t\t\t\t\t\t\t\t\t\t\t\t\t\t\t\t\t\t\t\t<h2 class=\"text-darkGreen mobile:text-[24px] uppercase -wilma\">Die Kraft der Fantasie<\/h2>\n\t\t\t\t\t\t\t\t\t\t\t\t\t<\/div>\n\t\t\t\t\t\t<p class=\"-medium text-trueBlack mobile:!text-[14px]\">Aber die Geschichten k\u00f6nnen sich \u00fcberall dort abspielen, wo es Kinder gibt, die lesen und an die Wunder der Fantasie glauben. Alle Kinder der Welt haben Zugang zum Land in der Ferne und zum Land der D\u00e4mmerung. <br \/>\r\n<br \/>\r\n<br \/>\r\n<\/p>\n\t\t\t\t\t\t\t\t\t\t\t<\/div>\n\t\t\t\t<\/div>\n\t\t\t<\/div>\n\t\t<\/div>\n\t\n<\/div>\n<div class=\"flex items-center justify-center w-full py-7\">\n\t<div data-aos=\"\" data-aos-duration=\"\" class=\"flex flex-col items-center justify-center w-full gap-4 px-6 m-auto text-center inner-contain mobile:px-4\">\n\t\t<h2 class=\"-italic text-[36px]  leading-[1.5] text-darkGreen text-center\">\n\t\t\t\u201eEin Kind, allein mit seinem Buch, schafft tief in den geheimen Kammern der Seele eigene Bilder, die alles andere \u00fcbertreffen. Solche Bilder sind f\u00fcr den Menschen notwendig. An dem Tag, da die Phantasie des Kindes keine Bilder mehr zu erschaffen vermag, wird die Menschheit arm. Alles Gro\u00dfe, das in der Welt vollbracht wurde, spielte sich zuerst in der Phantasie eines Menschen ab, und wie die Welt von morgen aussehen wird, h\u00e4ngt zum gro\u00dfen Teil vom Ma\u00df der Einbildungskraft jener ab, die heute lesen lernen. Darum brauchen Kinder B\u00fccher.\u201c <br \/>\r\n<br \/>\r\n\t\t<\/h2>\n\t\t<p class=\"text-[20px] text-darkGreen\">Aus Astrid Lindgrens Dankesrede zur der Verleihung des H.C. Andersen-Preises 1958<\/p>\n\t<\/div>\n<\/div>","protected":false},"excerpt":{"rendered":"","protected":false},"author":2,"featured_media":0,"parent":0,"menu_order":0,"comment_status":"closed","ping_status":"closed","template":"","meta":{"_acf_changed":false,"footnotes":""},"class_list":["post-4911","page","type-page","status-publish","hentry"],"acf":[],"_links":{"self":[{"href":"https:\/\/astridlindgrensnas.se\/de\/wp-json\/wp\/v2\/pages\/4911","targetHints":{"allow":["GET"]}}],"collection":[{"href":"https:\/\/astridlindgrensnas.se\/de\/wp-json\/wp\/v2\/pages"}],"about":[{"href":"https:\/\/astridlindgrensnas.se\/de\/wp-json\/wp\/v2\/types\/page"}],"author":[{"embeddable":true,"href":"https:\/\/astridlindgrensnas.se\/de\/wp-json\/wp\/v2\/users\/2"}],"replies":[{"embeddable":true,"href":"https:\/\/astridlindgrensnas.se\/de\/wp-json\/wp\/v2\/comments?post=4911"}],"version-history":[{"count":1,"href":"https:\/\/astridlindgrensnas.se\/de\/wp-json\/wp\/v2\/pages\/4911\/revisions"}],"predecessor-version":[{"id":4918,"href":"https:\/\/astridlindgrensnas.se\/de\/wp-json\/wp\/v2\/pages\/4911\/revisions\/4918"}],"wp:attachment":[{"href":"https:\/\/astridlindgrensnas.se\/de\/wp-json\/wp\/v2\/media?parent=4911"}],"curies":[{"name":"wp","href":"https:\/\/api.w.org\/{rel}","templated":true}]}}