{"id":5084,"date":"2025-01-30T08:29:54","date_gmt":"2025-01-30T07:29:54","guid":{"rendered":"https:\/\/astridlindgrensnas.se\/unterkunft\/"},"modified":"2025-07-04T09:59:46","modified_gmt":"2025-07-04T07:59:46","slug":"unterkunft","status":"publish","type":"page","link":"https:\/\/astridlindgrensnas.se\/de\/unterkunft\/","title":{"rendered":"Unterkunft"},"content":{"rendered":"\n<div class=\"relative flex flex-col items-center  w-full  max-h-[960px] mb-[128px] mobile:mb-[-128px] min-h-[700px] justify-start mobile:h-full mobile:max-h-none \">\n\t\t\t\t\t\t\t<img decoding=\"async\" class=\"top-0 object-cover w-full h-full  max-h-[746px] desktop:max-h-[650px] min-h-[700px] mobile:min-h-[540px] mobile:hidden\" src=\"https:\/\/astridlindgrensnas.se\/wp-content\/uploads\/2025\/01\/boende-ute-5-3200x1440px-scaled.jpg\" alt=\"\">\n\t<img decoding=\"async\" class=\"top-0 object-cover w-full h-full min-h-[700px] mobile:min-h-[540px] hidden mobile:block\" src=\"https:\/\/astridlindgrensnas.se\/wp-content\/uploads\/2025\/01\/boende-ute-5-810x1440-1.jpg\" alt=\"\">\n\t\t\t\t\t\t\t<div class=\"absolute bottom-[-128px] z-10 flex flex-col items-center w-full mobile:bottom-[128px] mobile:relative inner-contain gap-7 desktop-sm:px-4 mobile-sm:px-2\">\n\t\t\t\t<div class=\"bg-whiteish p-[36px] mobile-sm:px-4 mobile-sm:py-[36px] flex flex-col items-center gap-4 mobile:gap-4 text-black text-center rounded-lg lg-shadow w-full\">\n\t\t\t\t\t<div class=\"flex flex-col items-center justify-start gap-1\">\n\n\t\t\t\t\t\t<h1 class=\"text-darkGreen -hero\">\u00dcbernachten Sie in der N\u00e4he von Astrid Lindgrens N\u00e4s<\/h1>\n\t\t\t\t\t\t\t\t\t\t\t<\/div>\n\n\t\t\t\t\t<p class=\"-large text-darkGreen mobile:!text-[16px]\">In der N\u00e4he von Astrid Lindgrens N\u00e4s gibt es mehrere Unterkunftsm\u00f6glichkeiten. Nur einen kurzen Spaziergang entfernt liegt Oxg\u00e5rden mit Ferienwohnungen rund um Innenh\u00f6fe. Etwa einen Kilometer von N\u00e4s entfernt, gleich neben Astrid Lindgrens Welt, finden Sie die \u201eWinzige kleine Stadt\u201c mit einzigartigen H\u00e4uschen und H\u00e4usern sowie Standardh\u00e4usern an einer Waldlichtung. F\u00fcr alle, die mit dem Wohnmobil oder Wohnwagen anreisen, stehen zudem komfortable Stellpl\u00e4tze in der N\u00e4he des Haupteingangs des Parks zur Verf\u00fcgung.<\/p>\n\t\t\t\t\t\t\t\t\t\t\t\t\t\t<\/div>\n\t\t\t<\/div>\n\t\t\t<\/div>\n\n<div id=\"ferienhauser-und-hauschen\" class=\"flex flex-col w-full m-auto py-7 fp-image-contain mb-[-64px]\">\n\t\t\t\t\t\t<img decoding=\"async\" data-aos=\"\" data-aos-duration=\"\" class=\"top-0 object-cover w-full max-h-[900px] min-h-[600px] rounded-xl desktop-md:rounded-none\" src=\"https:\/\/astridlindgrensnas.se\/wp-content\/uploads\/2025\/01\/den-lilla-staden-scaled.jpg\" alt=\"\">\n\t\t\t\t<div class=\"flex\">\n\t\t\t<div class=\"flex justify-end w-full relative top-[-128px] !mb-[-128px] z-10 ml-8 tablet:w-[90%] tablet:m-auto\">\n\t\t\t\t<div class=\"flex flex-col items-start max-w-[50%] tablet:items-center bg-whiteish p-6 tablet:px-4 mr-8 rounded-lg gap-5 tablet:max-w-none mobile:w-full tablet:mr-0 lg-shadow\">\n\t\t\t\t\t\t\t\t\t\t\t<h3 class=\"text-darkGreen -wilma mobile:text-center\">H\u00e4user und H\u00e4uschen in der \u201eWinzigen kleinen Stadt\u201c<\/h3>\n\t\t\t\t\t\t\t\t\t\t<p class=\"text-blackish tablet:text-center\">In der \u201eWinzigen kleinen Stadt\u201c, gleich neben Astrid Lindgrens Welt, wohnen Sie komfortabel in charmanten H\u00e4usern, die vom fr\u00fchen 20. Jahrhundert in Vimmerby inspiriert sind. Hier finden Sie einzigartige Unterk\u00fcnfte f\u00fcr 6\u201313 Personen und am Waldrand liegt \u201eSkogsgl\u00e4ntan\u201c mit kleineren Standardh\u00e4usern. Alle Unterk\u00fcnfte verf\u00fcgen \u00fcber eine eigene K\u00fcche und ein eigenes Bad. Auf Wunsch k\u00f6nnen Sie Endreinigung, Bettw\u00e4sche und Mahlzeiten hinzubuchen.<\/p>\n\t\t\t\t\t\t\t\t\t\t\t<a class=\"btn group w-fit\" href=\"https:\/\/astridlindgrensvarld.se\/boende\/bo\/den-lilla-staden\/\" target=\"_blank\">\n\t\t\t\t\t\t\t<div class=\"flex items-center gap-5\">\n\t\t\t\t\t\t\t\t<p class=\"-button\">Mehr erfahren und buchen<\/p>\n\t\t\t\t\t\t\t<\/div>\n\t\t\t\t\t\t<\/a>\n\t\t\t\t\t\t\t\t\t<\/div>\n\t\t\t<\/div>\n\t\t<\/div>\n\t\n<\/div>\n\n<div id=\"ferienwohnungen\" class=\"flex flex-col w-full m-auto py-7 fp-image-contain mb-[-64px]\">\n\t\t\t\t\t\t<img decoding=\"async\" data-aos=\"\" data-aos-duration=\"\" class=\"top-0 object-cover w-full max-h-[900px] min-h-[600px] rounded-xl desktop-md:rounded-none\" src=\"https:\/\/astridlindgrensnas.se\/wp-content\/uploads\/2025\/01\/oxgarden-hero2-2-scaled.jpg\" alt=\"\">\n\t\t\t\t<div class=\"flex\">\n\t\t\t<div class=\"flex  w-full relative top-[-128px] !mb-[-128px] z-10 ml-8 tablet:w-[90%] tablet:m-auto\">\n\t\t\t\t<div class=\"flex flex-col items-start max-w-[50%] tablet:items-center bg-whiteish p-6 tablet:px-4 mr-8 rounded-lg gap-5 tablet:max-w-none mobile:w-full tablet:mr-0 lg-shadow\">\n\t\t\t\t\t\t\t\t\t\t\t<h3 class=\"text-darkGreen -wilma mobile:text-center\">Wohnungen im Oxg\u00e5rden<\/h3>\n\t\t\t\t\t\t\t\t\t\t<p class=\"text-blackish tablet:text-center\">Nur 400 Meter von Astrid Lindgrens N\u00e4s und 700 Meter von Astrid Lindgrens Welt entfernt liegt die G\u00e4steunterkunft Oxg\u00e5rden mit Ferienwohnungen f\u00fcr kleine und gro\u00dfe Gesellschaften. Hier wohnen Sie als Selbstversorger in einer unserer voll ausgestatteten Ferienwohnungen, ideal f\u00fcr 4\u201312 Personen. Oxg\u00e5rden ist ein kleinerer Komplex mit drei verschiedenen Wohnungstypen \u2013 Linden, Bj\u00f6rken und Aspen \u2013 die alle Zugang zu einem gemeinsamen, gr\u00fcnen Innenhof haben.<br \/>\r\n<br \/>\r\n<\/p>\n\t\t\t\t\t\t\t\t\t\t\t<a class=\"btn group w-fit\" href=\"https:\/\/astridlindgrensvarld.se\/boende\/bo\/lagenheter\/\" target=\"_blank\">\n\t\t\t\t\t\t\t<div class=\"flex items-center gap-5\">\n\t\t\t\t\t\t\t\t<p class=\"-button\">Mehr erfahren und buchen<\/p>\n\t\t\t\t\t\t\t<\/div>\n\t\t\t\t\t\t<\/a>\n\t\t\t\t\t\t\t\t\t<\/div>\n\t\t\t<\/div>\n\t\t<\/div>\n\t\n<\/div>\n\n<div id=\"stellplatze\" class=\"flex flex-col w-full m-auto py-7 fp-image-contain mb-[-64px]\">\n\t\t\t\t\t\t<img decoding=\"async\" data-aos=\"\" data-aos-duration=\"\" class=\"top-0 object-cover w-full max-h-[900px] min-h-[600px] rounded-xl desktop-md:rounded-none\" src=\"https:\/\/astridlindgrensnas.se\/wp-content\/uploads\/2025\/01\/stallplats1.png\" alt=\"\">\n\t\t\t\t<div class=\"flex\">\n\t\t\t<div class=\"flex justify-end w-full relative top-[-128px] !mb-[-128px] z-10 ml-8 tablet:w-[90%] tablet:m-auto\">\n\t\t\t\t<div class=\"flex flex-col items-start max-w-[50%] tablet:items-center bg-whiteish p-6 tablet:px-4 mr-8 rounded-lg gap-5 tablet:max-w-none mobile:w-full tablet:mr-0 lg-shadow\">\n\t\t\t\t\t\t\t\t\t\t\t<h3 class=\"text-darkGreen -wilma mobile:text-center\">Stellplatz f\u00fcr Wohnwagen und Wohnmobil<\/h3>\n\t\t\t\t\t\t\t\t\t\t<p class=\"text-blackish tablet:text-center\">Nur einen Kilometer von Astrid Lindgrens N\u00e4s entfernt befindet sich unser Campingplatz f\u00fcr alle, die mit Wohnmobil oder Wohnwagen anreisen (bitte beachten Sie, dass Zelte und Vorzelte nicht gestattet sind). Hier werden gro\u00dfz\u00fcgige Stellpl\u00e4tze mit Stromanschluss angeboten und alles ist inklusive \u2013 Strom, WLAN, Zugang zum Sanit\u00e4rgeb\u00e4ude und die M\u00f6glichkeit zum Entleeren und Auff\u00fcllen. Das Stellplatzgel\u00e4nde befindet sich neben Astrid Lindgrens Welt und in der N\u00e4he des Zentrums von Vimmerby.<\/p>\n\t\t\t\t\t\t\t\t\t\t\t<a class=\"btn group w-fit\" href=\"https:\/\/astridlindgrensvarld.se\/de\/unterkunft\/bleiben\/stellplatz\/\" target=\"\">\n\t\t\t\t\t\t\t<div class=\"flex items-center gap-5\">\n\t\t\t\t\t\t\t\t<p class=\"-button\">Mehr erfahren und buchen<\/p>\n\t\t\t\t\t\t\t<\/div>\n\t\t\t\t\t\t<\/a>\n\t\t\t\t\t\t\t\t\t<\/div>\n\t\t\t<\/div>\n\t\t<\/div>\n\t\n<\/div>","protected":false},"excerpt":{"rendered":"","protected":false},"author":2,"featured_media":0,"parent":0,"menu_order":0,"comment_status":"closed","ping_status":"closed","template":"","meta":{"_acf_changed":false,"footnotes":""},"class_list":["post-5084","page","type-page","status-publish","hentry"],"acf":[],"_links":{"self":[{"href":"https:\/\/astridlindgrensnas.se\/de\/wp-json\/wp\/v2\/pages\/5084","targetHints":{"allow":["GET"]}}],"collection":[{"href":"https:\/\/astridlindgrensnas.se\/de\/wp-json\/wp\/v2\/pages"}],"about":[{"href":"https:\/\/astridlindgrensnas.se\/de\/wp-json\/wp\/v2\/types\/page"}],"author":[{"embeddable":true,"href":"https:\/\/astridlindgrensnas.se\/de\/wp-json\/wp\/v2\/users\/2"}],"replies":[{"embeddable":true,"href":"https:\/\/astridlindgrensnas.se\/de\/wp-json\/wp\/v2\/comments?post=5084"}],"version-history":[{"count":2,"href":"https:\/\/astridlindgrensnas.se\/de\/wp-json\/wp\/v2\/pages\/5084\/revisions"}],"predecessor-version":[{"id":5904,"href":"https:\/\/astridlindgrensnas.se\/de\/wp-json\/wp\/v2\/pages\/5084\/revisions\/5904"}],"wp:attachment":[{"href":"https:\/\/astridlindgrensnas.se\/de\/wp-json\/wp\/v2\/media?parent=5084"}],"curies":[{"name":"wp","href":"https:\/\/api.w.org\/{rel}","templated":true}]}}