{"id":5583,"date":"2025-02-28T14:03:36","date_gmt":"2025-02-28T13:03:36","guid":{"rendered":"https:\/\/astridlindgrensnas.se\/die-stiftung\/"},"modified":"2025-04-23T15:33:33","modified_gmt":"2025-04-23T13:33:33","slug":"die-stiftung","status":"publish","type":"page","link":"https:\/\/astridlindgrensnas.se\/de\/die-stiftung\/","title":{"rendered":"Die Stiftung"},"content":{"rendered":"\n<div class=\"flex items-center justify-center w-full px-4 pt-[170px] pb-7\">\n\t<div data-aos=\" \" data-aos-duration=\"\" class=\"flex flex-col items-center w-full gap-5 m-auto text-center inner-contain\">\n\t\t\t\t\t<h2 class=\"text-darkGreen\">Die Stiftung zum Erhalt des Werks von Astrid Lindgren<\/h2>\n\t\t\t\t\t\t\t<p class=\"-large text-darkGreen\">Die Stiftung wurde 1996 von der Gemeinde Vimmerby und dem Themenpark Astrid Lindgrens Welt im Vorfeld des 90. Geburtstags von Astrid Lindgren gegr\u00fcndet. Ziel war es, eine Ausstellung zusammenzustellen, die das Leben der meistgelesenen und beliebtesten Schriftstellerin Schwedens und ihre Bedeutung in verschiedenen Bereichen darstellt. Der erste Name in dem ver\u00f6ffentlichten Aufruf war Kronprinzessin Victoria, und zusammen mit ihr stand dort eine lange Reihe von Vertretern aus allen Teilen der schwedischen Gesellschaft.<\/p>\n\t\t\t\t\t\t\t<a class=\"btn\" href=\"https:\/\/astridlindgrensnas.se\/stiftelsen-historia\/\" target=\"\">\n\t\t\t\t<p class=\"-button\">\n\t\t\t\t\tMehr \u00fcber die Geschichte der Stiftung erfahren\t\t\t\t<\/p>\n\t\t\t<\/a>\n\t\t\t<\/div>\n<\/div><div data-aos=\"\" data-aos-duration=\"\" class=\"flex flex-col items-start justify-center w-full mb-[-64px] tablet-lg:px-0 tablet-lg:mb-0 py-7\">\n\t<div class=\"relative z-0 items-center w-full m-auto inner-contain tablet-lg:max-w-none tablet-lg:px-0 tablet-lg:gap-4\">\n\t\t\t\t\t<div data-sliderid=\"stiftelsen\" class=\"tablet-lg:px-4 mb-4 w-full rounded-lg tablet-lg:rounded-none justify-start flex overflow-hidden stiftelsen tablet:mb-2 image-slider\">\n\t\t\t\t<div class=\"flex justify-center mobile:gap-0 swiper-wrapper tablet-lg:justify-start\">\n\t\t\t\t\t\t\t\t\t\t\t<img decoding=\"async\" src=\"https:\/\/astridlindgrensnas.se\/wp-content\/uploads\/2025\/03\/150812-34.jpg\" alt=\"\" class=\"object-cover w-full rounded-lg mobile:max-w-full tablet-lg:mx-0 aspect-square swiper-slide\" \/>\n\t\t\t\t\t\t\t\t\t\t\t<img decoding=\"async\" src=\"https:\/\/astridlindgrensnas.se\/wp-content\/uploads\/2025\/04\/nas-ny-logo-varbild.jpg\" alt=\"\" class=\"object-cover w-full rounded-lg mobile:max-w-full tablet-lg:mx-0 aspect-square swiper-slide\" \/>\n\t\t\t\t\t\t\t\t\t\t\t<img decoding=\"async\" src=\"https:\/\/astridlindgrensnas.se\/wp-content\/uploads\/2025\/04\/y3a9918-forbattrat-br.jpg\" alt=\"\" class=\"object-cover w-full rounded-lg mobile:max-w-full tablet-lg:mx-0 aspect-square swiper-slide\" \/>\n\t\t\t\t\t\t\t\t\t<\/div>\n\t\t\t<\/div>\n\t\t\t<div class=\"!w-1\/2 !m-auto swiper-scrollbar stiftelsen-scrollbar\"><\/div>\n\t\t\t\t\t<\/div>\n<\/div>\n<div class=\"flex items-center justify-center w-full px-4 py-7\">\n\t<div data-aos=\" \" data-aos-duration=\"\" class=\"flex flex-col items-center w-full gap-5 m-auto text-center inner-contain\">\n\t\t\t\t\t\t\t<p class=\"-large text-darkGreen\"> Mit Unterst\u00fctzung einer breiten \u00d6ffentlichkeit, von Unternehmen und Organisationen sowie bedeutenden Zuwendungen aus den Fond f\u00fcr regionale Entwicklung der EU und der schwedischen Regierung \u2013 die eine Summe spendete, die genau dem Literaturnobelpreis des damaligen Jahres entsprach \u2013 konnte das Projekt verwirklicht werden.<\/p>\n\t\t\t\t\t<\/div>\n<\/div><div data-aos=\"\" data-aos-duration=\"\" class=\"flex flex-col items-start justify-center w-full mb-[-64px] tablet-lg:px-0 tablet-lg:mb-0 py-7\">\n\t<div class=\"relative z-0 items-center w-full m-auto inner-contain tablet-lg:max-w-none tablet-lg:px-0 tablet-lg:gap-4\">\n\t\t\t\t\t<div data-sliderid=\"AL-garden\" class=\"tablet-lg:px-4 mb-4 w-full rounded-lg tablet-lg:rounded-none justify-start flex overflow-hidden AL-garden tablet:mb-2 image-slider\">\n\t\t\t\t<div class=\"flex justify-center mobile:gap-0 swiper-wrapper tablet-lg:justify-start\">\n\t\t\t\t\t\t\t\t\t\t\t<img decoding=\"async\" src=\"https:\/\/astridlindgrensnas.se\/wp-content\/uploads\/2025\/04\/al-garden-2.jpg\" alt=\"\" class=\"object-cover w-full rounded-lg mobile:max-w-full tablet-lg:mx-0 aspect-square swiper-slide\" \/>\n\t\t\t\t\t\t\t\t\t\t\t<img decoding=\"async\" src=\"https:\/\/astridlindgrensnas.se\/wp-content\/uploads\/2025\/04\/al-garden-utstallning1.png\" alt=\"\" class=\"object-cover w-full rounded-lg mobile:max-w-full tablet-lg:mx-0 aspect-square swiper-slide\" \/>\n\t\t\t\t\t\t\t\t\t\t\t<img decoding=\"async\" src=\"https:\/\/astridlindgrensnas.se\/wp-content\/uploads\/2025\/04\/al-garden-utstallning2.jpg\" alt=\"\" class=\"object-cover w-full rounded-lg mobile:max-w-full tablet-lg:mx-0 aspect-square swiper-slide\" \/>\n\t\t\t\t\t\t\t\t\t<\/div>\n\t\t\t<\/div>\n\t\t\t<div class=\"!w-1\/2 !m-auto swiper-scrollbar AL-garden-scrollbar\"><\/div>\n\t\t\t\t\t\t\t<div class=\"flex justify-end tablet-lg:justify-center w-full relative top-[-64px] z-10 tablet-lg:top-4 tablet-lg:px-4\">\n\t\t\t\t<div class=\"flex flex-col items-start max-w-[50%] bg-whiteish p-6 mr-8 rounded-lg gap-5 mobile:px-4 mobile:py-5 tablet-lg:max-w-[90%] mobile:max-w-none mobile:w-full tablet-lg:mr-0 lg-shadow\">\n\t\t\t\t\t<h3 class=\"text-darkGreen -demi\">Der Astrid Lindgren-Hof<\/h3>\n\t\t\t\t\t<p class=\"text-blackish text-[20px]\">Der Astrid-Lindgren-Hof wurde von der \u201eStiftung zum Erhalt des Werks von Astrid Lindgren\u201c gebaut. Am 14. November 1998 wurde der Astrid-Lindgren-Hof er\u00f6ffnet, in dem bis zum Fr\u00fchjahr 2007 eine Ausstellung zu sehen war, die Astrid Lindgrens Werk, ihre Erziehung und ihre Inspirationsquellen beleuchtete.<\/p>\n\t\t\t\t\t\t\t\t\t<\/div>\n\t\t\t<\/div>\n\t\t\t<\/div>\n<\/div>\n<div class=\"flex items-center justify-center w-full px-4 py-7\">\n\t<div data-aos=\" \" data-aos-duration=\"\" class=\"flex flex-col items-center w-full gap-5 m-auto text-center inner-contain\">\n\t\t\t\t\t<h2 class=\"text-darkGreen\">100. Jubil\u00e4um<\/h2>\n\t\t\t\t\t\t\t<p class=\"-large text-darkGreen\">2007, das Jahr, in dem Astrid Lindgren 100 Jahre geworden w\u00e4re, wurde sie auf der ganzen Welt gefeiert. Viele B\u00fccher \u00fcber sie und von ihr wurden ver\u00f6ffentlicht, in allen Teilen der Welt wurden Ausstellungen er\u00f6ffnet, im Radio und Fernsehen wurden Jubil\u00e4umssendungen ausgestrahlt, Briefmarken kamen heraus &#8211; Astrid Lindgren wurde auf alle erdenklichen Weisen gedacht.<\/p>\n\t\t\t\t\t<\/div>\n<\/div>\n<div class=\"w-full\">\n\t<div class=\"flex flex-col w-full m-auto py-7 gap-7 inner-contain\">\n\t\t\t\t\t\t\t\t\t<div data-aos=\"fade-up\" data-aos-duration=\"600\" class=\"flex relative items-center justify-between w-full m-auto tablet:w-3\/4 tablet-sm:w-full tablet:flex-col-reverse desktop-sm:px-4 gap-7 flex-row-reverse\">\n\t\t\t\t\t<div class=\"flex flex-col items-start justify-center w-full gap-5 max-w-[40%] tablet:max-w-full\">\n\t\t\t\t\t\t<h3 class=\"-demi text-darkGreen\">Astrid Lindgrens N\u00e4s<\/h3>\n\t\t\t\t\t\t\t\t\t\t\t\t\t<p class=\"text-black text-[20px]\">2007, in Zusammenhang mit dem 100. Jubil\u00e4um, wurde die gro\u00dfe Ausstellung \u00fcber das Leben und Werk von Astrid Lindgren in Astrid Lindgrens N\u00e4s er\u00f6ffnet. Der Ort, an dem Astrid Lindgren geboren und aufgewachsen ist. Am 12. Juni 2007 wurde das neue Kulturzentrum Astrid Lindgrens N\u00e4s von Kronprinzessin Victoria von Schweden eingeweiht. Kurz vor der Einweihung hat die Kronprinzessin einen neuen Baum gepflanzt, der nun im Pfarrhofpark direkt neben Pippis urspr\u00fcnglichem Limonadenbaum zu sehen ist. \r\n\r\n<\/p>\n\t\t\t\t\t\t\t\t\t\t\t\t\t\t\t\t\t<\/div>\n\t\t\t\t\t\t\t\t\t\t\t\t\t\t\t\t\t\t<div class=\"flex items-center justify-center w-full\">\n\t\t\t\t\t\t\t\t<img decoding=\"async\" class=\"object-cover w-full h-[30rem] mobile-sm:h-[16rem] mobile:h-[18rem] rounded-lg\" src=\"https:\/\/astridlindgrensnas.se\/wp-content\/uploads\/2025\/03\/vic-klipper-2.png\" alt=\"\">\n\t\t\t\t\t\t\t<\/div>\n\t\t\t\t\t\t\t\t\t\t\t\n\n\t\t\t\t<\/div>\n\t\t\t\t\t\t\t<div data-aos=\"fade-up\" data-aos-duration=\"600\" class=\"flex relative items-center justify-between w-full m-auto tablet:w-3\/4 tablet-sm:w-full tablet:flex-col-reverse desktop-sm:px-4 gap-7 \">\n\t\t\t\t\t<div class=\"flex flex-col items-start justify-center w-full gap-5 max-w-[40%] tablet:max-w-full\">\n\t\t\t\t\t\t<h3 class=\"-demi text-darkGreen\">Hela v\u00e4rldens Astrid Lindgren &#8211; Astrid Lindgren f\u00fcr die ganze Welt<\/h3>\n\t\t\t\t\t\t\t\t\t\t\t\t\t<p class=\"text-black text-[20px]\">Im neu errichteten Pavillon wurde eine neue Ausstellung \u00fcber das Leben und Werk von Astrid Lindgren er\u00f6ffnet. Die Ausstellung wurde im Auftrag der Stiftung zum Erhalt des Werks von Astrid Lindgren produziert und war anschlie\u00dfend bis Herbst 2022 zu sehen.<\/p>\n\t\t\t\t\t\t\t\t\t\t\t\t\t\t\t\t\t<\/div>\n\t\t\t\t\t\t\t\t\t\t\t\t\t\t\t\t\t\t<div class=\"flex items-center justify-center w-full\">\n\t\t\t\t\t\t\t\t<img decoding=\"async\" class=\"object-cover w-full h-[30rem] mobile-sm:h-[16rem] mobile:h-[18rem] rounded-lg\" src=\"https:\/\/astridlindgrensnas.se\/wp-content\/uploads\/2025\/03\/girl-with-astrid-from-the-exhibition-the-whole-worlds-astrid-lindgren-photo-jacob-forsell.jpg\" alt=\"\">\n\t\t\t\t\t\t\t<\/div>\n\t\t\t\t\t\t\t\t\t\t\t\n\n\t\t\t\t<\/div>\n\t\t\t\t\t\t<\/div>\n<\/div>\n<div class=\"w-full\">\n\t<div class=\"flex flex-col w-full m-auto py-7 gap-7 inner-contain\">\n\t\t\t\t\t\t\t\t\t<div data-aos=\"fade-up\" data-aos-duration=\"300\" class=\"flex relative items-center justify-between w-full m-auto tablet:w-3\/4 tablet-sm:w-full tablet:flex-col-reverse desktop-sm:px-4 gap-7 flex-row-reverse\">\n\t\t\t\t\t<div class=\"flex flex-col items-start justify-center w-full gap-5 max-w-[40%] tablet:max-w-full\">\n\t\t\t\t\t\t<h3 class=\"-demi text-darkGreen\">Astrid Lindgren und die Kraft des Erz\u00e4hlens<\/h3>\n\t\t\t\t\t\t\t\t\t\t\t\t\t<p class=\"text-black text-[20px]\">2023 war es an der Zeit, mit \u201eAstrid Lindgren und die Kraft des Erz\u00e4hlens\u201c eine v\u00f6llig neue permanente Ausstellung zu er\u00f6ffnen, die im Auftrag der Stiftung zum Erhalt des Werks von Astrid Lindgren produziert wurde.\r\nDie Stiftung ist nicht nur Eigent\u00fcmerin der Ausstellungsr\u00e4ume und der Ausstellung, sondern vergibt auch Stipendien an Menschen, die im Geiste von Astrid Lindgren kulturelle Beitr\u00e4ge leisten. \r\n<\/p>\n\t\t\t\t\t\t\t\t\t\t\t\t\t\t\t\t\t\t\t<a class=\"btn\" href=\"https:\/\/astridlindgrensnas.se\/utstallningar\/astrid-lindgren-och-sagans-kraft\/\" target=\"\">\n\t\t\t\t\t\t\t\t<p class=\"-button\">\n\t\t\t\t\t\t\t\t\tMehr \u00fcber die Ausstellung erfahren\t\t\t\t\t\t\t\t<\/p>\n\t\t\t\t\t\t\t<\/a>\n\t\t\t\t\t\t\t\t\t\t\t<\/div>\n\t\t\t\t\t\t\t\t\t\t\t\t\t\t\t\t\t\t<div class=\"flex items-center justify-center w-full\">\n\t\t\t\t\t\t\t\t<img decoding=\"async\" class=\"object-cover w-full h-[30rem] mobile-sm:h-[16rem] mobile:h-[18rem] rounded-lg\" src=\"https:\/\/astridlindgrensnas.se\/wp-content\/uploads\/2025\/02\/5y3a7577-scaled.jpg\" alt=\"\">\n\t\t\t\t\t\t\t<\/div>\n\t\t\t\t\t\t\t\t\t\t\t\n\n\t\t\t\t<\/div>\n\t\t\t\t\t\t\t<div data-aos=\"fade-up\" data-aos-duration=\"300\" class=\"flex relative items-center justify-between w-full m-auto tablet:w-3\/4 tablet-sm:w-full tablet:flex-col-reverse desktop-sm:px-4 gap-7 \">\n\t\t\t\t\t<div class=\"flex flex-col items-start justify-center w-full gap-5 max-w-[40%] tablet:max-w-full\">\n\t\t\t\t\t\t<h3 class=\"-demi text-darkGreen\">Das Salikon-Stipendium<\/h3>\n\t\t\t\t\t\t\t\t\t\t\t\t\t<p class=\"text-black text-[20px]\">Das Salikon-Stipendium wird von der Stiftung zum Erhalt des Werks von Astrid Lindgren vergeben. Das Stipendium wird an eine Person oder Organisation in Schweden vergeben, die sich durch ihre kreative T\u00e4tigkeit im Geiste von Astrid Lindgren f\u00fcr Kinder und Jugendliche einsetzt. Der Stipendiat oder die Stipendiatin wird vom Programmrat von Astrid Lindgren Vimmerby Aktiebolag ernannt. Die H\u00f6he des Stipendiums betr\u00e4gt 40 000 SEK.<\/p>\n\t\t\t\t\t\t\t\t\t\t\t\t\t\t\t\t\t\t\t<a class=\"btn\" href=\"https:\/\/astridlindgrensnas.se\/salikon-stipendiet\/\" target=\"\">\n\t\t\t\t\t\t\t\t<p class=\"-button\">\n\t\t\t\t\t\t\t\t\tMehr \u00fcber das Salikon-Stipendium erfahren\t\t\t\t\t\t\t\t<\/p>\n\t\t\t\t\t\t\t<\/a>\n\t\t\t\t\t\t\t\t\t\t\t<\/div>\n\t\t\t\t\t\t\t\t\t\t\t\t\t\t\t\t\t\t<div class=\"flex items-center justify-center w-full\">\n\t\t\t\t\t\t\t\t<img decoding=\"async\" class=\"object-cover w-full h-[30rem] mobile-sm:h-[16rem] mobile:h-[18rem] rounded-lg\" src=\"https:\/\/astridlindgrensnas.se\/wp-content\/uploads\/2025\/02\/y3a9580.jpg\" alt=\"\">\n\t\t\t\t\t\t\t<\/div>\n\t\t\t\t\t\t\t\t\t\t\t\n\n\t\t\t\t<\/div>\n\t\t\t\t\t\t<\/div>\n<\/div>\n<div class=\"flex items-center justify-center w-full py-7\">\n\t<div class=\"flex items-center justify-center w-full m-auto text-contain\">\n\t\t\t\t\t<a class=\"transition-colors duration-150 ease-in-out text-green group w-fit hover:text-darkGreen\" href=\"https:\/\/astridlindgrensnas.se\/om-astrid-lindgrens-nas\/\" target=\"\">\n\t\t\t\t<div class=\"flex items-center gap-3 mobile:gap-3\">\n\t\t\t\t\t<img decoding=\"async\" class=\"group-hover:translate-x-[-5px] pb-[.3rem] transition-transform duration-200 ease-in-out mobile:max-w-[3rem]\" src=\"\/wp-content\/themes\/astridlindgrensnas\/assets\/Arrow-back-aln.svg\" alt=\"\">\n\t\t\t\t\t<p class=\"font-semibold\">Zur\u00fcck zu \u00dcber Astrid Lindgrens N\u00e4s<\/p>\n\t\t\t\t<\/div>\n\t\t\t<\/a>\n\t\t\t<\/div>\n<\/div>","protected":false},"excerpt":{"rendered":"","protected":false},"author":2,"featured_media":0,"parent":0,"menu_order":0,"comment_status":"closed","ping_status":"closed","template":"","meta":{"_acf_changed":false,"footnotes":""},"class_list":["post-5583","page","type-page","status-publish","hentry"],"acf":[],"_links":{"self":[{"href":"https:\/\/astridlindgrensnas.se\/de\/wp-json\/wp\/v2\/pages\/5583","targetHints":{"allow":["GET"]}}],"collection":[{"href":"https:\/\/astridlindgrensnas.se\/de\/wp-json\/wp\/v2\/pages"}],"about":[{"href":"https:\/\/astridlindgrensnas.se\/de\/wp-json\/wp\/v2\/types\/page"}],"author":[{"embeddable":true,"href":"https:\/\/astridlindgrensnas.se\/de\/wp-json\/wp\/v2\/users\/2"}],"replies":[{"embeddable":true,"href":"https:\/\/astridlindgrensnas.se\/de\/wp-json\/wp\/v2\/comments?post=5583"}],"version-history":[{"count":1,"href":"https:\/\/astridlindgrensnas.se\/de\/wp-json\/wp\/v2\/pages\/5583\/revisions"}],"predecessor-version":[{"id":5585,"href":"https:\/\/astridlindgrensnas.se\/de\/wp-json\/wp\/v2\/pages\/5583\/revisions\/5585"}],"wp:attachment":[{"href":"https:\/\/astridlindgrensnas.se\/de\/wp-json\/wp\/v2\/media?parent=5583"}],"curies":[{"name":"wp","href":"https:\/\/api.w.org\/{rel}","templated":true}]}}