{"id":5586,"date":"2025-01-29T13:32:58","date_gmt":"2025-01-29T12:32:58","guid":{"rendered":"https:\/\/astridlindgrensnas.se\/oeffnungszeiten-und-kalender\/"},"modified":"2026-03-31T10:31:57","modified_gmt":"2026-03-31T08:31:57","slug":"oeffnungszeiten-und-kalender","status":"publish","type":"page","link":"https:\/\/astridlindgrensnas.se\/de\/oeffnungszeiten-und-kalender\/","title":{"rendered":"\u00d6ffnungszeiten und Kalender"},"content":{"rendered":"\n\t\n\n<div class=\"flex flex-col items-center justify-center w-full gap-5 px-8 pt-8 pb-7 desktop-sm:px-4 mobile:px-2\">\n\t<div class=\"flex flex-col items-center w-full m-auto gap-7 mobile:gap-6 inner-contain\">\n\t\t<div class=\"flex flex-col items-center justify-center w-full gap-5 px-4 mobile:px-0\">\n\t\t\t<h1 class=\"text-center text-green\">\u00d6ffnungszeiten und Kalender<\/h1>\n\t\t\t<div class=\"w-3\/4 text-center mobile:w-full tablet:w-3\/4\">\n\t\t\t\t<p class=\"text-trueBlack -large\">Bei einem Besuch in Astrid Lindgrens N\u00e4s gibt es viel zu entdecken. Nachfolgend finden Sie unsere \u00d6ffnungszeiten, die je nach Saison variieren k\u00f6nnen. Ab dem 1. Mai ist Astrid Lindgrens N\u00e4s von Freitag bis Sonntag ge\u00f6ffnet und vom 13. Mai bis zum 20. September t\u00e4glich.<br \/>\r\n<br \/>\r\nAu\u00dferdem veranstalten wir am letzten Novemberwochenende unseren traditionellen Weihnachtsmarkt.<\/p>\n\t\t\t\t\t\t\t\t\t\t<\/div>\n\t\t<\/div>\n\t\t<div class=\"flex flex-col items-center justify-start w-full gap-7 mobile:gap-5\">\n\t\t\t<div class=\"flex items-stretch justify-center w-full gap-6 px-4 mobile:px-0 tablet:flex-col tablet:max-w-[35rem] tablet:m-auto\">\n\t\t\t\t<div class=\"flex flex-col w-full rounded-md bg-whiteish sm-shadow\">\n\t\t\t\t\t<div id=\"calendar\" class=\"flex justify-center items-center w-full rounded-md bg-whiteish min-h-[20rem]\">\n\t\t\t\t\t\t<div id=\"loaderContainerCalendar\" class=\"flex items-center justify-center w-full h-full\">\n\t\t\t\t\t\t\t<img decoding=\"async\" class=\"w-[5rem]\" src=\"\/wp-content\/themes\/astridlindgrensnas\/assets\/loading.gif\" alt=\"Laden ...\" \/>\n\t\t\t\t\t\t<\/div>\n\t\t\t\t\t<\/div>\n\t\t\t\t<\/div>\n\t\t\t\t<div class=\"flex flex-col justify-between w-full gap-3 py-5 rounded-md px-7 mobile:p-4 bg-whiteish sm-shadow min-h-[20rem] tablet:min-h-0\">\n\t\t\t\t\t<div class=\"flex flex-col items-start h-full gap-3\">\n\n\t\t\t\t\t\t<h4 id=\"activeDate\" class=\"text-darkGreen\"><\/h4>\n\t\t\t\t\t\t<div id=\"loaderContainer\" class=\"flex items-center justify-center w-full h-full\">\n\t\t\t\t\t\t\t<img decoding=\"async\" class=\"w-[5rem]\" src=\"\/wp-content\/themes\/astridlindgrensnas\/assets\/loading.gif\" alt=\"Laden ...\" \/>\n\t\t\t\t\t\t<\/div>\n\t\t\t\t\t\t<div id=\"info-container\" class=\"flex-col justify-between hidden w-full h-full gap-3\">\n\t\t\t\t\t\t\t<div class=\"flex flex-col w-full gap-3\">\n\n\t\t\t\t\t\t\t\t<div class=\"flex items-center justify-start gap-7 mobile:gap-5\">\n\t\t\t\t\t\t\t\t\t<p id=\"openTitle\" class=\" text-darkGreen -button  min-w-[7rem]\">Ge\u00f6ffnet<\/p>\n\t\t\t\t\t\t\t\t\t<div class=\"flex items-center w-full gap-2\">\n\t\t\t\t\t\t\t\t\t\t<svg xmlns=\"http:\/\/www.w3.org\/2000\/svg\" xmlns:xlink=\"http:\/\/www.w3.org\/1999\/xlink\" width=\"24.727\" height=\"24.728\" viewBox=\"0 0 25 25\">\n\t\t\t\t\t\t\t\t\t\t\t<defs>\n\t\t\t\t\t\t\t\t\t\t\t\t<clipPath id=\"clip-path\">\n\t\t\t\t\t\t\t\t\t\t\t\t\t<rect id=\"Rectangle_771\" data-name=\"Rectangle 771\" width=\"24.727\" height=\"24.728\" fill=\"#2E4B0F\" \/>\n\t\t\t\t\t\t\t\t\t\t\t\t<\/clipPath>\n\t\t\t\t\t\t\t\t\t\t\t<\/defs>\n\t\t\t\t\t\t\t\t\t\t\t<g id=\"Group_619\" data-name=\"Group 619\" clip-path=\"url(#clip-path)\">\n\t\t\t\t\t\t\t\t\t\t\t\t<path id=\"Path_79\" data-name=\"Path 79\" d=\"M12.363,24.729A12.364,12.364,0,1,1,24.727,12.363,12.378,12.378,0,0,1,12.363,24.729m0-22.18a9.815,9.815,0,1,0,9.814,9.814,9.825,9.825,0,0,0-9.814-9.814\" transform=\"translate(0 0)\" fill=\"#2E4B0F\" \/>\n\t\t\t\t\t\t\t\t\t\t\t\t<path id=\"Path_80\" data-name=\"Path 80\" d=\"M16.85,17.145H8.116a1.229,1.229,0,1,1,0-2.458H14.39V7.206a1.23,1.23,0,0,1,2.461,0Z\" transform=\"translate(-2.605 -2.261)\" fill=\"#2E4B0F\" \/>\n\t\t\t\t\t\t\t\t\t\t\t<\/g>\n\t\t\t\t\t\t\t\t\t\t<\/svg>\n\t\t\t\t\t\t\t\t\t\t<div id=\"seasonHours\" class=\"leading-none -button text-darkGreen\"><\/div>\n\t\t\t\t\t\t\t\t\t\t<p id=\"closedMessage\" class=\"hidden -button text-darkGreen\">Wir haben an diesem Tag geschlossen.<\/p>\n\t\t\t\t\t\t\t\t\t<\/div>\n\t\t\t\t\t\t\t\t<\/div>\n\n\t\t\t\t\t\t\t\t<div id=\"specialInformationContainer\">\n\t\t\t\t\t\t\t\t\t<p id=\"specialInformationText\" class=\"text-darkGreen\"><\/p>\n\t\t\t\t\t\t\t\t<\/div>\n\t\t\t\t\t\t\t\t<div id=\"specialLinkContainer\">\n\t\t\t\t\t\t\t\t\t<a id=\"specialLinkURL\" href=\"#\" class=\"underline text-green\">\n\t\t\t\t\t\t\t\t\t\t<p id=\"specialLinkTitle\" class=\"font-bold\"><\/p>\n\t\t\t\t\t\t\t\t\t<\/a>\n\t\t\t\t\t\t\t\t<\/div>\n\t\t\t\t\t\t\t<\/div>\n\n\t\t\t\t\t\t\t<a id=\"calendar-cta\" href=\"\" class=\"btn tablet:w-full\" target=\"_blank\">\n\t\t\t\t\t\t\t\t<p class=\"-button tablet:text-center\">\n\t\t\t\t\t\t\t\t\tTickets kaufen\t\t\t\t\t\t\t\t<\/p>\n\t\t\t\t\t\t\t<\/a>\n\t\t\t\t\t\t<\/div>\n\n\n\t\t\t\t\t<\/div>\n\n\t\t\t\t<\/div>\n\t\t\t<\/div>\n\t\t<\/div>\n\t\t<div class=\"flex items-center justify-between w-full px-4 mobile:px-0 tablet:flex-col tablet:items-start tablet:gap-5\">\n\t\t\t<h4 class=\"text-darkGreen\">Programm<\/h4>\n\t\t<\/div>\n\t\t<div class=\"grid w-full h-full grid-cols-3 gap-5 m-auto calendar-grid tablet-sm:grid-cols-1 desktop-sm:grid-cols-2 desktop-sm:px-4 mobile:p-0\">\n\t\t<\/div>\n\t\t<div id=\"empty-message\" class=\"hidden w-full\">\n\t\t\t<div class=\"flex justify-center w-full m-auto contain\">\n\t\t\t\t<div class=\"p-4 px-7 bg-whiteish rounded-2xl h-[8rem] flex justify-center items-center\">\n\t\t\t\t\t<h4 class=\"text-center text-trueBlack\">Heute ist das Programm leider leer. Versuchen Sie es an einem anderen Tag!<\/h4>\n\t\t\t\t<\/div>\n\t\t\t<\/div>\n\t\t<\/div>\n\t<\/div>\n<\/div>\n<\/div>","protected":false},"excerpt":{"rendered":"","protected":false},"author":2,"featured_media":0,"parent":0,"menu_order":0,"comment_status":"closed","ping_status":"closed","template":"","meta":{"_acf_changed":false,"footnotes":""},"class_list":["post-5586","page","type-page","status-publish","hentry"],"acf":[],"_links":{"self":[{"href":"https:\/\/astridlindgrensnas.se\/de\/wp-json\/wp\/v2\/pages\/5586","targetHints":{"allow":["GET"]}}],"collection":[{"href":"https:\/\/astridlindgrensnas.se\/de\/wp-json\/wp\/v2\/pages"}],"about":[{"href":"https:\/\/astridlindgrensnas.se\/de\/wp-json\/wp\/v2\/types\/page"}],"author":[{"embeddable":true,"href":"https:\/\/astridlindgrensnas.se\/de\/wp-json\/wp\/v2\/users\/2"}],"replies":[{"embeddable":true,"href":"https:\/\/astridlindgrensnas.se\/de\/wp-json\/wp\/v2\/comments?post=5586"}],"version-history":[{"count":3,"href":"https:\/\/astridlindgrensnas.se\/de\/wp-json\/wp\/v2\/pages\/5586\/revisions"}],"predecessor-version":[{"id":124800,"href":"https:\/\/astridlindgrensnas.se\/de\/wp-json\/wp\/v2\/pages\/5586\/revisions\/124800"}],"wp:attachment":[{"href":"https:\/\/astridlindgrensnas.se\/de\/wp-json\/wp\/v2\/media?parent=5586"}],"curies":[{"name":"wp","href":"https:\/\/api.w.org\/{rel}","templated":true}]}}