{"id":5588,"date":"2025-04-10T15:52:09","date_gmt":"2025-04-10T13:52:09","guid":{"rendered":"https:\/\/astridlindgrensnas.se\/das-unternehmen\/"},"modified":"2025-04-23T15:33:33","modified_gmt":"2025-04-23T13:33:33","slug":"das-unternehmen","status":"publish","type":"page","link":"https:\/\/astridlindgrensnas.se\/de\/das-unternehmen\/","title":{"rendered":"Das Unternehmen"},"content":{"rendered":"\n<div class=\"relative flex flex-col items-center  w-full justify-center \">\n\t\t\t\t\t<img decoding=\"async\" class=\"top-0 object-cover w-full h-[60vh] min-h-[700px] mobile:min-h-[540px] desktop:max-h-[650px] tablet:max-h-[700px]\" src=\"https:\/\/astridlindgrensnas.se\/wp-content\/uploads\/2025\/02\/barndomshemmet.jpg\" alt=\"\">\n\t<\/div>\n<div class=\"flex items-center justify-center w-full px-4 py-7\">\n\t<div data-aos=\" \" data-aos-duration=\"\" class=\"flex flex-col items-center w-full gap-5 m-auto text-center inner-contain\">\n\t\t\t\t\t<h2 class=\"text-darkGreen\">Das Unternehmen<\/h2>\n\t\t\t\t\t\t\t<p class=\"-large text-darkGreen\">Astrid Lindgrens Vimmerby AB betreibt zwei Ausflugsziele in Vimmerby f\u00fcr kleine und gro\u00dfe Astrid-Lindgren-Fans. In Astrid Lindgrens N\u00e4s k\u00f6nnen Sie Ihr Wissen \u00fcber das Leben und Werk von Astrid Lindgren vertiefen. In Astrid Lindgrens Welt k\u00f6nnen Sie in die Erz\u00e4hlungen von Astrid Lindgren eintreten und die Figuren aus den B\u00fcchern und Filmen treffen. Neben den Ausflugszielen sind auch Konferenzen und Tagungen sowie unsere G\u00e4steunterkunft \u201eDie Winzige kleine Stadt\u201c Teil der T\u00e4tigkeiten von Astrid Lindgrens Vimmerby AB. <\/p>\n\t\t\t\t\t<\/div>\n<\/div>\n<div data-aos=\"\" data-aos-duration=\"\" class=\"tablet:px-4 mobile-sm:px-2\">\n\t<div class=\"flex flex-col items-center w-full px-6 m-auto rounded-md mobile:px-5 mt-7 inner-contain bg-whiteish mb-7\">\n\n\t\t\t\t\t<h2 class=\"w-3\/4 text-center pt-7 text-darkGreen tablet:w-full\">Unsere Werte<\/h2>\n\t\t\t\t<div class=\"flex flex-col items-center justify-center w-full m-auto py-7 desktop-sm:px-4 tablet:px-0 text-contain\">\n\t\t\t<div class=\"flex flex-col items-center justify-center w-full\">\n\n\t\t\t\t\t\t\t\t\t\t\t\t\t\t\t<div class=\"flex flex-col items-center justify-center w-full pb-5\">\n\n\t\t\t\t\t\t\t<div class=\"wysiwyg-style text-center\">\n\t\t\t\t\t\t\t\t<p style=\"text-align: left;\u201c><strong>Qualit\u00e4t<br \/>\n<\/strong>Astrid Lindgren hatte hohe Qualit\u00e4tsanspr\u00fcche &#8211; sowohl in allem, was sie selbst tat, als auch, wenn es darum ging, was andere mit ihrem Werk machen. Deshalb streben auch wir bei allem, was wir tun, stets nach h\u00f6chstm\u00f6glicher Qualit\u00e4t.<\/p>\n<p style=\"text-align: left;\"><strong>Aus der Perspektive der Kinder<br \/>\n<\/strong>Astrid Lindgren hat sich wirklich f\u00fcr das Kind als Person interessiert. Dadurch begegnete sie ihnen mit Respekt und ehrlicher Neugier. Die Perspektive der Kinder stand f\u00fcr sie immer im Mittelpunkt. Genauso versuchen wir, dem Kind durch Interesse, Neugier und Engagement zu begegnen.<\/p>\n<p style=\"text-align: left;\"><strong>Lekfullhet<br \/>\n<\/strong>\u201eWir spielten und spielten und spielten, sodass es das reine Wunder ist, dass wir uns nicht tot gespielt haben.\u201c Sie kennen das Zitat von Astrid Lindgren wahrscheinlich. Wir m\u00f6chten das Kind, das uns besucht, inspirieren, ganz gleich, ob es sich dabei um ein kleines oder ein erwachsenes Kind handelt. Bei uns darf die Verspieltheit viel Platz einnehmen und Einf\u00e4lle und Ideen k\u00f6nnen so ausprobiert werden, wie es dem Kind in uns gefallen w\u00fcrde.<\/p>\n<p style=\"text-align: left;\"><strong>Respekt<br \/>\n<\/strong>Astrid Lindgren hat im Laufe ihres Lebens und in ihren B\u00fcchern viele Beispiele f\u00fcr Zivilcourage und die Bedeutung der Gleichwertigkeit angef\u00fchrt. Ihr Umgang mit der Au\u00dfenwelt war ehrlich und respektvoll. Und genauso ist es auch hier, in ihrer Welt. Wir schaffen Gemeinschaft, indem wir interessiert und offen f\u00fcr die Meinungen, Eigenschaften und Bed\u00fcrfnisse unserer Kollegen und Mitmenschen sind und gleichzeitig die M\u00f6glichkeit haben, f\u00fcr unsere eigenen einzustehen.<\/p>\n\t\t\t\t\t\t\t<\/div>\n\t\t\t\t\t\t\t\t\t\t\t\t\t<\/div>\n\t\t\t\t\t\t\t\t\t\n\t\t\t<\/div>\n\n\t\t<\/div>\n\n\t<\/div>\n<\/div><div data-aos=\"\" data-aos-duration=\"\" class=\"flex flex-col items-start justify-center w-full mb-[-64px] tablet-lg:px-0 tablet-lg:mb-0 py-7\">\n\t<div class=\"relative z-0 items-center w-full m-auto inner-contain tablet-lg:max-w-none tablet-lg:px-0 tablet-lg:gap-4\">\n\t\t\t\t\t<div data-sliderid=\"det-var-en-gang\" class=\"tablet-lg:px-4 mb-4 w-full rounded-lg tablet-lg:rounded-none justify-start flex overflow-hidden det-var-en-gang tablet:mb-2 image-slider\">\n\t\t\t\t<div class=\"flex justify-center mobile:gap-0 swiper-wrapper tablet-lg:justify-start\">\n\t\t\t\t\t\t\t\t\t\t\t<img decoding=\"async\" src=\"https:\/\/astridlindgrensnas.se\/wp-content\/uploads\/2025\/04\/koksingangen.jpg\" alt=\"\" class=\"object-cover w-full rounded-lg mobile:max-w-full tablet-lg:mx-0 aspect-square swiper-slide\" \/>\n\t\t\t\t\t\t\t\t\t\t\t<img decoding=\"async\" src=\"https:\/\/astridlindgrensnas.se\/wp-content\/uploads\/2025\/03\/emmabee-unterwegs-astrid-lindgren-10.jpg\" alt=\"\" class=\"object-cover w-full rounded-lg mobile:max-w-full tablet-lg:mx-0 aspect-square swiper-slide\" \/>\n\t\t\t\t\t\t\t\t\t\t\t<img decoding=\"async\" src=\"https:\/\/astridlindgrensnas.se\/wp-content\/uploads\/2025\/03\/nas-ny-logo-varbild.jpg\" alt=\"\" class=\"object-cover w-full rounded-lg mobile:max-w-full tablet-lg:mx-0 aspect-square swiper-slide\" \/>\n\t\t\t\t\t\t\t\t\t<\/div>\n\t\t\t<\/div>\n\t\t\t<div class=\"!w-1\/2 !m-auto swiper-scrollbar det-var-en-gang-scrollbar\"><\/div>\n\t\t\t\t\t\t\t<div class=\"flex justify-end tablet-lg:justify-center w-full relative top-[-64px] z-10 tablet-lg:top-4 tablet-lg:px-4\">\n\t\t\t\t<div class=\"flex flex-col items-start max-w-[50%] bg-whiteish p-6 mr-8 rounded-lg gap-5 mobile:px-4 mobile:py-5 tablet-lg:max-w-[90%] mobile:max-w-none mobile:w-full tablet-lg:mr-0 lg-shadow\">\n\t\t\t\t\t<h3 class=\"text-darkGreen -demi\">Es war einmal &#8230;<\/h3>\n\t\t\t\t\t<p class=\"text-blackish text-[20px]\">2007, das Jahr, in dem Astrid Lindgren 100 Jahre geworden w\u00e4re, wurde sie auf der ganzen Welt gefeiert. In Zusammenhang mit dem 100. Jubil\u00e4um wurde das neue Kulturzentrum Astrid Lindgrens N\u00e4s von Kronprinzessin Victoria von Schweden eingeweiht. Der Ort, an dem Astrid Lindgren geboren und aufgewachsen ist. <br \/>\n<br \/>\n <\/p>\n\t\t\t\t\t\t\t\t\t\t\t<a class=\"w-fit btn\" href=\"https:\/\/astridlindgrensnas.se\/om-astrid-lindgrens-nas\/\" target=\"\">\n\t\t\t\t\t\t\t<p class=\"-button\">Mehr \u00fcber Astrid Lindgrens N\u00e4s erfahren<\/p>\n\t\t\t\t\t\t<\/a>\n\t\t\t\t\t\t\t\t\t<\/div>\n\t\t\t<\/div>\n\t\t\t<\/div>\n<\/div>\n<div class=\"flex flex-col items-center w-full m-auto rounded-md inner-contain pt-7\">\n\t<div class=\"w-full px-6 m-auto py-7 inner-contain bg-whiteish sm-shadow\">\n\t\t<div class=\"flex flex-col items-center w-full m-auto text-contain gap-7\">\n\t\t\t<h2 class=\"text-center text-green\">Managementteam von Astrid Lindgrens Vimmerby<\/h2>\n\t\t\t\t\t\t\t<div class=\"flex flex-col items-start w-full gap-5\">\n\t\t\t\t\t\t\t\t\t\t\t<div class=\"flex items-center justify-start w-full gap-5 mobile:flex-col mobile:items-start\">\n\t\t\t\t\t\t\t<img decoding=\"async\" class=\"w-[7rem] h-[7rem] aspect-square rounded-full object-cover\" src=\"https:\/\/astridlindgrensnas.se\/wp-content\/uploads\/2025\/04\/jockejpg.webp\" alt=\"\">\n\t\t\t\t\t\t\t<div class=\"flex flex-col w-full\">\n\t\t\t\t\t\t\t\t<h4 class=\"text-darkGreen\">CEO<\/h4>\n\t\t\t\t\t\t\t\t<p class=\"text-black -medium\">Joacim Johansson<\/p>\n\t\t\t\t\t\t\t\t\t\t\t\t\t\t\t\t\t<a class=\"w-fit group\" href=\"mailto:jocke.johansson@astridlindgrensvimmerby.se\" target=\"\">\n\t\t\t\t\t\t\t\t\t\t<p class=\"-medium text-trueBlack group-hover:underline mobile:!text-[14px]\">jocke.johansson@astridlindgrensvimmerby.se<\/p>\n\t\t\t\t\t\t\t\t\t<\/a>\n\t\t\t\t\t\t\t\t\t\t\t\t\t\t\t<\/div>\n\t\t\t\t\t\t<\/div>\n\t\t\t\t\t\t\t\t\t\t\t<div class=\"flex items-center justify-start w-full gap-5 mobile:flex-col mobile:items-start\">\n\t\t\t\t\t\t\t<img decoding=\"async\" class=\"w-[7rem] h-[7rem] aspect-square rounded-full object-cover\" src=\"https:\/\/astridlindgrensnas.se\/wp-content\/uploads\/2025\/04\/sofiajpg.webp\" alt=\"\">\n\t\t\t\t\t\t\t<div class=\"flex flex-col w-full\">\n\t\t\t\t\t\t\t\t<h4 class=\"text-darkGreen\">Gesch\u00e4ftsf\u00fchrerin von N\u00e4s, dem Elternhaus von Astrid Lindgren<\/h4>\n\t\t\t\t\t\t\t\t<p class=\"text-black -medium\">Sofia Johnsson<\/p>\n\t\t\t\t\t\t\t\t\t\t\t\t\t\t\t\t\t<a class=\"w-fit group\" href=\"mailto:sofia.johnsson@astridlindgrensvimmerby.se\" target=\"\">\n\t\t\t\t\t\t\t\t\t\t<p class=\"-medium text-trueBlack group-hover:underline mobile:!text-[14px]\">sofia.johnsson@astridlindgrensvimmerby.se<\/p>\n\t\t\t\t\t\t\t\t\t<\/a>\n\t\t\t\t\t\t\t\t\t\t\t\t\t\t\t<\/div>\n\t\t\t\t\t\t<\/div>\n\t\t\t\t\t\t\t\t\t\t\t<div class=\"flex items-center justify-start w-full gap-5 mobile:flex-col mobile:items-start\">\n\t\t\t\t\t\t\t<img decoding=\"async\" class=\"w-[7rem] h-[7rem] aspect-square rounded-full object-cover\" src=\"https:\/\/astridlindgrensnas.se\/wp-content\/uploads\/2025\/04\/lena1jpg.webp\" alt=\"\">\n\t\t\t\t\t\t\t<div class=\"flex flex-col w-full\">\n\t\t\t\t\t\t\t\t<h4 class=\"text-darkGreen\">Marketing- und Vertriebsleiterin<\/h4>\n\t\t\t\t\t\t\t\t<p class=\"text-black -medium\">Lena M\u00f6ller <\/p>\n\t\t\t\t\t\t\t\t\t\t\t\t\t\t\t\t\t<a class=\"w-fit group\" href=\"mailto:lena.moller@astridlindgrensvimmerby.se\" target=\"\">\n\t\t\t\t\t\t\t\t\t\t<p class=\"-medium text-trueBlack group-hover:underline mobile:!text-[14px]\">lena.moller@astridlindgrensvimmerby.se<\/p>\n\t\t\t\t\t\t\t\t\t<\/a>\n\t\t\t\t\t\t\t\t\t\t\t\t\t\t\t<\/div>\n\t\t\t\t\t\t<\/div>\n\t\t\t\t\t\t\t\t\t\t\t<div class=\"flex items-center justify-start w-full gap-5 mobile:flex-col mobile:items-start\">\n\t\t\t\t\t\t\t<img decoding=\"async\" class=\"w-[7rem] h-[7rem] aspect-square rounded-full object-cover\" src=\"https:\/\/astridlindgrensnas.se\/wp-content\/uploads\/2025\/04\/linneajpg.webp\" alt=\"\">\n\t\t\t\t\t\t\t<div class=\"flex flex-col w-full\">\n\t\t\t\t\t\t\t\t<h4 class=\"text-darkGreen\">HR-Leiterin:<\/h4>\n\t\t\t\t\t\t\t\t<p class=\"text-black -medium\">Linn\u00e9a Hindvik<\/p>\n\t\t\t\t\t\t\t\t\t\t\t\t\t\t\t\t\t<a class=\"w-fit group\" href=\"mailto:linnea.hindvik@astridlindgrensvimmerby.se\" target=\"\">\n\t\t\t\t\t\t\t\t\t\t<p class=\"-medium text-trueBlack group-hover:underline mobile:!text-[14px]\">linnea.hindvik@astridlindgrensvimmerby.se<\/p>\n\t\t\t\t\t\t\t\t\t<\/a>\n\t\t\t\t\t\t\t\t\t\t\t\t\t\t\t<\/div>\n\t\t\t\t\t\t<\/div>\n\t\t\t\t\t\t\t\t\t\t\t<div class=\"flex items-center justify-start w-full gap-5 mobile:flex-col mobile:items-start\">\n\t\t\t\t\t\t\t<img decoding=\"async\" class=\"w-[7rem] h-[7rem] aspect-square rounded-full object-cover\" src=\"https:\/\/astridlindgrensnas.se\/wp-content\/uploads\/2025\/04\/sarajpg.webp\" alt=\"\">\n\t\t\t\t\t\t\t<div class=\"flex flex-col w-full\">\n\t\t\t\t\t\t\t\t<h4 class=\"text-darkGreen\">Leiterin Speisen und Getr\u00e4nke<\/h4>\n\t\t\t\t\t\t\t\t<p class=\"text-black -medium\">Sara Hedblom<\/p>\n\t\t\t\t\t\t\t\t\t\t\t\t\t\t\t\t\t<a class=\"w-fit group\" href=\"mailto:sara.hedblom@astridlindgrensvimmerby.se\" target=\"\">\n\t\t\t\t\t\t\t\t\t\t<p class=\"-medium text-trueBlack group-hover:underline mobile:!text-[14px]\">sara.hedblom@astridlindgrensvimmerby.se<\/p>\n\t\t\t\t\t\t\t\t\t<\/a>\n\t\t\t\t\t\t\t\t\t\t\t\t\t\t\t<\/div>\n\t\t\t\t\t\t<\/div>\n\t\t\t\t\t\t\t\t\t\t\t<div class=\"flex items-center justify-start w-full gap-5 mobile:flex-col mobile:items-start\">\n\t\t\t\t\t\t\t<img decoding=\"async\" class=\"w-[7rem] h-[7rem] aspect-square rounded-full object-cover\" src=\"https:\/\/astridlindgrensnas.se\/wp-content\/uploads\/2025\/04\/perjpg.webp\" alt=\"\">\n\t\t\t\t\t\t\t<div class=\"flex flex-col w-full\">\n\t\t\t\t\t\t\t\t<h4 class=\"text-darkGreen\">Leiter Finanzabteilung<\/h4>\n\t\t\t\t\t\t\t\t<p class=\"text-black -medium\">Per Sigvardsson<\/p>\n\t\t\t\t\t\t\t\t\t\t\t\t\t\t\t\t\t<a class=\"w-fit group\" href=\"mailto:per.sigvardsson@astridlindgrensvimmerby.se\" target=\"\">\n\t\t\t\t\t\t\t\t\t\t<p class=\"-medium text-trueBlack group-hover:underline mobile:!text-[14px]\">per.sigvardsson@astridlindgrensvimmerby.se<\/p>\n\t\t\t\t\t\t\t\t\t<\/a>\n\t\t\t\t\t\t\t\t\t\t\t\t\t\t\t<\/div>\n\t\t\t\t\t\t<\/div>\n\t\t\t\t\t\t\t\t\t\t\t<div class=\"flex items-center justify-start w-full gap-5 mobile:flex-col mobile:items-start\">\n\t\t\t\t\t\t\t<img decoding=\"async\" class=\"w-[7rem] h-[7rem] aspect-square rounded-full object-cover\" src=\"https:\/\/astridlindgrensnas.se\/wp-content\/uploads\/2025\/04\/nickojpg.webp\" alt=\"\">\n\t\t\t\t\t\t\t<div class=\"flex flex-col w-full\">\n\t\t\t\t\t\t\t\t<h4 class=\"text-darkGreen\">Teaterleiter<\/h4>\n\t\t\t\t\t\t\t\t<p class=\"text-black -medium\">Nicholas Lindstr\u00f6m<\/p>\n\t\t\t\t\t\t\t\t\t\t\t\t\t\t\t\t\t<a class=\"w-fit group\" href=\"mailto:nicholas.lindstrom@astridlindgrensvimmerby.se\" target=\"\">\n\t\t\t\t\t\t\t\t\t\t<p class=\"-medium text-trueBlack group-hover:underline mobile:!text-[14px]\">nicholas.lindstrom@astridlindgrensvimmerby.se<\/p>\n\t\t\t\t\t\t\t\t\t<\/a>\n\t\t\t\t\t\t\t\t\t\t\t\t\t\t\t<\/div>\n\t\t\t\t\t\t<\/div>\n\t\t\t\t\t\t\t\t\t\t\t<div class=\"flex items-center justify-start w-full gap-5 mobile:flex-col mobile:items-start\">\n\t\t\t\t\t\t\t<img decoding=\"async\" class=\"w-[7rem] h-[7rem] aspect-square rounded-full object-cover\" src=\"https:\/\/astridlindgrensnas.se\/wp-content\/uploads\/2025\/04\/missing-imagejpg.webp\" alt=\"\">\n\t\t\t\t\t\t\t<div class=\"flex flex-col w-full\">\n\t\t\t\t\t\t\t\t<h4 class=\"text-darkGreen\">Betriebs- und Immobilienleiter<\/h4>\n\t\t\t\t\t\t\t\t<p class=\"text-black -medium\">Tommy Dahlgren<\/p>\n\t\t\t\t\t\t\t\t\t\t\t\t\t\t\t\t\t<a class=\"w-fit group\" href=\"mailto:tommy.dahlgren@astridlindgrensvimmerby.se\" target=\"\">\n\t\t\t\t\t\t\t\t\t\t<p class=\"-medium text-trueBlack group-hover:underline mobile:!text-[14px]\">tommy.dahlgren@astridlindgrensvimmerby.se<\/p>\n\t\t\t\t\t\t\t\t\t<\/a>\n\t\t\t\t\t\t\t\t\t\t\t\t\t\t\t<\/div>\n\t\t\t\t\t\t<\/div>\n\t\t\t\t\t\t\t\t\t\t\t<div class=\"flex items-center justify-start w-full gap-5 mobile:flex-col mobile:items-start\">\n\t\t\t\t\t\t\t<img decoding=\"async\" class=\"w-[7rem] h-[7rem] aspect-square rounded-full object-cover\" src=\"https:\/\/astridlindgrensnas.se\/wp-content\/uploads\/2025\/04\/annajpg.webp\" alt=\"\">\n\t\t\t\t\t\t\t<div class=\"flex flex-col w-full\">\n\t\t\t\t\t\t\t\t<h4 class=\"text-darkGreen\">Leiterin G\u00e4steservice und Unterk\u00fcnfte<\/h4>\n\t\t\t\t\t\t\t\t<p class=\"text-black -medium\">Anna Lind\u00e9n<\/p>\n\t\t\t\t\t\t\t\t\t\t\t\t\t\t\t\t\t<a class=\"w-fit group\" href=\"mailto:anna.linden@astridlindgrensvimmerby.se\" target=\"\">\n\t\t\t\t\t\t\t\t\t\t<p class=\"-medium text-trueBlack group-hover:underline mobile:!text-[14px]\">anna.linden@astridlindgrensvimmerby.se<\/p>\n\t\t\t\t\t\t\t\t\t<\/a>\n\t\t\t\t\t\t\t\t\t\t\t\t\t\t\t<\/div>\n\t\t\t\t\t\t<\/div>\n\t\t\t\t\t\t\t\t\t\t\t<div class=\"flex items-center justify-start w-full gap-5 mobile:flex-col mobile:items-start\">\n\t\t\t\t\t\t\t<img decoding=\"async\" class=\"w-[7rem] h-[7rem] aspect-square rounded-full object-cover\" src=\"https:\/\/astridlindgrensnas.se\/wp-content\/uploads\/2025\/04\/missing-imagejpg.webp\" alt=\"\">\n\t\t\t\t\t\t\t<div class=\"flex flex-col w-full\">\n\t\t\t\t\t\t\t\t<h4 class=\"text-darkGreen\">Design- und Entwicklungsleiter<\/h4>\n\t\t\t\t\t\t\t\t<p class=\"text-black -medium\">Thomas Green<\/p>\n\t\t\t\t\t\t\t\t\t\t\t\t\t\t\t\t\t<a class=\"w-fit group\" href=\"mailto:thomas.green@astridlindgrensvimmerby.se\" target=\"\">\n\t\t\t\t\t\t\t\t\t\t<p class=\"-medium text-trueBlack group-hover:underline mobile:!text-[14px]\">thomas.green@astridlindgrensvimmerby.se<\/p>\n\t\t\t\t\t\t\t\t\t<\/a>\n\t\t\t\t\t\t\t\t\t\t\t\t\t\t\t<\/div>\n\t\t\t\t\t\t<\/div>\n\t\t\t\t\t\t\t\t\t<\/div>\n\t\t\t\t\t\t<div class=\"w-full wysiwyg-style\">\n\t\t\t\t<p><strong>Styrelse<\/strong><\/p>\n<p>Der Vorstand von Astrid Lindgrens Vimmerby besteht derzeit (2024) aus sechs Personen. Nachfolgend finden Sie Informationen zu den Mitgliedern.<\/p>\n<p><strong>VORSTANDSVORSITZENDER:<\/strong> Nils Nyman, Stockholm<\/p>\n<p><strong>VORSTANDSMITGLIED:<\/strong> Anders Lindgren, Stockholm<\/p>\n<p><strong>VORSTANDSMITGLIED:<\/strong> Karin Matsson-Weijber, Stockholm<\/p>\n<p><strong>VORSTANDSMITGLIED:<\/strong> Jacob K\u00e4ll, Vimmerby<\/p>\n<p><strong>VORSTANDSMITGLIED:<\/strong> Annie L\u00f6\u00f6f, Stockholm<\/p>\n<p><strong>VORSTANDSMITGLIED:<\/strong> Tina Resch, G\u00f6teborg<\/p>\n\t\t\t<\/div>\n\t\t<\/div>\n\n\t<\/div>\n<\/div>","protected":false},"excerpt":{"rendered":"","protected":false},"author":2,"featured_media":0,"parent":0,"menu_order":0,"comment_status":"closed","ping_status":"closed","template":"","meta":{"_acf_changed":false,"footnotes":""},"class_list":["post-5588","page","type-page","status-publish","hentry"],"acf":[],"_links":{"self":[{"href":"https:\/\/astridlindgrensnas.se\/de\/wp-json\/wp\/v2\/pages\/5588","targetHints":{"allow":["GET"]}}],"collection":[{"href":"https:\/\/astridlindgrensnas.se\/de\/wp-json\/wp\/v2\/pages"}],"about":[{"href":"https:\/\/astridlindgrensnas.se\/de\/wp-json\/wp\/v2\/types\/page"}],"author":[{"embeddable":true,"href":"https:\/\/astridlindgrensnas.se\/de\/wp-json\/wp\/v2\/users\/2"}],"replies":[{"embeddable":true,"href":"https:\/\/astridlindgrensnas.se\/de\/wp-json\/wp\/v2\/comments?post=5588"}],"version-history":[{"count":1,"href":"https:\/\/astridlindgrensnas.se\/de\/wp-json\/wp\/v2\/pages\/5588\/revisions"}],"predecessor-version":[{"id":5589,"href":"https:\/\/astridlindgrensnas.se\/de\/wp-json\/wp\/v2\/pages\/5588\/revisions\/5589"}],"wp:attachment":[{"href":"https:\/\/astridlindgrensnas.se\/de\/wp-json\/wp\/v2\/media?parent=5588"}],"curies":[{"name":"wp","href":"https:\/\/api.w.org\/{rel}","templated":true}]}}