{"id":5599,"date":"2025-02-28T14:11:23","date_gmt":"2025-02-28T13:11:23","guid":{"rendered":"https:\/\/astridlindgrensnas.se\/die-geschichte-der-stiftung\/"},"modified":"2025-04-23T15:33:33","modified_gmt":"2025-04-23T13:33:33","slug":"die-geschichte-der-stiftung","status":"publish","type":"page","link":"https:\/\/astridlindgrensnas.se\/de\/die-geschichte-der-stiftung\/","title":{"rendered":"Die Geschichte der Stiftung"},"content":{"rendered":"\n<div class=\"flex items-center justify-center w-full py-7\">\n\t<div data-aos=\"\" data-aos-duration=\"\" class=\"flex flex-col items-center justify-center w-full gap-6 m-auto text-contain\">\n\t\t\t\t\t<div class=\"w-full\">\n\t\t\t\t<h2 class=\"text-center text-darkGreen px-6\">Die Stiftung zum Erhalt des Werks von Astrid Lindgren<\/h2>\n\t\t\t<\/div>\n\t\t\t\t<div class=\"w-full px-6 wysiwyg-style mobile:px-4\">\n\t\t\t<p>1996 wurde die Stiftung zum Erhalt des Werks von Astrid Lindgren im Zusammenhang mit einer Spendenaktion gegr\u00fcndet, um Geld f\u00fcr den Bau einer permanenten Ausstellung \u00fcber Astrid Lindgrens Leben und Werk in Vimmerby zu sammeln.<\/p>\n<p><strong>Zweck<\/strong><br \/>\nDie Stiftung soll das Werk von Astrid Lindgren in einer Ausstellungshalle beleuchten, die von der Stiftung in Vimmerby gebaut wurde und sich in ihrem Besitz befindet. Au\u00dferdem vergibt sie Stipendien an Personen, die im Geiste Astrid Lindgrens die Fantasie der Kinder in den Bereichen Literatur, Musik, Theater, Film oder einer anderen Kunstsparte f\u00f6rdern.<\/p>\n<p><strong>Spendenaktion<\/strong><br \/>\nIm Vorfeld von Astrid Lindgrens 90. Geburtstag, dem 14. November 1997, wurde mit einer Spendenaktion auf die Ambitionen der Stiftung aufmerksam gemacht, die ca. 4,8 Mio. SEK eingebracht hat. Zusammen mit der nationalen Spende von ca. 7,5 Mio. SEK und einem EU-Beitrag von 3,2 Mio. sind insgesamt gut 15 Mio. zusammengekommen. Dadurch konnte sofort mit dem Bau des Astrid Lindgren-Hofes angefangen werden, der 1998 am 91. Geburtstag der Schriftstellerin eingeweiht wurde. Er lag gleich neben Astrid Lindgrens Welt und in den R\u00e4umlichkeiten wurde bis einschlie\u00dflich 2006 eine Ausstellung \u00fcber Astrid Lindgrens Werk, ihre Kindheit und Jugend sowie ihre Inspirationsquellen gezeigt.<\/p>\n<p>Vor dem Jubil\u00e4umsjahr 2007 und Astrid Lindgrens 100. Geburtstag plante man die Gr\u00fcndung des neuen Kulturzentrums \u201eAstrid Lindgrens N\u00e4s\u201c, das aus dem Elternhaus von Astrid Lindgren sowie einem Forschungszentrum und einer Bibliothek in dem fr\u00fcheren Pfarrhof in N\u00e4s besteht. Die Frage kam auf, ob die permanente Ausstellung \u00fcber Astrid Lindgrens Leben und Werk sich nicht auf demselben Gel\u00e4nde befinden sollte.<\/p>\n<p>Die Astrid Lindgrens V\u00e4rld AB bot der Stiftung an, eine neue Ausstellungshalle gleich neben N\u00e4s zu bauen, wenn man im Gegenzug den ehemaligen Astrid Lindgren-Hof \u00fcbernehmen k\u00f6nne, um die Neue Saltkrokan-Welt dort unterzubringen. Der Vorschlag wurde akzeptiert und der Immobilientausch umgesetzt. Die neue Ausstellungshalle hei\u00dft der Pavillon in Astrid Lindgrens N\u00e4s.<\/p>\n<p>Eine v\u00f6llig neue Ausstellung \u00fcber das Leben und Werk von Astrid Lindgren wurde zusammengestellt und von der Stiftung finanziert. Am 12. Juni 2007 hat Kronprinzessin Victoria das neue Kulturzentrum Astrid Lindgrens N\u00e4s, bestehend aus dem Elternhaus, dem Forschungszentrum und dem neuen Pavillon mit der gro\u00dfen Ausstellung \u201eAstrid Lindgren und die Kraft des Erz\u00e4hlens\u201d eingeweiht.<\/p>\n<p>Die Stiftung vermietet den Pavillon und die Ausstellung derzeit an Astrid Lindgrens Vimmerby Aktiebolag, die f\u00fcr den \u00f6ffentlichen Ausstellungsbetrieb zust\u00e4ndig ist.<\/p>\n\t\t<\/div>\n\t<\/div>\n<\/div>\n<div class=\"flex items-center justify-center w-full py-7\">\n\t<div class=\"flex items-center justify-center w-full m-auto text-contain\">\n\t\t\t\t\t<a class=\"transition-colors duration-150 ease-in-out text-green group w-fit hover:text-darkGreen\" href=\"https:\/\/astridlindgrensnas.se\/stiftelsen\/\" target=\"\">\n\t\t\t\t<div class=\"flex items-center gap-3 mobile:gap-3\">\n\t\t\t\t\t<img decoding=\"async\" class=\"group-hover:translate-x-[-5px] pb-[.3rem] transition-transform duration-200 ease-in-out mobile:max-w-[3rem]\" src=\"\/wp-content\/themes\/astridlindgrensnas\/assets\/Arrow-back-aln.svg\" alt=\"\">\n\t\t\t\t\t<p class=\"font-semibold\">Zur\u00fcck zur Stiftung<\/p>\n\t\t\t\t<\/div>\n\t\t\t<\/a>\n\t\t\t<\/div>\n<\/div>","protected":false},"excerpt":{"rendered":"","protected":false},"author":2,"featured_media":0,"parent":0,"menu_order":0,"comment_status":"closed","ping_status":"closed","template":"","meta":{"_acf_changed":false,"footnotes":""},"class_list":["post-5599","page","type-page","status-publish","hentry"],"acf":[],"_links":{"self":[{"href":"https:\/\/astridlindgrensnas.se\/de\/wp-json\/wp\/v2\/pages\/5599","targetHints":{"allow":["GET"]}}],"collection":[{"href":"https:\/\/astridlindgrensnas.se\/de\/wp-json\/wp\/v2\/pages"}],"about":[{"href":"https:\/\/astridlindgrensnas.se\/de\/wp-json\/wp\/v2\/types\/page"}],"author":[{"embeddable":true,"href":"https:\/\/astridlindgrensnas.se\/de\/wp-json\/wp\/v2\/users\/2"}],"replies":[{"embeddable":true,"href":"https:\/\/astridlindgrensnas.se\/de\/wp-json\/wp\/v2\/comments?post=5599"}],"version-history":[{"count":1,"href":"https:\/\/astridlindgrensnas.se\/de\/wp-json\/wp\/v2\/pages\/5599\/revisions"}],"predecessor-version":[{"id":5600,"href":"https:\/\/astridlindgrensnas.se\/de\/wp-json\/wp\/v2\/pages\/5599\/revisions\/5600"}],"wp:attachment":[{"href":"https:\/\/astridlindgrensnas.se\/de\/wp-json\/wp\/v2\/media?parent=5599"}],"curies":[{"name":"wp","href":"https:\/\/api.w.org\/{rel}","templated":true}]}}