{"id":5605,"date":"2025-02-28T14:07:42","date_gmt":"2025-02-28T13:07:42","guid":{"rendered":"https:\/\/astridlindgrensnas.se\/das-salikon-stipendium\/"},"modified":"2025-08-15T08:32:46","modified_gmt":"2025-08-15T06:32:46","slug":"das-salikon-stipendium","status":"publish","type":"page","link":"https:\/\/astridlindgrensnas.se\/de\/das-salikon-stipendium\/","title":{"rendered":"Das Salikon-Stipendium"},"content":{"rendered":"\n<div class=\"relative flex flex-col items-center  w-full justify-center \">\n\t\t<div class=\"w-full h-[60vh] min-h-[500px] tablet:max-h-[700px] bg-gradient-to-t opacity-60 from-blackish absolute bottom-0\">\n\n\t<\/div>\n\t\t\t\t<img decoding=\"async\" class=\"top-0 object-cover w-full h-[60vh] min-h-[700px] tablet:max-h-[700px] mobile:hidden\" src=\"https:\/\/astridlindgrensnas.se\/wp-content\/uploads\/2025\/02\/y3a9580.jpg\" alt=\"\">\n\t<img decoding=\"async\" class=\"top-0 object-cover w-full h-[60vh] min-h-[700px] mobile:min-h-[540px] tablet:max-h-[700px] hidden mobile:block\" src=\"https:\/\/astridlindgrensnas.se\/wp-content\/uploads\/2025\/02\/img-3692.jpeg\" alt=\"\">\n\t\t<div class=\"w-full m-auto text-center absolute bottom-[80px]\">\n\t\t<h1 class=\"text-whiteish\">Das Salikon-Stipendium<\/h1>\n\t<\/div>\n<\/div>\n\n\n<div class=\"flex items-center justify-center w-full px-4 py-7\">\n\t<div data-aos=\" \" data-aos-duration=\"\" class=\"flex flex-col items-center w-full gap-5 m-auto text-center inner-contain\">\n\t\t\t\t\t\t\t<p class=\"-large text-darkGreen\">Das Salikon-Stipendium wurde 1987 von Astrid Lindgrens Welt (bis 1989 Sagobyn, zu Deutsch \u201eM\u00e4rchendorf\u201c) ins Leben gerufen. Von 1987 und 1989 unter dem Namen Pippi-Langstrumpf-Stipendium, dann unter dem Namen Astrid Lindgrens Welt-Stipendium, bis es 2019 seinen heutigen Namen erhielt. Das Salikon-Stipendium verdankt seinen Namen dem Wort \u201eSalikon\u201c, dem geheimen Namen eines magischen Rosenbuschs in Astrid Lindgrens Geschichte \u201eAllerliebste Schwester\u201c.<\/p>\n\t\t\t\t\t<\/div>\n<\/div>\n\n\n<div class=\"w-full\">\n\t<div class=\"flex flex-col w-full m-auto py-7 gap-7 inner-contain\">\n\t\t\t\t\t\t\t\t\t<div data-aos=\"\" data-aos-duration=\"\" class=\"flex relative items-center justify-between w-full m-auto tablet:w-3\/4 tablet-sm:w-full tablet:flex-col-reverse desktop-sm:px-4 gap-7 \">\n\t\t\t\t\t<div class=\"flex flex-col items-start justify-center w-full gap-5 max-w-[40%] tablet:max-w-full\">\n\t\t\t\t\t\t<h3 class=\"-demi text-darkGreen\">\u00dcber das Stipendium<\/h3>\n\t\t\t\t\t\t\t\t\t\t\t\t\t<p class=\"text-black text-[20px]\">Das Stipendium wird an eine Person oder Organisation in Schweden vergeben, die sich durch ihre kreative T\u00e4tigkeit im Geiste von Astrid Lindgren f\u00fcr Kinder und Jugendliche einsetzt. Der Stipendiat oder die Stipendiatin wird vom Programmrat von Astrid Lindgren Vimmerby Aktiebolag ernannt. \r\nDie Mitglieder des Programmrats sind Karin Nyman, Barbro Alvtegen, Leif Ruhnstr\u00f6m, Erik Titusson, Kjell \u00c5ke Hansson, Niklas Lindgren und Joacim Johansson. Die H\u00f6he des Stipendiums betr\u00e4gt 40 000 SEK.<\/p>\n\t\t\t\t\t\t\t\t\t\t\t\t\t\t\t\t\t<\/div>\n\t\t\t\t\t\t\t\t\t\t\t\t\t\t\t\t\t\t<div class=\"flex items-center justify-center w-full\">\n\t\t\t\t\t\t\t\t<img decoding=\"async\" class=\"object-cover w-full h-[30rem] mobile-sm:h-[16rem] mobile:h-[18rem] rounded-lg\" src=\"https:\/\/astridlindgrensnas.se\/wp-content\/uploads\/2025\/04\/dsc8890.jpg\" alt=\"\">\n\t\t\t\t\t\t\t<\/div>\n\t\t\t\t\t\t\t\t\t\t\t\n\n\t\t\t\t<\/div>\n\t\t\t\t\t\t\t<div data-aos=\"\" data-aos-duration=\"\" class=\"flex relative items-center justify-between w-full m-auto tablet:w-3\/4 tablet-sm:w-full tablet:flex-col-reverse desktop-sm:px-4 gap-7 flex-row-reverse\">\n\t\t\t\t\t<div class=\"flex flex-col items-start justify-center w-full gap-5 max-w-[40%] tablet:max-w-full\">\n\t\t\t\t\t\t<h3 class=\"-demi text-darkGreen\">Das Puppentheater Tittut erh\u00e4lt den Salikon-Preis 2025.<\/h3>\n\t\t\t\t\t\t\t\t\t\t\t\t\t<p class=\"text-black text-[20px]\">Das Puppentheater Tittut erh\u00e4lt den Salikon-Preis 2025 f\u00fcr seine bahnbrechende und best\u00e4ndige Arbeit im Bereich der darstellenden Kunst f\u00fcr die allerj\u00fcngsten Kinder.<\/p>\n\t\t\t\t\t\t\t\t\t\t\t\t\t\t\t\t\t\t\t<a class=\"btn\" href=\"https:\/\/www.mynewsdesk.com\/se\/astrid-lindgrens-varld\/pressreleases\/dockteatern-tittut-faar-aarets-salikon-stipendium-3398847\" target=\"_blank\">\n\t\t\t\t\t\t\t\t<p class=\"-button\">\n\t\t\t\t\t\t\t\t\tMehr erfahren Sie in der Pressemitteilung\t\t\t\t\t\t\t\t<\/p>\n\t\t\t\t\t\t\t<\/a>\n\t\t\t\t\t\t\t\t\t\t\t<\/div>\n\t\t\t\t\t\t\t\t\t\t\t\t\t\t\t\t\t\t<div class=\"flex items-center justify-center w-full\">\n\t\t\t\t\t\t\t\t<img decoding=\"async\" class=\"object-cover w-full h-[30rem] mobile-sm:h-[16rem] mobile:h-[18rem] rounded-lg\" src=\"https:\/\/astridlindgrensnas.se\/wp-content\/uploads\/2025\/08\/I-Skymningslandet.-Med-Dockteatern-Tittut.-Pa-bild-Sara-Bexell-och-David-Skogman.-Foto-Markus-Garder-scaled-1.avif\" alt=\"\">\n\t\t\t\t\t\t\t<\/div>\n\t\t\t\t\t\t\t\t\t\t\t\n\n\t\t\t\t<\/div>\n\t\t\t\t\t\t<\/div>\n<\/div>\n\n\n<div class=\"flex items-center justify-center w-full px-4 py-7\">\n\t<div data-aos=\" \" data-aos-duration=\"\" class=\"flex flex-col items-center w-full gap-5 m-auto text-center inner-contain\">\n\t\t\t\t\t<h2 class=\"text-darkGreen\">Fr\u00fchere Stipendiaten und Stipendiatinnen<\/h2>\n\t\t\t\t\t\t\t<p class=\"-large text-darkGreen\">2024 Frida NIlsson<br \/>\r\n<br \/>\r\n2023 Pija Lindenbaum<br \/>\r\n<br \/>\r\n2022 Jan L\u00f6\u00f6f<br \/>\r\n<br \/>\r\n2021 Ylva M\u00e5rtens<br \/>\r\n<br \/>\r\n2019 Ulf Nilsson<br \/>\r\n<br \/>\r\n2018 Suzanne Osten<br \/>\r\n<br \/>\r\n2017 Dilsa Demirbag-Sten<br \/>\r\n<br \/>\r\n2016 Marit T\u00f6rnqvist<br \/>\r\n<br \/>\r\n2015 Martin Widmark<br \/>\r\n<br \/>\r\n2014 Anders Eriksson<br \/>\r\n<br \/>\r\n2013 Marianne von Baumgarten-Lindberg<br \/>\r\n<br \/>\r\n2012 Gunilla Bergstr\u00f6m<br \/>\r\n<br \/>\r\n2011 P\u00e4r Johansson<br \/>\r\n<br \/>\r\n2010 Inger und Lasse Sandberg<br \/>\r\n<br \/>\r\n2009 Ulf Stark<br \/>\r\n<br \/>\r\n2008 Kulturskolan in Vimmerby<br \/>\r\n<br \/>\r\n2007 SOS Kinderd\u00f6rfer<br \/>\r\n<br \/>\r\n2006 Gl\u00e4djeverkstaden<br \/>\r\n<br \/>\r\n2005 Siv Widerberg, Schriftstellerin und Journalistin<br \/>\r\n<br \/>\r\n2004 Hugo Lagercrantz, Professor<br \/>\r\n<br \/>\r\n2003 Barbro Lindgren, Schriftstellerin<br \/>\r\n<br \/>\r\n2002 V\u00e5r teater, Medborgarplatsen, Stockholm<br \/>\r\n<br \/>\r\n2001 Tommy Isacsson, Per Jalminger und Rein Soowik, Gr\u00fcnder von Astrid Lindgrens Welt<br \/>\r\n<br \/>\r\n2000 John Hrons Stiftung<br \/>\r\n<br \/>\r\n1999 Anders Gr\u00f6nros, Filmregisseur<br \/>\r\n<br \/>\r\n1998 Lennart Hellsing, Schrifsteller<br \/>\r\n<br \/>\r\n1997 J\u00f6rgen Lantz, Schauspieler<br \/>\r\n<br \/>\r\n1996 Bj\u00f6rn Berg, K\u00fcnstler<br \/>\r\n<br \/>\r\n1995 Lars H. Gustafsson, Kinderarzt<br \/>\r\n<br \/>\r\n1989 Georg Riedel, Komponist<br \/>\r\n<br \/>\r\n1988 Ilon Wikland, K\u00fcnstlerin<br \/>\r\n<br \/>\r\n1987 Gunnel Linde, Schriftstellerin und Vorsitzende von BRIS<\/p>\n\t\t\t\t\t<\/div>\n<\/div>","protected":false},"excerpt":{"rendered":"","protected":false},"author":2,"featured_media":0,"parent":0,"menu_order":0,"comment_status":"closed","ping_status":"closed","template":"","meta":{"_acf_changed":false,"footnotes":""},"class_list":["post-5605","page","type-page","status-publish","hentry"],"acf":[],"_links":{"self":[{"href":"https:\/\/astridlindgrensnas.se\/de\/wp-json\/wp\/v2\/pages\/5605","targetHints":{"allow":["GET"]}}],"collection":[{"href":"https:\/\/astridlindgrensnas.se\/de\/wp-json\/wp\/v2\/pages"}],"about":[{"href":"https:\/\/astridlindgrensnas.se\/de\/wp-json\/wp\/v2\/types\/page"}],"author":[{"embeddable":true,"href":"https:\/\/astridlindgrensnas.se\/de\/wp-json\/wp\/v2\/users\/2"}],"replies":[{"embeddable":true,"href":"https:\/\/astridlindgrensnas.se\/de\/wp-json\/wp\/v2\/comments?post=5605"}],"version-history":[{"count":2,"href":"https:\/\/astridlindgrensnas.se\/de\/wp-json\/wp\/v2\/pages\/5605\/revisions"}],"predecessor-version":[{"id":7683,"href":"https:\/\/astridlindgrensnas.se\/de\/wp-json\/wp\/v2\/pages\/5605\/revisions\/7683"}],"wp:attachment":[{"href":"https:\/\/astridlindgrensnas.se\/de\/wp-json\/wp\/v2\/media?parent=5605"}],"curies":[{"name":"wp","href":"https:\/\/api.w.org\/{rel}","templated":true}]}}