{"id":5613,"date":"2025-01-27T15:04:14","date_gmt":"2025-01-27T14:04:14","guid":{"rendered":"https:\/\/astridlindgrensnas.se\/ueber-astrid-lindgrens-naes\/"},"modified":"2025-04-23T15:33:33","modified_gmt":"2025-04-23T13:33:33","slug":"ueber-astrid-lindgrens-naes","status":"publish","type":"page","link":"https:\/\/astridlindgrensnas.se\/de\/ueber-astrid-lindgrens-naes\/","title":{"rendered":"\u00dcber Astrid Lindgrens N\u00e4s"},"content":{"rendered":"\n<div class=\"relative flex flex-col items-center  w-full justify-center \">\n\t\t<div class=\"w-full h-[60vh] min-h-[500px] tablet:max-h-[700px] bg-gradient-to-t opacity-60 from-blackish absolute bottom-0\">\n\n\t<\/div>\n\t\t\t\t<img decoding=\"async\" class=\"top-0 object-cover w-full h-[60vh] min-h-[700px] mobile:min-h-[540px] desktop:max-h-[650px] tablet:max-h-[700px]\" src=\"https:\/\/astridlindgrensnas.se\/wp-content\/uploads\/2025\/01\/nas-header.jpg\" alt=\"\">\n\t\t<div class=\"w-full m-auto text-center absolute bottom-[80px]\">\n\t\t<h1 class=\"text-whiteish\">\u00dcber Astrid Lindgrens N\u00e4s<\/h1>\n\t<\/div>\n<\/div>\n<div class=\"flex items-center justify-center w-full px-4 py-7\">\n\t<div data-aos=\" \" data-aos-duration=\"\" class=\"flex flex-col items-center w-full gap-5 m-auto text-center inner-contain\">\n\t\t\t\t\t\t\t<p class=\"-large text-darkGreen\">Astrid Lindgrens N\u00e4s ist der Ort, an dem Astrid Lindgrens schriftstellerische T\u00e4tigkeit ihren Anfang genommen hat. Hier ist sie geboren und hier hat sie ihre Kindheit verbracht. Hier hat sie die Geschichten geh\u00f6rt, hier hat sie alle Personen getroffen und die Umfelder erlebt, die die Grundlage f\u00fcr ihre B\u00fccher bilden sollten. In N\u00e4s ist sie in den Limonadenbaum geklettert und hier hat sie mit ihren Geschwistern \u201eKickse-kickse-hu\u201c und \u201d\u201enicht-den-Boden-ber\u00fchren\u201c gespielt. Hier hat sie im Heu getobt und hier hat sie sich die M\u00e4rchen und Erz\u00e4hlungen in Kristins K\u00fcche angeh\u00f6rt.<\/p>\n\t\t\t\t\t<\/div>\n<\/div><div id=\"\" class=\"flex flex-col w-full m-auto py-7 fp-image-contain \">\n\t\t\t<div class=\"w-full min-h-[900px] mobile:min-h-[590px] overflow-hidden rounded-xl desktop-md:rounded-none flex justify-center items-center tablet:items-end tablet:px-4 mobile:px-0 fp-image-contain m-auto relative\">\n\t\t\t\t\t\t\t\t\t\t\t\t<div data-aos=\"\" data-aos-duration=\"\" class=\"vimeo-fp\">\n\t\t\t\t\t\t\t\t\t\t\t\t<iframe src=\"https:\/\/player.vimeo.com\/video\/912913551?autoplay=1&#038;controls=0&#038;loop=1&#038;muted=1&#038;playsinline=1&#038;autopause=0\" frameborder=\"0\" allow=\"autoplay; fullscreen\" allowfullscreen><\/iframe>\n\t\t\t\t\t<\/div>\n\t\t\t\t\t\t\t\t\t<\/div>\n\t\n<\/div>\n<div class=\"flex items-center justify-center w-full py-7\">\n\t<div data-aos=\"''\" data-aos-duration=\"300\" class=\"flex flex-col items-center justify-center w-full gap-4 px-6 m-auto text-center inner-contain mobile:px-4\">\n\t\t<h2 class=\"-italic text-[36px]  leading-[1.5] text-darkGreen text-center\">\n\t\t\t\u201eLassen Sie uns mit meinem Leben und meiner Lebensweise anfangen. Wir fangen ganz am Anfang an, im November 1907, als ich geboren wurde, in einem alten roten Haus, umgeben von Apfelb\u00e4umen. Als zweites Kind des Landwirts Samuel Ericsson und seiner Frau Hanna, geborene Jonsson. Der Hof, auf dem wir wohnten, hie\u00df &#8211; und hei\u00dft immer noch &#8211; N\u00e4s und er lag ganz in der N\u00e4he einer Kleinstadt in Sm\u00e5land, Vimmerby. <br \/>\r\n<br \/>\r\n\t\t<\/h2>\n\t\t<p class=\"text-[20px] text-darkGreen\">Aus \u201eMein Sm\u00e5land\u201d von Astrid Lindgren und Margareta Str\u00f6mstedt<\/p>\n\t<\/div>\n<\/div>\n<div class=\"w-full\">\n\t<div class=\"flex flex-col w-full m-auto py-7 gap-7 inner-contain\">\n\t\t\t\t\t\t\t\t\t<div data-aos=\"\" data-aos-duration=\"\" class=\"flex relative items-center justify-between w-full m-auto tablet:w-3\/4 tablet-sm:w-full tablet:flex-col-reverse desktop-sm:px-4 gap-7 \">\n\t\t\t\t\t<div class=\"flex flex-col items-start justify-center w-full gap-5 max-w-[40%] tablet:max-w-full\">\n\t\t\t\t\t\t<h3 class=\"-demi text-darkGreen\">\u00dcber Astrid Lindgrens N\u00e4s<\/h3>\n\t\t\t\t\t\t\t\t\t\t\t\t\t<p class=\"text-black text-[20px]\">Das Besuchsziel Astrid Lindgrens N\u00e4s soll dem gro\u00dfen Interesse daran, mehr \u00fcber das Leben und Werk von Astrid Lindgren zu erfahren, gerecht zu werden und wurde genau an der Stelle in Vimmerby gebaut, an der Astrid Lindgren vor 100 Jahren geboren wurde und aufgewachsen ist. <\/p>\n\t\t\t\t\t\t\t\t\t\t\t\t\t\t\t\t\t<\/div>\n\t\t\t\t\t\t\t\t\t\t\t\t\t\t\t\t\t\t<div class=\"flex items-center justify-center w-full\">\n\t\t\t\t\t\t\t\t<img decoding=\"async\" class=\"object-cover w-full h-[30rem] mobile-sm:h-[16rem] mobile:h-[18rem] rounded-lg\" src=\"https:\/\/astridlindgrensnas.se\/wp-content\/uploads\/2025\/02\/sockerdrickstradet-1.jpg\" alt=\"\">\n\t\t\t\t\t\t\t<\/div>\n\t\t\t\t\t\t\t\t\t\t\t\n\n\t\t\t\t<\/div>\n\t\t\t\t\t\t\t<div data-aos=\"\" data-aos-duration=\"\" class=\"flex relative items-center justify-between w-full m-auto tablet:w-3\/4 tablet-sm:w-full tablet:flex-col-reverse desktop-sm:px-4 gap-7 flex-row-reverse\">\n\t\t\t\t\t<div class=\"flex flex-col items-start justify-center w-full gap-5 max-w-[40%] tablet:max-w-full\">\n\t\t\t\t\t\t<h3 class=\"-demi text-darkGreen\">Eine unvergleichliche schriftstellerische T\u00e4tigkeit<\/h3>\n\t\t\t\t\t\t\t\t\t\t\t\t\t<p class=\"text-black text-[20px]\">In Astrid Lindgrens N\u00e4s k\u00f6nnen Sie die weltber\u00fchmte Schriftstellerin in unserer gro\u00dfen Ausstellung \u201eAstrid Lindgren und die Kraft des Erz\u00e4hlens\u201c besser kennenlernen, ihr Elternhaus im Rahmen einer F\u00fchrung besichtigen und die G\u00e4rten bewundern. Sie k\u00f6nnen sich au\u00dferdem von Astrid Lindgrens Verh\u00e4ltnis zur Natur, zur Freude und Kraft des kreativen Schaffens und zu den spielerischen und ernsten Seiten des Lebens inspirieren lassen.<\/p>\n\t\t\t\t\t\t\t\t\t\t\t\t\t\t\t\t\t<\/div>\n\t\t\t\t\t\t\t\t\t\t\t\t\t\t\t\t\t\t<div class=\"flex items-center justify-center w-full\">\n\t\t\t\t\t\t\t\t<img decoding=\"async\" class=\"object-cover w-full h-[30rem] mobile-sm:h-[16rem] mobile:h-[18rem] rounded-lg\" src=\"https:\/\/astridlindgrensnas.se\/wp-content\/uploads\/2025\/01\/bokhyllan.png\" alt=\"\">\n\t\t\t\t\t\t\t<\/div>\n\t\t\t\t\t\t\t\t\t\t\t\n\n\t\t\t\t<\/div>\n\t\t\t\t\t\t\t<div data-aos=\"\" data-aos-duration=\"\" class=\"flex relative items-center justify-between w-full m-auto tablet:w-3\/4 tablet-sm:w-full tablet:flex-col-reverse desktop-sm:px-4 gap-7 \">\n\t\t\t\t\t<div class=\"flex flex-col items-start justify-center w-full gap-5 max-w-[40%] tablet:max-w-full\">\n\t\t\t\t\t\t<h3 class=\"-demi text-darkGreen\">Die Stiftung zum Erhalt des Werks von Astrid Lindgren<\/h3>\n\t\t\t\t\t\t\t\t\t\t\t\t\t<p class=\"text-black text-[20px]\">Die Stiftung wurde 1996 von der Gemeinde Vimmerby und dem Themenpark Astrid Lindgrens Welt im Vorfeld des 90. Geburtstags von Astrid Lindgren gegr\u00fcndet. Ziel war es, ein Geb\u00e4ude zu errichten und eine Ausstellung zusammenzustellen, die das Leben der meistgelesenen und beliebtesten Schriftstellerin Schwedens und ihre Bedeutung in verschiedenen Bereichen darstellt. Mit Unterst\u00fctzung einer breiten \u00d6ffentlichkeit, von Unternehmen und Organisationen sowie bedeutenden Zuwendungen aus den Fond f\u00fcr regionale Entwicklung der EU und der schwedischen Regierung \u2013 die eine Summe spendete, die genau dem Literaturnobelpreis des damaligen Jahres entsprach \u2013 konnte das Projekt verwirklicht werden.\r\n\r\n<\/p>\n\t\t\t\t\t\t\t\t\t\t\t\t\t\t\t\t\t\t\t<a class=\"btn\" href=\"https:\/\/astridlindgrensnas.se\/stiftelsen\/\" target=\"\">\n\t\t\t\t\t\t\t\t<p class=\"-button\">\n\t\t\t\t\t\t\t\t\tMehr \u00fcber die Stiftung erfahren\t\t\t\t\t\t\t\t<\/p>\n\t\t\t\t\t\t\t<\/a>\n\t\t\t\t\t\t\t\t\t\t\t<\/div>\n\t\t\t\t\t\t\t\t\t\t\t\t\t\t\t\t\t\t<div class=\"flex items-center justify-center w-full\">\n\t\t\t\t\t\t\t\t<img decoding=\"async\" class=\"object-cover w-full h-[30rem] mobile-sm:h-[16rem] mobile:h-[18rem] rounded-lg\" src=\"https:\/\/astridlindgrensnas.se\/wp-content\/uploads\/2025\/04\/dsc8890.jpg\" alt=\"\">\n\t\t\t\t\t\t\t<\/div>\n\t\t\t\t\t\t\t\t\t\t\t\n\n\t\t\t\t<\/div>\n\t\t\t\t\t\t<\/div>\n<\/div><div data-aos=\"\" data-aos-duration=\"\" class=\"flex flex-col items-start justify-center w-full mb-[-64px] tablet-lg:px-0 tablet-lg:mb-0 py-7\">\n\t<div class=\"relative z-0 items-center w-full m-auto inner-contain tablet-lg:max-w-none tablet-lg:px-0 tablet-lg:gap-4\">\n\t\t\t\t\t<div data-sliderid=\"om-oss-aln\" class=\"tablet-lg:px-4 mb-4 w-full rounded-lg tablet-lg:rounded-none justify-start flex overflow-hidden om-oss-aln tablet:mb-2 image-slider\">\n\t\t\t\t<div class=\"flex justify-center mobile:gap-0 swiper-wrapper tablet-lg:justify-start\">\n\t\t\t\t\t\t\t\t\t\t\t<img decoding=\"async\" src=\"https:\/\/astridlindgrensnas.se\/wp-content\/uploads\/2025\/02\/astrids-barndomshem-foto-sabina-sakari.jpg\" alt=\"\" class=\"object-cover w-full rounded-lg mobile:max-w-full tablet-lg:mx-0 aspect-square swiper-slide\" \/>\n\t\t\t\t\t\t\t\t\t\t\t<img decoding=\"async\" src=\"https:\/\/astridlindgrensnas.se\/wp-content\/uploads\/2025\/01\/astrid-lindgren-sagans-kraft-nas-046-lofi-fotograf-ristenstrand-norrkoping.jpg\" alt=\"\" class=\"object-cover w-full rounded-lg mobile:max-w-full tablet-lg:mx-0 aspect-square swiper-slide\" \/>\n\t\t\t\t\t\t\t\t\t\t\t<img decoding=\"async\" src=\"https:\/\/astridlindgrensnas.se\/wp-content\/uploads\/2025\/03\/img-5478.jpeg\" alt=\"\" class=\"object-cover w-full rounded-lg mobile:max-w-full tablet-lg:mx-0 aspect-square swiper-slide\" \/>\n\t\t\t\t\t\t\t\t\t<\/div>\n\t\t\t<\/div>\n\t\t\t<div class=\"!w-1\/2 !m-auto swiper-scrollbar om-oss-aln-scrollbar\"><\/div>\n\t\t\t\t\t<\/div>\n<\/div>","protected":false},"excerpt":{"rendered":"","protected":false},"author":2,"featured_media":0,"parent":0,"menu_order":0,"comment_status":"closed","ping_status":"closed","template":"","meta":{"_acf_changed":false,"footnotes":""},"class_list":["post-5613","page","type-page","status-publish","hentry"],"acf":[],"_links":{"self":[{"href":"https:\/\/astridlindgrensnas.se\/de\/wp-json\/wp\/v2\/pages\/5613","targetHints":{"allow":["GET"]}}],"collection":[{"href":"https:\/\/astridlindgrensnas.se\/de\/wp-json\/wp\/v2\/pages"}],"about":[{"href":"https:\/\/astridlindgrensnas.se\/de\/wp-json\/wp\/v2\/types\/page"}],"author":[{"embeddable":true,"href":"https:\/\/astridlindgrensnas.se\/de\/wp-json\/wp\/v2\/users\/2"}],"replies":[{"embeddable":true,"href":"https:\/\/astridlindgrensnas.se\/de\/wp-json\/wp\/v2\/comments?post=5613"}],"version-history":[{"count":1,"href":"https:\/\/astridlindgrensnas.se\/de\/wp-json\/wp\/v2\/pages\/5613\/revisions"}],"predecessor-version":[{"id":5614,"href":"https:\/\/astridlindgrensnas.se\/de\/wp-json\/wp\/v2\/pages\/5613\/revisions\/5614"}],"wp:attachment":[{"href":"https:\/\/astridlindgrensnas.se\/de\/wp-json\/wp\/v2\/media?parent=5613"}],"curies":[{"name":"wp","href":"https:\/\/api.w.org\/{rel}","templated":true}]}}