{"id":5615,"date":"2025-04-02T11:24:07","date_gmt":"2025-04-02T09:24:07","guid":{"rendered":"https:\/\/astridlindgrensnas.se\/gruppenbesuch\/"},"modified":"2025-05-15T15:07:03","modified_gmt":"2025-05-15T13:07:03","slug":"gruppenbesuch","status":"publish","type":"page","link":"https:\/\/astridlindgrensnas.se\/de\/gruppenbesuch\/","title":{"rendered":"Gruppenbesuch"},"content":{"rendered":"\n<div class=\"relative flex flex-col items-center  w-full justify-center \">\n\t\t<div class=\"w-full h-[60vh] min-h-[500px] tablet:max-h-[700px] bg-gradient-to-t opacity-60 from-blackish absolute bottom-0\">\n\n\t<\/div>\n\t\t\t\t<img decoding=\"async\" class=\"top-0 object-cover w-full h-[60vh] min-h-[700px] tablet:max-h-[700px] mobile:hidden\" src=\"https:\/\/astridlindgrensnas.se\/wp-content\/uploads\/2025\/02\/barndomshemmet.jpg\" alt=\"\">\n\t<img decoding=\"async\" class=\"top-0 object-cover w-full h-[60vh] min-h-[700px] mobile:min-h-[540px] tablet:max-h-[700px] hidden mobile:block\" src=\"https:\/\/astridlindgrensnas.se\/wp-content\/uploads\/2025\/03\/front.jpg\" alt=\"\">\n\t\t<div class=\"w-full m-auto text-center absolute bottom-[80px]\">\n\t\t<h1 class=\"text-whiteish\">Gruppenbesuch in Astrid Lindgrens N\u00e4s<\/h1>\n\t<\/div>\n<\/div>\n\n\n<div class=\"flex items-center justify-center w-full px-4 py-7\">\n\t<div data-aos=\" \" data-aos-duration=\"\" class=\"flex flex-col items-center w-full gap-5 m-auto text-center inner-contain\">\n\t\t\t\t\t\t\t<p class=\"-large text-darkGreen\">Willkommen in Astrid Lindgrens Elternhaus N\u00e4s! Hier erz\u00e4hlen wir auf viele verschiedene Arten die Geschichte \u00fcber das Leben von Astrid Lindgren und ihre Bedeutung. Unsere neue gro\u00dfe Astrid-Ausstellung und ein stiller Spaziergang durch die Themeng\u00e4rten sowie eine F\u00fchrung durch Astrid Lindgrens erhaltenes Elternhaus machen Ihren Besuch zu einer unvergesslichen Erinnerung. Im Laufe des Tages haben Sie die M\u00f6glichkeit, Kaffee- und Mittagspausen nach Ihren eigenen Bed\u00fcrfnissen und W\u00fcnschen einzulegen.<\/p>\n\t\t\t\t\t\t\t<a class=\"btn\" href=\"https:\/\/astridlindgrensnas.se\/information\/oppettider\/\" target=\"\">\n\t\t\t\t<p class=\"-button\">\n\t\t\t\t\tUnsere \u00d6ffnungszeiten\t\t\t\t<\/p>\n\t\t\t<\/a>\n\t\t\t<\/div>\n<\/div>\n\n\n<div class=\"w-full py-7\">\n\t<div class=\"flex flex-col w-full m-auto gap-7 tablet:gap-4 outer-contain desktop-sm:px-4\">\n\t\t<div class=\"flex items-center justify-center w-full\">\n\t\t\t<h2 class=\"text-center text-darkGreen\">Gruppenangebot<\/h2>\n\t\t<\/div>\n\t\t<div class=\"flex items-stretch justify-center w-full gap-4 tablet:grid tablet:grid-cols-2 tablet-sm:grid-cols-1\">\n\t\t\t\t\t\t\t\t\t\t\t\t<div class=\"flex flex-col items-center justify-between pb-5 max-w-[35rem]  tablet:max-w-[45rem] bg-whiteish rounded-lg\">\n\t\t\t\t\t\t<div class=\"flex flex-col items-start w-full\">\n\n\t\t\t\t\t\t\t<img decoding=\"async\" class=\"h-[19rem] mobile:h-[11rem] object-cover w-full rounded-t-lg\" src=\"https:\/\/astridlindgrensnas.se\/wp-content\/uploads\/2025\/04\/astrid-lindgren-sagans-kraft-nas-003-hifi-fotograf-ristenstrand-norrkoping.jpg\" alt=\"\">\n\t\t\t\t\t\t\t<div class=\"flex flex-col gap-3 px-5 py-4\">\n\t\t\t\t\t\t\t\t<div class=\"flex flex-col gap-2\">\n\n\t\t\t\t\t\t\t\t\t<p class=\"text-green -demi text-[14px]\">\n\t\t\t\t\t\t\t\t\t\t\t\t\t\t\t\t\t\t\t\t<\/h5>\n\t\t\t\t\t\t\t\t\t<h3 class=\"text-trueBlack -demi -small\">Erfahren Sie mehr \u00fcber Astrid Lindgren<\/h5>\n\t\t\t\t\t\t\t\t<\/div>\n\n\t\t\t\t\t\t\t\t<p>In Astrid Lindgrens N\u00e4s erz\u00e4hlen wir auf unterschiedlichste Weise Geschichten \u00fcber das Leben und die Bedeutung von Astrid Lindgren. Sehen Sie sich unsere gro\u00dfe Astrid Lindgren-Ausstellung an und schlendern Sie durch die G\u00e4rten, die Teil der Geschichte in Astrid Lindgrens N\u00e4s sind. \r\n<\/p>\n\t\t\t\t\t\t\t\t\t\t\t\t\t\t\t\t\t<div class=\"flex flex-col\">\n\t\t\t\t\t\t\t\t\t\t<p class=\"uppercase text-trueBlack -demi text-[14px] pb-1\">Was ist enthalten?<\/h5>\n\t\t\t\t\t\t\t\t\t\t<ul class=\"list-disc list-inside text-green \">\n\t\t\t\t\t\t\t\t\t\t\t\t\t\t\t\t\t\t\t\t\t\t\t<li class=\"text-black marker:text-green marker:text-[1.4rem] indent-[-1.9rem] pl-[1.9rem] pb-[6px] leading-none text-[14px]\">\n\t\t\t\t\t\t\t\t\t\t\t\t\tDauerausstellung und tempor\u00e4re Ausstellungen\t\t\t\t\t\t\t\t\t\t\t\t<\/li>\n\t\t\t\t\t\t\t\t\t\t\t\t\t\t\t\t\t\t\t\t\t\t\t<li class=\"text-black marker:text-green marker:text-[1.4rem] indent-[-1.9rem] pl-[1.9rem] pb-[6px] leading-none text-[14px]\">\n\t\t\t\t\t\t\t\t\t\t\t\t\tDie G\u00e4rten in Astrid Lindgrens N\u00e4s\t\t\t\t\t\t\t\t\t\t\t\t<\/li>\n\t\t\t\t\t\t\t\t\t\t\t\t\t\t\t\t\t\t\t\t\t<\/ul>\n\t\t\t\t\t\t\t\t\t<\/div>\n\t\t\t\t\t\t\t\t\t\t\t\t\t\t\t<\/div>\n\t\t\t\t\t\t<\/div>\n\n\t\t\t\t\t\t<div class=\"flex w-full px-5\">\n\n\t\t\t\t\t\t\t\t\t\t\t\t\t\t\t<a href=\"https:\/\/astridlindgrensnas.se\/de\/angebot\/basisangebot\/\" class=\"w-full mt-3 text-center btn\">\n\t\t\t\t\t\t\t\t\t<p class=\"-button\">\n\t\t\t\t\t\t\t\t\t\tMehr erfahren und buchen\t\t\t\t\t\t\t\t\t<\/p>\n\t\t\t\t\t\t\t\t<\/a>\n\t\t\t\t\t\t\t\t\t\t\t\t\t<\/div>\n\n\t\t\t\t\t<\/div>\n\t\t\t\t\t\t\t\t\t<div class=\"flex flex-col items-center justify-between pb-5 max-w-[35rem]  tablet:max-w-[45rem] bg-whiteish rounded-lg\">\n\t\t\t\t\t\t<div class=\"flex flex-col items-start w-full\">\n\n\t\t\t\t\t\t\t<img decoding=\"async\" class=\"h-[19rem] mobile:h-[11rem] object-cover w-full rounded-t-lg\" src=\"https:\/\/astridlindgrensnas.se\/wp-content\/uploads\/2025\/03\/front.jpg\" alt=\"\">\n\t\t\t\t\t\t\t<div class=\"flex flex-col gap-3 px-5 py-4\">\n\t\t\t\t\t\t\t\t<div class=\"flex flex-col gap-2\">\n\n\t\t\t\t\t\t\t\t\t<p class=\"text-green -demi text-[14px]\">\n\t\t\t\t\t\t\t\t\t\t\t\t\t\t\t\t\t\t\t\t<\/h5>\n\t\t\t\t\t\t\t\t\t<h3 class=\"text-trueBlack -demi -small\">Willkommen in Astrids Zuhause <\/h5>\n\t\t\t\t\t\t\t\t<\/div>\n\n\t\t\t\t\t\t\t\t<p>Begleiten Sie uns auf einer F\u00fchrung in genau das Umfeld, das Vorbild f\u00fcr die Geschichten \u00fcber Bullerb\u00fc, Madita, Michel aus L\u00f6nneberga und all die anderen war. <\/p>\n\t\t\t\t\t\t\t\t\t\t\t\t\t\t\t\t\t<div class=\"flex flex-col\">\n\t\t\t\t\t\t\t\t\t\t<p class=\"uppercase text-trueBlack -demi text-[14px] pb-1\">Was ist enthalten?<\/h5>\n\t\t\t\t\t\t\t\t\t\t<ul class=\"list-disc list-inside text-green \">\n\t\t\t\t\t\t\t\t\t\t\t\t\t\t\t\t\t\t\t\t\t\t\t<li class=\"text-black marker:text-green marker:text-[1.4rem] indent-[-1.9rem] pl-[1.9rem] pb-[6px] leading-none text-[14px]\">\n\t\t\t\t\t\t\t\t\t\t\t\t\tF\u00fchrung durch das Elternhaus von Astrid Lindgren.\t\t\t\t\t\t\t\t\t\t\t\t<\/li>\n\t\t\t\t\t\t\t\t\t\t\t\t\t\t\t\t\t\t\t\t\t\t\t<li class=\"text-black marker:text-green marker:text-[1.4rem] indent-[-1.9rem] pl-[1.9rem] pb-[6px] leading-none text-[14px]\">\n\t\t\t\t\t\t\t\t\t\t\t\t\tDauerausstellung und tempor\u00e4re Ausstellungen\t\t\t\t\t\t\t\t\t\t\t\t<\/li>\n\t\t\t\t\t\t\t\t\t\t\t\t\t\t\t\t\t\t\t\t\t\t\t<li class=\"text-black marker:text-green marker:text-[1.4rem] indent-[-1.9rem] pl-[1.9rem] pb-[6px] leading-none text-[14px]\">\n\t\t\t\t\t\t\t\t\t\t\t\t\tDie G\u00e4rten in Astrid Lindgrens N\u00e4s\t\t\t\t\t\t\t\t\t\t\t\t<\/li>\n\t\t\t\t\t\t\t\t\t\t\t\t\t\t\t\t\t\t\t\t\t<\/ul>\n\t\t\t\t\t\t\t\t\t<\/div>\n\t\t\t\t\t\t\t\t\t\t\t\t\t\t\t<\/div>\n\t\t\t\t\t\t<\/div>\n\n\t\t\t\t\t\t<div class=\"flex w-full px-5\">\n\n\t\t\t\t\t\t\t\t\t\t\t\t\t\t\t<a href=\"https:\/\/astridlindgrensnas.se\/de\/angebot\/gruppenfuehrungen\/\" class=\"w-full mt-3 text-center btn\">\n\t\t\t\t\t\t\t\t\t<p class=\"-button\">\n\t\t\t\t\t\t\t\t\t\tMehr erfahren und buchen\t\t\t\t\t\t\t\t\t<\/p>\n\t\t\t\t\t\t\t\t<\/a>\n\t\t\t\t\t\t\t\t\t\t\t\t\t<\/div>\n\n\t\t\t\t\t<\/div>\n\t\t\t\t\t\t\t\t\t<\/div>\n\t<\/div>\n<\/div>\n\n\n<div class=\"w-full\">\n\t<div class=\"flex flex-col w-full m-auto py-7 gap-7 inner-contain\">\n\t\t\t\t\t\t\t\t\t<div data-aos=\"\" data-aos-duration=\"\" class=\"flex relative items-center justify-between w-full m-auto tablet:w-3\/4 tablet-sm:w-full tablet:flex-col-reverse desktop-sm:px-4 gap-7 \">\n\t\t\t\t\t<div class=\"flex flex-col items-start justify-center w-full gap-5 max-w-[40%] tablet:max-w-full\">\n\t\t\t\t\t\t<h3 class=\"-demi text-darkGreen\">Die Ausstellung \u201eAstrid Lindgren und die Kraft des Erz\u00e4hlens\u201c<\/h3>\n\t\t\t\t\t\t\t\t\t\t\t\t\t<p class=\"text-black text-[20px]\">Unsere neue, gro\u00dfe Ausstellung erz\u00e4hlt die faszinierende Geschichte der ber\u00fchmtesten und beliebtesten Schriftstellerin Schwedens. Astrid Lindgren hat das gesamte schwedische 20. Jahrhundert wie niemand anders beeinflusst. Sie ist immer noch hochaktuell. Sie hat uns wunderbare Geschichten, Lieder, Filme und Theaterst\u00fccke hinterlassen. Sie hat uns eine Vorstellung davon gegeben, was richtig und was falsch ist. Unsere Ausstellung spiegelt all dies wider, von ihrer Kindheit \u00fcber die turbulenten Kriegsjahre bis hin zu den aktuellen Themen unserer Zeit.  <\/p>\n\t\t\t\t\t\t\t\t\t\t\t\t\t\t\t\t\t<\/div>\n\t\t\t\t\t\t\t\t\t\t\t\t\t\t\t\t\t\t<div class=\"flex items-center justify-center w-full\">\n\t\t\t\t\t\t\t\t<img decoding=\"async\" class=\"object-cover w-full h-[30rem] mobile-sm:h-[16rem] mobile:h-[18rem] rounded-lg\" src=\"https:\/\/astridlindgrensnas.se\/wp-content\/uploads\/2025\/01\/bokhyllan.png\" alt=\"\">\n\t\t\t\t\t\t\t<\/div>\n\t\t\t\t\t\t\t\t\t\t\t\n\n\t\t\t\t<\/div>\n\t\t\t\t\t\t\t<div data-aos=\"\" data-aos-duration=\"\" class=\"flex relative items-center justify-between w-full m-auto tablet:w-3\/4 tablet-sm:w-full tablet:flex-col-reverse desktop-sm:px-4 gap-7 flex-row-reverse\">\n\t\t\t\t\t<div class=\"flex flex-col items-start justify-center w-full gap-5 max-w-[40%] tablet:max-w-full\">\n\t\t\t\t\t\t<h3 class=\"-demi text-darkGreen\">Laufende Ausstellungen<\/h3>\n\t\t\t\t\t\t\t\t\t\t\t\t\t<p class=\"text-black text-[20px]\">In Astrid Lindgrens N\u00e4s k\u00f6nnen Sie sich immer die gro\u00dfe Astrid Lindgren-Ausstellung sehen. Dar\u00fcber hinaus produzieren wir tempor\u00e4re Ausstellungen im Pavillon, im Pr\u00e4stg\u00e5rden und drau\u00dfen in den G\u00e4rten. Die Sommerausstellung 2025 im Pfarrhaus und Gartenhaus tr\u00e4gt den Titel \u201eAstrid Lindgren \u2013 die Landschaft der Fantasie\u201c. <\/p>\n\t\t\t\t\t\t\t\t\t\t\t\t\t\t\t\t\t\t\t<a class=\"btn\" href=\"https:\/\/astridlindgrensnas.se\/utstallningarna\/\" target=\"\">\n\t\t\t\t\t\t\t\t<p class=\"-button\">\n\t\t\t\t\t\t\t\t\tMehr \u00fcber die Ausstellung erfahren\t\t\t\t\t\t\t\t<\/p>\n\t\t\t\t\t\t\t<\/a>\n\t\t\t\t\t\t\t\t\t\t\t<\/div>\n\t\t\t\t\t\t\t\t\t\t\t\t\t\t\t\t\t\t<div class=\"flex items-center justify-center w-full\">\n\t\t\t\t\t\t\t\t<img decoding=\"async\" class=\"object-cover w-full h-[30rem] mobile-sm:h-[16rem] mobile:h-[18rem] rounded-lg\" src=\"https:\/\/astridlindgrensnas.se\/wp-content\/uploads\/2025\/02\/49a3019.jpg\" alt=\"\">\n\t\t\t\t\t\t\t<\/div>\n\t\t\t\t\t\t\t\t\t\t\t\n\n\t\t\t\t<\/div>\n\t\t\t\t\t\t<\/div>\n<\/div>\n\n\n<div class=\"w-full\">\n\t<div class=\"flex flex-col w-full m-auto py-7 gap-7 inner-contain\">\n\t\t\t\t\t\t\t\t\t<div data-aos=\"\" data-aos-duration=\"\" class=\"flex relative items-center justify-between w-full m-auto tablet:w-3\/4 tablet-sm:w-full tablet:flex-col-reverse desktop-sm:px-4 gap-7 \">\n\t\t\t\t\t<div class=\"flex flex-col items-start justify-center w-full gap-5 max-w-[40%] tablet:max-w-full\">\n\t\t\t\t\t\t<h3 class=\"-demi text-darkGreen\">Besuchen Sie das Elternhaus von Astrid Lindgren<\/h3>\n\t\t\t\t\t\t\t\t\t\t\t\t\t<p class=\"text-black text-[20px]\">Ein Besuch im Elternhaus von Astrid Lindgren ist wie eine Reise in die Vergangenheit. Alles ist noch da, genau wie damals, als Astrid klein war. Die Pedalorgel, auf der sie nicht \u00fcben wollte, das sch\u00f6ne Kissen, das sie gestickt hat, das Bett, in dem sie geboren wurde. Astrid Lindgren ist im Laufe ihres langen Lebens so oft wie m\u00f6glich hierher zur\u00fcckgekehrt.<\/p>\n\t\t\t\t\t\t\t\t\t\t\t\t\t\t\t\t\t<\/div>\n\t\t\t\t\t\t\t\t\t\t\t\t\t\t\t\t\t\t<div class=\"flex items-center justify-center w-full\">\n\t\t\t\t\t\t\t\t<img decoding=\"async\" class=\"object-cover w-full h-[30rem] mobile-sm:h-[16rem] mobile:h-[18rem] rounded-lg\" src=\"https:\/\/astridlindgrensnas.se\/wp-content\/uploads\/2025\/03\/sida.png\" alt=\"\">\n\t\t\t\t\t\t\t<\/div>\n\t\t\t\t\t\t\t\t\t\t\t\n\n\t\t\t\t<\/div>\n\t\t\t\t\t\t\t<div data-aos=\"\" data-aos-duration=\"\" class=\"flex relative items-center justify-between w-full m-auto tablet:w-3\/4 tablet-sm:w-full tablet:flex-col-reverse desktop-sm:px-4 gap-7 flex-row-reverse\">\n\t\t\t\t\t<div class=\"flex flex-col items-start justify-center w-full gap-5 max-w-[40%] tablet:max-w-full\">\n\t\t\t\t\t\t<h3 class=\"-demi text-darkGreen\">Besuchen Sie das Elternhaus von Astrid Lindgren<\/h3>\n\t\t\t\t\t\t\t\t\t\t\t\t\t<p class=\"text-black text-[20px]\">Eine F\u00fchrung durch das Elternhaus wird zu einer lebendigen Geschichte \u00fcber die Familie von Astrid Lindgren und \u00fcber das Leben auf einem Bauernhof vor 100 Jahren. Heute ist das Haus ein Privathaus im Besitz der Familie und es kann nur im Rahmen unserer F\u00fchrungen besichtigt werden.<\/p>\n\t\t\t\t\t\t\t\t\t\t\t\t\t\t\t\t\t\t\t<a class=\"btn\" href=\"https:\/\/astridlindgrensnas.se\/barndomshemmet\/\" target=\"\">\n\t\t\t\t\t\t\t\t<p class=\"-button\">\n\t\t\t\t\t\t\t\t\tMehr \u00fcber unsere F\u00fchrungen erfahren\t\t\t\t\t\t\t\t<\/p>\n\t\t\t\t\t\t\t<\/a>\n\t\t\t\t\t\t\t\t\t\t\t<\/div>\n\t\t\t\t\t\t\t\t\t\t\t\t\t\t\t\t\t\t<div class=\"flex items-center justify-center w-full\">\n\t\t\t\t\t\t\t\t<img decoding=\"async\" class=\"object-cover w-full h-[30rem] mobile-sm:h-[16rem] mobile:h-[18rem] rounded-lg\" src=\"https:\/\/astridlindgrensnas.se\/wp-content\/uploads\/2025\/04\/081211-kok.jpg\" alt=\"\">\n\t\t\t\t\t\t\t<\/div>\n\t\t\t\t\t\t\t\t\t\t\t\n\n\t\t\t\t<\/div>\n\t\t\t\t\t\t<\/div>\n<\/div>\n\n<div id=\"gruppbesok-inspriration\" class=\"flex flex-col w-full m-auto py-7 fp-image-contain mb-[-64px]\">\n\t\t\t\t\t\t<img decoding=\"async\" data-aos=\"\" data-aos-duration=\"\" class=\"top-0 object-cover w-full max-h-[900px] min-h-[600px] rounded-xl desktop-md:rounded-none\" src=\"https:\/\/astridlindgrensnas.se\/wp-content\/uploads\/2025\/02\/stenmur-maj15-scaled.jpg\" alt=\"\">\n\t\t\t\t<div class=\"flex\">\n\t\t\t<div class=\"flex  w-full relative top-[-128px] !mb-[-128px] z-10 ml-8 tablet:w-[90%] tablet:m-auto\">\n\t\t\t\t<div class=\"flex flex-col items-start max-w-[50%] tablet:items-center bg-whiteish p-6 tablet:px-4 mr-8 rounded-lg gap-5 tablet:max-w-none mobile:w-full tablet:mr-0 lg-shadow\">\n\t\t\t\t\t\t\t\t\t\t\t<h3 class=\"text-darkGreen -demi mobile:text-center\">Die G\u00e4rten in Astrid Lindgrens N\u00e4s<\/h3>\n\t\t\t\t\t\t\t\t\t\t<p class=\"text-blackish tablet:text-center\">Die G\u00e4rten in Astrid Lindgrens N\u00e4s sind ein Gartenpark, der von Astrid Lindgrens Leben und Werk inspiriert wurde. Die G\u00e4rten bestehen aus verschiedenen gr\u00fcnen R\u00e4umen, die zum Spielen und Entdecken sowie zu ruhigen Gespr\u00e4chen und zum Ausruhen einladen.<\/p>\n\t\t\t\t\t\t\t\t\t<\/div>\n\t\t\t<\/div>\n\t\t<\/div>\n\t\n<\/div>\n\n\n<div class=\"w-full\">\n\t<div class=\"flex flex-col w-full m-auto py-7 gap-7 inner-contain\">\n\t\t\t\t\t\t\t\t\t<div data-aos=\"\" data-aos-duration=\"\" class=\"flex relative items-center justify-between w-full m-auto tablet:w-3\/4 tablet-sm:w-full tablet:flex-col-reverse desktop-sm:px-4 gap-7 \">\n\t\t\t\t\t<div class=\"flex flex-col items-start justify-center w-full gap-5 max-w-[40%] tablet:max-w-full\">\n\t\t\t\t\t\t<h3 class=\"-demi text-darkGreen\">Erz\u00e4hlende G\u00e4rten<\/h3>\n\t\t\t\t\t\t\t\t\t\t\t\t\t<p class=\"text-black text-[20px]\">Wenn Sie wissen m\u00f6chten, welche Pflanzen wir hier gepflanzt haben, gibt es f\u00fcr jeden Gartenraum ein eigenes Holzbuch mit einer Geschichte dar\u00fcber, was die Inspiration f\u00fcr die Arbeit war und welche Pflanzen Sie dort finden k\u00f6nnen. Der Garten steckt voller Erz\u00e4hlungen. Manche Besucher lesen gern und vertiefen sich in Dinge. Andere m\u00f6chten einfach nur die Seele baumeln lassen. Jeder macht, was er m\u00f6chte, im Garten gibt es keine Verpflichtungen. Wer eine Pause braucht, findet hier fantasievolle Sitzgelegenheiten: manche sind B\u00e4nke aus Holz, andere H\u00e4ngest\u00fchle auf Stahlgestellen, die zum Schaukeln einladen.<\/p>\n\t\t\t\t\t\t\t\t\t\t\t\t\t\t\t\t\t\t\t<a class=\"btn\" href=\"https:\/\/astridlindgrensnas.se\/tradgardarna\/\" target=\"\">\n\t\t\t\t\t\t\t\t<p class=\"-button\">\n\t\t\t\t\t\t\t\t\tMehr \u00fcber die G\u00e4rten erfahren\t\t\t\t\t\t\t\t<\/p>\n\t\t\t\t\t\t\t<\/a>\n\t\t\t\t\t\t\t\t\t\t\t<\/div>\n\t\t\t\t\t\t\t\t\t\t\t\t\t\t\t\t\t\t<div class=\"flex items-center justify-center w-full\">\n\t\t\t\t\t\t\t\t<img decoding=\"async\" class=\"object-cover w-full h-[30rem] mobile-sm:h-[16rem] mobile:h-[18rem] rounded-lg\" src=\"https:\/\/astridlindgrensnas.se\/wp-content\/uploads\/2025\/02\/y3a6503-scaled.jpg\" alt=\"\">\n\t\t\t\t\t\t\t<\/div>\n\t\t\t\t\t\t\t\t\t\t\t\n\n\t\t\t\t<\/div>\n\t\t\t\t\t\t<\/div>\n<\/div>\n\n\n<div class=\"w-full\">\n\t<div class=\"flex flex-col w-full m-auto py-7 gap-7 inner-contain\">\n\t\t\t\t\t\t\t\t\t<div data-aos=\"\" data-aos-duration=\"\" class=\"flex relative items-center justify-between w-full m-auto tablet:w-3\/4 tablet-sm:w-full tablet:flex-col-reverse desktop-sm:px-4 gap-7 flex-row-reverse\">\n\t\t\t\t\t<div class=\"flex flex-col items-start justify-center w-full gap-5 max-w-[40%] tablet:max-w-full\">\n\t\t\t\t\t\t<h3 class=\"-demi text-darkGreen\">\u00dcber unser Restaurant<\/h3>\n\t\t\t\t\t\t\t\t\t\t\t\t\t<p class=\"text-black text-[20px]\">Im Restaurant in Astrid Lindgrens N\u00e4s bieten wir sowohl hausgemachte Gerichte als auch ein Caf\u00e9-Sortiment aus lokal produzierten Rohwaren an. Wir m\u00f6chten, dass die Natur w\u00e4hrend des gesamten Speiseerlebnisses pr\u00e4sent ist und streben eine m\u00f6glichst klimafreundliche Speisekarte an. F\u00fcr unsere Gruppen bieten wir sowohl Mittagessen als auch typisch schwedischen \u201eFika\u201c mit Kaffee\/Tee und Geb\u00e4ck an.\r\n\r\n<\/p>\n\t\t\t\t\t\t\t\t\t\t\t\t\t\t\t\t\t\t\t<a class=\"btn\" href=\"https:\/\/astridlindgrensnas.se\/restaurang\/\" target=\"\">\n\t\t\t\t\t\t\t\t<p class=\"-button\">\n\t\t\t\t\t\t\t\t\tSpeisekarte ansehen\t\t\t\t\t\t\t\t<\/p>\n\t\t\t\t\t\t\t<\/a>\n\t\t\t\t\t\t\t\t\t\t\t<\/div>\n\t\t\t\t\t\t\t\t\t\t\t\t\t\t\t\t\t\t<div class=\"flex items-center justify-center w-full\">\n\t\t\t\t\t\t\t\t<img decoding=\"async\" class=\"object-cover w-full h-[30rem] mobile-sm:h-[16rem] mobile:h-[18rem] rounded-lg\" src=\"https:\/\/astridlindgrensnas.se\/wp-content\/uploads\/2025\/01\/img-9687.webp\" alt=\"\">\n\t\t\t\t\t\t\t<\/div>\n\t\t\t\t\t\t\t\t\t\t\t\n\n\t\t\t\t<\/div>\n\t\t\t\t\t\t<\/div>\n<\/div>\n\n\n<div class=\"flex items-center justify-center w-full py-7\">\n\t<div class=\"flex items-center justify-center w-full m-auto text-contain\">\n\t\t\t\t\t<a class=\"transition-colors duration-150 ease-in-out text-green group w-fit hover:text-darkGreen\" href=\"https:\/\/astridlindgrensnas.se\/oppettider-och-kalender\/\" target=\"\">\n\t\t\t\t<div class=\"flex items-center gap-3 mobile:gap-3\">\n\t\t\t\t\t<img decoding=\"async\" class=\"group-hover:translate-x-[-5px] pb-[.3rem] transition-transform duration-200 ease-in-out mobile:max-w-[3rem]\" src=\"\/wp-content\/themes\/astridlindgrensnas\/assets\/Arrow-back-aln.svg\" alt=\"\">\n\t\t\t\t\t<p class=\"font-semibold\">Zu \u00d6ffnungszeiten und Kalender<\/p>\n\t\t\t\t<\/div>\n\t\t\t<\/a>\n\t\t\t<\/div>\n<\/div>","protected":false},"excerpt":{"rendered":"","protected":false},"author":2,"featured_media":0,"parent":0,"menu_order":0,"comment_status":"closed","ping_status":"closed","template":"","meta":{"_acf_changed":false,"footnotes":""},"class_list":["post-5615","page","type-page","status-publish","hentry"],"acf":[],"_links":{"self":[{"href":"https:\/\/astridlindgrensnas.se\/de\/wp-json\/wp\/v2\/pages\/5615","targetHints":{"allow":["GET"]}}],"collection":[{"href":"https:\/\/astridlindgrensnas.se\/de\/wp-json\/wp\/v2\/pages"}],"about":[{"href":"https:\/\/astridlindgrensnas.se\/de\/wp-json\/wp\/v2\/types\/page"}],"author":[{"embeddable":true,"href":"https:\/\/astridlindgrensnas.se\/de\/wp-json\/wp\/v2\/users\/2"}],"replies":[{"embeddable":true,"href":"https:\/\/astridlindgrensnas.se\/de\/wp-json\/wp\/v2\/comments?post=5615"}],"version-history":[{"count":2,"href":"https:\/\/astridlindgrensnas.se\/de\/wp-json\/wp\/v2\/pages\/5615\/revisions"}],"predecessor-version":[{"id":7057,"href":"https:\/\/astridlindgrensnas.se\/de\/wp-json\/wp\/v2\/pages\/5615\/revisions\/7057"}],"wp:attachment":[{"href":"https:\/\/astridlindgrensnas.se\/de\/wp-json\/wp\/v2\/media?parent=5615"}],"curies":[{"name":"wp","href":"https:\/\/api.w.org\/{rel}","templated":true}]}}