{"id":5623,"date":"2025-04-08T11:04:10","date_gmt":"2025-04-08T09:04:10","guid":{"rendered":"https:\/\/astridlindgrensnas.se\/ueber-astrid-lindgrens-welt\/"},"modified":"2025-05-05T15:11:36","modified_gmt":"2025-05-05T13:11:36","slug":"ueber-astrid-lindgrens-welt","status":"publish","type":"page","link":"https:\/\/astridlindgrensnas.se\/de\/ueber-astrid-lindgrens-welt\/","title":{"rendered":"\u00dcber Astrid Lindgrens Welt"},"content":{"rendered":"\n<div class=\"relative flex flex-col items-center  w-full justify-center \">\n\t\t\t\t\t<img decoding=\"async\" class=\"top-0 object-cover w-full h-[60vh] min-h-[700px] mobile:min-h-[540px] desktop:max-h-[650px] tablet:max-h-[700px]\" src=\"https:\/\/astridlindgrensnas.se\/wp-content\/uploads\/2025\/04\/stridens-dagi-1-3200x1440px-1.jpg\" alt=\"\">\n\t<\/div>\n\n\n<div class=\"flex items-center justify-center w-full px-4 py-7\">\n\t<div data-aos=\" \" data-aos-duration=\"\" class=\"flex flex-col items-center w-full gap-5 m-auto text-center inner-contain\">\n\t\t\t\t\t<h2 class=\"text-darkGreen\">\u00dcber Astrid Lindgrens Welt<\/h2>\n\t\t\t\t\t\t\t<p class=\"-large text-darkGreen\">Hier in Astrid Lindgrens Welt gibt es Katthult, Villa Kunterbunt, die Mattisburg und die Krachmacherstra\u00dfe in echt. Hier k\u00f6nnen Sie Michel, Pippi, Ronja und die meisten anderen treffen, \u00fcber die Astrid Lindgren erz\u00e4hlt hat. Der 1981 gegr\u00fcndete Themenpark befindet sich in Astrid Lindgrens Geburtsort Vimmerby, unweit ihres Elternhauses N\u00e4s. <\/p>\n\t\t\t\t\t<\/div>\n<\/div>\n\n<div id=\"detvareng\u00e5ng\" class=\"flex flex-col w-full m-auto py-7 fp-image-contain \">\n\t\t\t<div class=\"relative w-full min-h-[988px] mb-[-64px] tablet:mb-[-128px] mobile:min-h-[640px] m-auto flex align-center justify-start flex-col fp-image-contain\">\n\t\t\t\t\t\t\t<img decoding=\"async\" data-aos=\"\" data-aos-duration=\"\" class=\"object-cover w-full max-h-[860px] rounded-xl desktop-md:rounded-none min-h-[700px] mobile:min-h-[490px]\" src=\"https:\/\/astridlindgrensnas.se\/wp-content\/uploads\/2025\/01\/pippi-lek1-3200x1440px-scaled.jpg\" alt=\"\">\n\t\t\t\t\t\t<div class=\"absolute bottom-[64px] flex flex-col items-center w-full m-auto gap-7 mobile:px-4\">\n\t\t\t\t<div class=\"bg-whiteish lg-shadow p-[80px] mobile:p-4 flex flex-col tablet:w-[90%] mobile:w-full text-black text-center inner-contain rounded-lg w-full items-center\">\n\t\t\t\t\t<div class=\"flex flex-col max-w-[760px] gap-5 mobile:gap-3 items-center\">\n\t\t\t\t\t\t<div class=\"flex flex-col gap-2 text-center\">\n\t\t\t\t\t\t\t\t\t\t\t\t\t\t\t\t\t\t\t\t\t\t<h2 class=\"text-darkGreen mobile:text-[24px] uppercase -wilma\">Es war einmal &#8230;<\/h2>\n\t\t\t\t\t\t\t\t\t\t\t\t\t<\/div>\n\t\t\t\t\t\t<p class=\"-medium text-trueBlack mobile:!text-[14px]\">Es ist \u00fcber 40 Jahre her, seit mit dem Bau von Astrid Lindgrens Welt begonnen wurde. Im Laufe der Jahre hat das Interesse an dem Park zugenommen. Dazu beigetragen hat auch die Spielfreude unserer G\u00e4ste und das Interesse an den Erz\u00e4hlungen von Astrid Lindgren. \u201eSpielfreude\u201c und \u201eAstrid Lindgren\u201c sind zwei Begriffe, die eng miteinander verbunden sind. Astrid Lindgren unterst\u00fctzte die Arbeit mit dem Park unter der Bedingung, dass die Kinder dort Kinder sein, auf traditionelle Weise spielen und Figuren und Welten treffen und kennenlernen k\u00f6nnen, die in ihren B\u00fcchern vorkommen \u2013 ohne sich von den kommerziellen Interessen der Erwachsenenwelt beeinflussen zu lassen.<\/p>\n\t\t\t\t\t\t\t\t\t\t\t<\/div>\n\t\t\t\t<\/div>\n\t\t\t<\/div>\n\t\t<\/div>\n\t\n<\/div>\n\n\n<div class=\"flex items-center justify-center w-full px-4 py-7\">\n\t<div data-aos=\" \" data-aos-duration=\"\" class=\"flex flex-col items-center w-full gap-5 m-auto text-center inner-contain\">\n\t\t\t\t\t\t\t<p class=\"-large text-darkGreen\">Unser Ziel ist es, dass alles, worauf Sie im Park treffen, ihren Erz\u00e4hlungen treu bleibt. Mit Hilfe eines Programmrats, bestehend aus Astrid Lindgrens Familie und engen Freunden, lassen wir die Orte, die Ereignisse, die Stimmung, die Lieder, das Essen, die Streiche und alle Figuren, \u00fcber die Astrid Lindgren geschrieben hat, Wirklichkeit werden. So k\u00f6nnen sich unsere G\u00e4ste sicher sein, dass Astrid Lindgrens Geist \u00fcber allem ruht, was im Park passiert, und dass ihre Erz\u00e4hlungen immer an erster Stelle stehen. Genau so, wie es sein sollte.<\/p>\n\t\t\t\t\t<\/div>\n<\/div>\n\n<div id=\"envarld\" class=\"flex flex-col w-full m-auto py-7 fp-image-contain mb-[-64px]\">\n\t\t\t\t\t\t<img decoding=\"async\" data-aos=\"\" data-aos-duration=\"\" class=\"top-0 object-cover w-full max-h-[900px] min-h-[600px] rounded-xl desktop-md:rounded-none\" src=\"https:\/\/astridlindgrensnas.se\/wp-content\/uploads\/2025\/04\/emil-mote1-3200x1440px.jpg\" alt=\"\">\n\t\t\t\t<div class=\"flex\">\n\t\t\t<div class=\"flex  w-full relative top-[-128px] !mb-[-128px] z-10 ml-8 tablet:w-[90%] tablet:m-auto\">\n\t\t\t\t<div class=\"flex flex-col items-start max-w-[50%] tablet:items-center bg-whiteish p-6 tablet:px-4 mr-8 rounded-lg gap-5 tablet:max-w-none mobile:w-full tablet:mr-0 lg-shadow\">\n\t\t\t\t\t\t\t\t\t\t\t<h3 class=\"text-darkGreen -wilma mobile:text-center\">Eine Welt, die aus vielen Welten besteht<\/h3>\n\t\t\t\t\t\t\t\t\t\t<p class=\"text-blackish tablet:text-center\">Astrid Lindgrens Welt ist eigentlich nicht eine einzige, sondern viele Welten, die an einem Ort gesammelt wurden. Hier k\u00f6nnen Sie die Villa Kunterbunt, Katthult, Karlssons Haus auf dem Dach, die Mattisburg, die Katlah\u00f6hle und all die anderen magischen Orte aus den Erz\u00e4hlungen von Astrid Lindgren besuchen.<\/p>\n\t\t\t\t\t\t\t\t\t\t\t<a class=\"btn group w-fit\" href=\"https:\/\/astridlindgrensvarld.se\/de\/figuren\/\" target=\"_blank\">\n\t\t\t\t\t\t\t<div class=\"flex items-center gap-5\">\n\t\t\t\t\t\t\t\t<p class=\"-button\">Entdecken Sie den Park<\/p>\n\t\t\t\t\t\t\t<\/div>\n\t\t\t\t\t\t<\/a>\n\t\t\t\t\t\t\t\t\t<\/div>\n\t\t\t<\/div>\n\t\t<\/div>\n\t\n<\/div>","protected":false},"excerpt":{"rendered":"","protected":false},"author":2,"featured_media":0,"parent":0,"menu_order":0,"comment_status":"closed","ping_status":"closed","template":"","meta":{"_acf_changed":false,"footnotes":""},"class_list":["post-5623","page","type-page","status-publish","hentry"],"acf":[],"_links":{"self":[{"href":"https:\/\/astridlindgrensnas.se\/de\/wp-json\/wp\/v2\/pages\/5623","targetHints":{"allow":["GET"]}}],"collection":[{"href":"https:\/\/astridlindgrensnas.se\/de\/wp-json\/wp\/v2\/pages"}],"about":[{"href":"https:\/\/astridlindgrensnas.se\/de\/wp-json\/wp\/v2\/types\/page"}],"author":[{"embeddable":true,"href":"https:\/\/astridlindgrensnas.se\/de\/wp-json\/wp\/v2\/users\/2"}],"replies":[{"embeddable":true,"href":"https:\/\/astridlindgrensnas.se\/de\/wp-json\/wp\/v2\/comments?post=5623"}],"version-history":[{"count":2,"href":"https:\/\/astridlindgrensnas.se\/de\/wp-json\/wp\/v2\/pages\/5623\/revisions"}],"predecessor-version":[{"id":5903,"href":"https:\/\/astridlindgrensnas.se\/de\/wp-json\/wp\/v2\/pages\/5623\/revisions\/5903"}],"wp:attachment":[{"href":"https:\/\/astridlindgrensnas.se\/de\/wp-json\/wp\/v2\/media?parent=5623"}],"curies":[{"name":"wp","href":"https:\/\/api.w.org\/{rel}","templated":true}]}}