{"id":5846,"date":"2025-02-04T14:50:47","date_gmt":"2025-02-04T13:50:47","guid":{"rendered":"https:\/\/astridlindgrensnas.se\/cookies\/"},"modified":"2025-05-05T14:23:02","modified_gmt":"2025-05-05T12:23:02","slug":"cookies","status":"publish","type":"page","link":"https:\/\/astridlindgrensnas.se\/de\/cookies\/","title":{"rendered":"Cookies"},"content":{"rendered":"\n<div data-aos=\"\" data-aos-duration=\"\" class=\"tablet:px-4 mobile-sm:px-2\">\n\t<div class=\"flex flex-col items-center w-full px-6 m-auto rounded-md mobile:px-5 mt-7 inner-contain bg-whiteish mb-7\">\n\n\t\t\t\t\t<h2 class=\"w-3\/4 text-center pt-7 text-darkGreen tablet:w-full\">Cookies<\/h2>\n\t\t\t\t<div class=\"flex flex-col items-center justify-center w-full m-auto py-7 desktop-sm:px-4 tablet:px-0 text-contain\">\n\t\t\t<div class=\"flex flex-col items-center justify-center w-full\">\n\n\t\t\t\t\t\t\t\t\t\t\t\t\t\t\t<div class=\"flex flex-col items-start justify-center w-full pb-5\">\n\n\t\t\t\t\t\t\t<div class=\"wysiwyg-style \">\n\t\t\t\t\t\t\t\t<p>Diese Website verwendet Cookies. Wir verwenden Ger\u00e4tekennungen, um Inhalte und Anzeigen f\u00fcr Benutzer*innen zu personalisieren, Social-Media-Funktionen bereitzustellen und unseren Datenverkehr zu analysieren. Wir leiten solche Kennungen und andere Informationen von Ihrem Ger\u00e4t auch an die Social-Media-, Werbe- und Analyseunternehmen weiter, mit denen wir zusammenarbeiten. Diese wiederum k\u00f6nnen die Informationen mit anderen Informationen kombinieren, die Sie bereitgestellt oder die sie gesammelt haben, als Sie ihre Dienste genutzt haben.<\/p>\n<p>Cookies sind kleine Textdateien, die von Websites verwendet werden k\u00f6nnen, um die Benutzererfahrung effizienter zu gestalten.<\/p>\n<p>Laut Gesetz d\u00fcrfen wir Cookies auf Ihrem Ger\u00e4t ablegen, wenn diese f\u00fcr die Nutzung dieser Website unbedingt erforderlich sind. F\u00fcr alle anderen Zwecke ist Ihre Zustimmung erforderlich.<\/p>\n<p>Diese Website verwendet verschiedene Arten von Cookies. Einige Cookies werden von Drittanbieterdiensten platziert, die auf unseren Seiten angezeigt werden.<\/p>\n<p>Sie k\u00f6nnen Ihre Einwilligung zur Cookie-Richtlinie auf unserer Website \u00e4ndern oder widerrufen.<\/p>\n<p>In unserer Datenschutzrichtlinie erfahren Sie mehr dar\u00fcber, wer wir sind, wie Sie sich an uns wenden k\u00f6nnen und wie wir personenbezogene Daten verarbeiten.<\/p>\n<p>Wenn Sie sich an uns wenden, m\u00fcssen Sie Ihre Einwilligungs-ID und das Datum angeben. Sie finden Ihre Einwilligungs-ID und das Datum im Cookiebot-Bereich unten links auf der Website.<\/p>\n<p>Ihre Einwilligung gilt f\u00fcr folgende Domains: <a href=\"http:\/\/www.astridlindgrensnas.se\" target=\"_new\" rel=\"noopener\">www.astridlindgrensnas.se<\/a><\/p>\n<p>Weitere Informationen zu den von uns gesammelten Cookies finden Sie im Cookiebot.<\/p>\n\t\t\t\t\t\t\t<\/div>\n\t\t\t\t\t\t\t\t\t\t\t\t\t<\/div>\n\t\t\t\t\t\t\t\t\t\n\t\t\t<\/div>\n\n\t\t<\/div>\n\n\t<\/div>\n<\/div>","protected":false},"excerpt":{"rendered":"","protected":false},"author":2,"featured_media":0,"parent":0,"menu_order":0,"comment_status":"closed","ping_status":"closed","template":"","meta":{"_acf_changed":false,"footnotes":""},"class_list":["post-5846","page","type-page","status-publish","hentry"],"acf":[],"_links":{"self":[{"href":"https:\/\/astridlindgrensnas.se\/de\/wp-json\/wp\/v2\/pages\/5846","targetHints":{"allow":["GET"]}}],"collection":[{"href":"https:\/\/astridlindgrensnas.se\/de\/wp-json\/wp\/v2\/pages"}],"about":[{"href":"https:\/\/astridlindgrensnas.se\/de\/wp-json\/wp\/v2\/types\/page"}],"author":[{"embeddable":true,"href":"https:\/\/astridlindgrensnas.se\/de\/wp-json\/wp\/v2\/users\/2"}],"replies":[{"embeddable":true,"href":"https:\/\/astridlindgrensnas.se\/de\/wp-json\/wp\/v2\/comments?post=5846"}],"version-history":[{"count":1,"href":"https:\/\/astridlindgrensnas.se\/de\/wp-json\/wp\/v2\/pages\/5846\/revisions"}],"predecessor-version":[{"id":5847,"href":"https:\/\/astridlindgrensnas.se\/de\/wp-json\/wp\/v2\/pages\/5846\/revisions\/5847"}],"wp:attachment":[{"href":"https:\/\/astridlindgrensnas.se\/de\/wp-json\/wp\/v2\/media?parent=5846"}],"curies":[{"name":"wp","href":"https:\/\/api.w.org\/{rel}","templated":true}]}}