{"id":5855,"date":"2025-01-27T14:41:32","date_gmt":"2025-01-27T13:41:32","guid":{"rendered":"https:\/\/astridlindgrensnas.se\/das-elternhaus\/"},"modified":"2025-05-16T10:44:57","modified_gmt":"2025-05-16T08:44:57","slug":"das-elternhaus","status":"publish","type":"page","link":"https:\/\/astridlindgrensnas.se\/de\/das-elternhaus\/","title":{"rendered":"Das Elternhaus"},"content":{"rendered":"\n<div class=\"relative flex flex-col items-center  w-full justify-center \">\n\t\t<div class=\"w-full h-[60vh] min-h-[500px] tablet:max-h-[700px] bg-gradient-to-t opacity-60 from-blackish absolute bottom-0\">\n\n\t<\/div>\n\t\t\t\t<img decoding=\"async\" class=\"top-0 object-cover w-full h-[60vh] min-h-[700px] mobile:min-h-[540px] desktop:max-h-[650px] tablet:max-h-[700px]\" src=\"https:\/\/astridlindgrensnas.se\/wp-content\/uploads\/2025\/02\/nas-header.jpg\" alt=\"\">\n\t\t<div class=\"w-full m-auto text-center absolute bottom-[80px]\">\n\t\t<h1 class=\"text-whiteish\">Zuhause bei Astrid<\/h1>\n\t<\/div>\n<\/div>\n\n\n<div class=\"flex flex-col items-center justify-center w-full gap-5 py-7 tablet:py-7 mobile:pt-0 desktop:px-0 tablet-lg:px-0\">\n\t\t\t<div class=\"flex flex-col w-full gap-3 px-5 pb-5 m-auto text-center mobile:px-4 inner-contain\">\n\t\t\t<h2 class=\"text-trueBlack\"><\/h2>\n\t\t\t<p class=\"-large text-darkGreen\">Ein Besuch im Elternhaus von Astrid Lindgren ist wie eine Reise in die Vergangenheit. Alles ist noch da, genau wie damals, als Astrid klein war. Die Pedalorgel, auf der sie nicht \u00fcben wollte, das sch\u00f6ne Kissen, das sie gestickt hat, das Bett, in dem sie geboren wurde. Alle anderen M\u00f6bel, Gem\u00e4lde und K\u00fcchenutensilien. Man erwartet fast, dass Astrid und ihre drei Geschwister hereingerannt kommen und \u201eKickse-kickse-hu\u201c spielen!<br \/>\r\n<br \/>\r\nEine F\u00fchrung durch das Elternhaus wird zu einer lebendigen Geschichte \u00fcber die Familie von Astrid Lindgren und \u00fcber das Leben auf einem Bauernhof Anfang des 20. Jahrhunderts. Heute ist das Haus ein Privathaus im Besitz der Familie und es kann nur im Rahmen unserer F\u00fchrungen besichtigt werden.<\/p>\n\t\t<\/div>\n\t\t\t\t<div class=\"w-full h-full gap-5 m-auto inner-contain tablet-lg:max-w-none tablet-lg:px-0\">\n\t\t\t<div data-sliderid=\"Typeravvisningar\" class=\"overflow-hidden image-slider tablet-lg:px-4 Typeravvisningar\">\n\t\t\t\t<div class=\"swiper-wrapper tablet:justify-start\">\n\t\t\t\t\t\t\t\t\t\t\t\t\t\t\t\t\t\t<div class=\"swiper-slide\">\n\t\t\t\t\t\t\t\t\t\t\t\t\t\t\t\t\t<a href=\"https:\/\/astridlindgrensnas.se\/de\/das-elternhaus\/fuehrungen\/\" class=\"relative flex flex-col items-center justify-between group max-h-[40rem]\">\n\t\t\t\t\t\t\t\t\t\t<div class=\"mb-5 overflow-hidden rounded-lg\">\n\t\t\t\t\t\t\t\t\t\t\t<img decoding=\"async\" class=\"object-cover w-full transition-all duration-700 aspect-standing group-hover:scale-110\" src=\"https:\/\/astridlindgrensnas.se\/wp-content\/uploads\/2025\/01\/guidning-4-scaled-1.jpg\" alt=\"\">\n\t\t\t\t\t\t\t\t\t\t<\/div>\n\t\t\t\t\t\t\t\t\t\t<div class=\"absolute bottom-0 flex flex-col gap-3 p-5 mx-4 rounded-lg bg-whiteish sm-shadow mobile:px-4 w-[90%]\">\n\t\t\t\t\t\t\t\t\t\t\t<div class=\"flex flex-col w-full\">\n\t\t\t\t\t\t\t\t\t\t\t\t\t\t\t\t\t\t\t\t\t\t\t\t<h4 class=\"text-darkGreen mobile:text-[18px]\">F\u00fchrungen<\/h4>\n\t\t\t\t\t\t\t\t\t\t\t<\/div>\n\t\t\t\t\t\t\t\t\t\t\t<p class=\"text-blackish\">W\u00e4hrend der F\u00fchrung reisen wir zur\u00fcck in die Zeit, als Astrid Lindgren hier auf N\u00e4s aufgewachsen ist.<\/p>\n\t\t\t\t\t\t\t\t\t\t<\/div>\n\t\t\t\t\t\t\t\t\t<\/a>\n\t\t\t\t\t\t\t\t\t\t\t\t\t\t\t<\/div>\n\t\t\t\t\t\t\t\t\t\t\t\t\t<div class=\"swiper-slide\">\n\t\t\t\t\t\t\t\t\t\t\t\t\t\t\t\t\t<a href=\"https:\/\/astridlindgrensnas.se\/de\/das-elternhaus\/private-fuehrungen\/\" class=\"relative flex flex-col items-center justify-between group max-h-[40rem]\">\n\t\t\t\t\t\t\t\t\t\t<div class=\"mb-5 overflow-hidden rounded-lg\">\n\t\t\t\t\t\t\t\t\t\t\t<img decoding=\"async\" class=\"object-cover w-full transition-all duration-700 aspect-standing group-hover:scale-110\" src=\"https:\/\/astridlindgrensnas.se\/wp-content\/uploads\/2025\/02\/nas-1799-idamagntornjpg.webp\" alt=\"\">\n\t\t\t\t\t\t\t\t\t\t<\/div>\n\t\t\t\t\t\t\t\t\t\t<div class=\"absolute bottom-0 flex flex-col gap-3 p-5 mx-4 rounded-lg bg-whiteish sm-shadow mobile:px-4 w-[90%]\">\n\t\t\t\t\t\t\t\t\t\t\t<div class=\"flex flex-col w-full\">\n\t\t\t\t\t\t\t\t\t\t\t\t\t\t\t\t\t\t\t\t\t\t\t\t<h4 class=\"text-darkGreen mobile:text-[18px]\">Private F\u00fchrungen<\/h4>\n\t\t\t\t\t\t\t\t\t\t\t<\/div>\n\t\t\t\t\t\t\t\t\t\t\t<p class=\"text-blackish\">Buchen Sie eine private F\u00fchrung durch das Elternhaus und lassen Sie sich in die Zeit zur\u00fcckversetzen, als Astrid Lindgren ein Kind war. <\/p>\n\t\t\t\t\t\t\t\t\t\t<\/div>\n\t\t\t\t\t\t\t\t\t<\/a>\n\t\t\t\t\t\t\t\t\t\t\t\t\t\t\t<\/div>\n\t\t\t\t\t\t\t\t\t\t\t\t\t<div class=\"swiper-slide\">\n\t\t\t\t\t\t\t\t\t\t\t\t\t\t\t\t\t<a href=\"https:\/\/astridlindgrensnas.se\/de\/das-elternhaus\/gruppenfuehrungen\/\" class=\"relative flex flex-col items-center justify-between group max-h-[40rem]\">\n\t\t\t\t\t\t\t\t\t\t<div class=\"mb-5 overflow-hidden rounded-lg\">\n\t\t\t\t\t\t\t\t\t\t\t<img decoding=\"async\" class=\"object-cover w-full transition-all duration-700 aspect-standing group-hover:scale-110\" src=\"https:\/\/astridlindgrensnas.se\/wp-content\/uploads\/2025\/04\/koksingangen.jpg\" alt=\"\">\n\t\t\t\t\t\t\t\t\t\t<\/div>\n\t\t\t\t\t\t\t\t\t\t<div class=\"absolute bottom-0 flex flex-col gap-3 p-5 mx-4 rounded-lg bg-whiteish sm-shadow mobile:px-4 w-[90%]\">\n\t\t\t\t\t\t\t\t\t\t\t<div class=\"flex flex-col w-full\">\n\t\t\t\t\t\t\t\t\t\t\t\t\t\t\t\t\t\t\t\t\t\t\t\t<h4 class=\"text-darkGreen mobile:text-[18px]\">Gruppenf\u00fchrungen<\/h4>\n\t\t\t\t\t\t\t\t\t\t\t<\/div>\n\t\t\t\t\t\t\t\t\t\t\t<p class=\"text-blackish\">Buchen Sie eine Gruppenf\u00fchrung durch das bewahrte Elternhaus von Astrid Lindgren und erhalten Sie einzigartige Einblicke in ihre Kindheit.\n\n<\/p>\n\t\t\t\t\t\t\t\t\t\t<\/div>\n\t\t\t\t\t\t\t\t\t<\/a>\n\t\t\t\t\t\t\t\t\t\t\t\t\t\t\t<\/div>\n\t\t\t\t\t\t\t\t\t\t\t\t\t\t\t<\/div>\n\t\t\t<\/div>\n\t\t\t<div class=\"!w-1\/2 !m-auto swiper-scrollbar !mt-4 Typeravvisningar-scrollbar\"><\/div>\n\t\t<\/div>\n\t<\/div>\n\n\n<div class=\"flex items-center justify-center w-full py-7\">\n\t<div data-aos=\"\" data-aos-duration=\"\" class=\"flex flex-col items-center justify-center w-full gap-4 px-6 m-auto text-center inner-contain mobile:px-4\">\n\t\t<h2 class=\"-italic text-[36px]  leading-[1.5] text-darkGreen text-center\">\n\t\t\t\u201eEs gab zwei Dinge, die unsere Kindheit ausmachten: Sicherheit und Freiheit. Wir f\u00fchlten uns geborgen bei diesen Eltern, die einander so zugetan waren und stets Zeit f\u00fcr uns hatten, wenn wir sie brauchten, uns im \u00fcbrigen aber frei und unbeschwert auf dem wunderbaren Spielplatz, den wir in dem N\u00e4s unserer Kindheit besa\u00dfen, herumtollen lie\u00dfen.\u201c \t\t<\/h2>\n\t\t<p class=\"text-[20px] text-darkGreen\">Astrid Lindgren, aus \u201eDas entschwundene Land\u201c<\/p>\n\t<\/div>\n<\/div>\n\n\n<div class=\"w-full\">\n\t<div class=\"flex flex-col w-full m-auto py-7 gap-7 inner-contain\">\n\t\t\t\t\t\t\t\t\t<div data-aos=\"\" data-aos-duration=\"\" class=\"flex relative items-center justify-between w-full m-auto tablet:w-3\/4 tablet-sm:w-full tablet:flex-col-reverse desktop-sm:px-4 gap-7 flex-row-reverse\">\n\t\t\t\t\t<div class=\"flex flex-col items-start justify-center w-full gap-5 max-w-[40%] tablet:max-w-full\">\n\t\t\t\t\t\t<h3 class=\"-demi text-darkGreen\">Der Hof N\u00e4s<\/h3>\n\t\t\t\t\t\t\t\t\t\t\t\t\t<p class=\"text-black text-[20px]\">Im Jahr 1907 wurde Astrid Anna Emilia Ericsson auf dem Bauernhof N\u00e4s geboren, der damals etwas au\u00dferhalb von Vimmerby lag. N\u00e4s war ein Pfarrhaus, von dem Astrids Eltern, Samuel August und Hanna, Land pachteten und bewirtschafteten. Es war kein gro\u00dfer Bauernhof, aber gro\u00df genug, dass man viele Leute brauchte, um ihn zu bewirtschaften. Jede Arbeitskraft wurde gebraucht und die Bauernkinder arbeiteten Seite an Seite mit M\u00e4gden, Knechten und Lohnarbeitern. <\/p>\n\t\t\t\t\t\t\t\t\t\t\t\t\t\t\t\t\t\t\t<a class=\"btn\" href=\"https:\/\/astridlindgrensnas.se\/de\/barndomshemmet\/ueber-den-hof-naes\/\" target=\"\">\n\t\t\t\t\t\t\t\t<p class=\"-button\">\n\t\t\t\t\t\t\t\t\t\u00dcber den Hof N\u00e4s\t\t\t\t\t\t\t\t<\/p>\n\t\t\t\t\t\t\t<\/a>\n\t\t\t\t\t\t\t\t\t\t\t<\/div>\n\t\t\t\t\t\t\t\t\t\t\t\t\t\t\t\t\t\t<div class=\"flex items-center justify-center w-full\">\n\t\t\t\t\t\t\t\t<img decoding=\"async\" class=\"object-cover w-full h-[30rem] mobile-sm:h-[16rem] mobile:h-[18rem] rounded-lg\" src=\"https:\/\/astridlindgrensnas.se\/wp-content\/uploads\/2025\/04\/familj-sv.jpg\" alt=\"\">\n\t\t\t\t\t\t\t<\/div>\n\t\t\t\t\t\t\t\t\t\t\t\n\n\t\t\t\t<\/div>\n\t\t\t\t\t\t<\/div>\n<\/div>\n\n\n<div class=\"w-full\">\n\t<div class=\"flex flex-col w-full m-auto py-7 gap-7 inner-contain\">\n\t\t\t\t\t\t\t\t\t<div data-aos=\"\" data-aos-duration=\"\" class=\"flex relative items-center justify-between w-full m-auto tablet:w-3\/4 tablet-sm:w-full tablet:flex-col-reverse desktop-sm:px-4 gap-7 \">\n\t\t\t\t\t<div class=\"flex flex-col items-start justify-center w-full gap-5 max-w-[40%] tablet:max-w-full\">\n\t\t\t\t\t\t<h3 class=\"-demi text-darkGreen\">Kontakt<\/h3>\n\t\t\t\t\t\t\t\t\t\t\t\t\t<div class=\"wysiwyg-style\">\n\t\t\t\t\t\t\t\t<p>\n  Wenden Sie sich bitte an uns, wenn Sie Fragen zu unseren F\u00fchrungen haben.<br \/>\n  Schreiben Sie uns eine E-Mail an<br \/>\n  <a href=\"mailto:bokning@astridlindgrensnas.se\">bokning@astridlindgrensnas.se<\/a><br \/>\n  oder rufen Sie uns an unter<br \/>\n  <a href=\u201ctel:+46492566800\u201c>+46-(0)492-56 68 00<\/a>.<\/p>\n\t\t\t\t\t\t\t<\/div>\n\t\t\t\t\t\t\t\t\t\t\t\t\t\t\t\t\t<\/div>\n\t\t\t\t\t\t\t\t\t\t\t\t\t\t\t\t\t\t<div class=\"flex items-center justify-center w-full\">\n\t\t\t\t\t\t\t\t<img decoding=\"async\" class=\"object-cover w-full h-[30rem] mobile-sm:h-[16rem] mobile:h-[18rem] rounded-lg\" src=\"https:\/\/astridlindgrensnas.se\/wp-content\/uploads\/2025\/04\/nas-ny-logo-varbild.jpg\" alt=\"\">\n\t\t\t\t\t\t\t<\/div>\n\t\t\t\t\t\t\t\t\t\t\t\n\n\t\t\t\t<\/div>\n\t\t\t\t\t\t<\/div>\n<\/div>","protected":false},"excerpt":{"rendered":"","protected":false},"author":2,"featured_media":0,"parent":0,"menu_order":0,"comment_status":"closed","ping_status":"closed","template":"","meta":{"_acf_changed":false,"footnotes":""},"class_list":["post-5855","page","type-page","status-publish","hentry"],"acf":[],"_links":{"self":[{"href":"https:\/\/astridlindgrensnas.se\/de\/wp-json\/wp\/v2\/pages\/5855","targetHints":{"allow":["GET"]}}],"collection":[{"href":"https:\/\/astridlindgrensnas.se\/de\/wp-json\/wp\/v2\/pages"}],"about":[{"href":"https:\/\/astridlindgrensnas.se\/de\/wp-json\/wp\/v2\/types\/page"}],"author":[{"embeddable":true,"href":"https:\/\/astridlindgrensnas.se\/de\/wp-json\/wp\/v2\/users\/2"}],"replies":[{"embeddable":true,"href":"https:\/\/astridlindgrensnas.se\/de\/wp-json\/wp\/v2\/comments?post=5855"}],"version-history":[{"count":2,"href":"https:\/\/astridlindgrensnas.se\/de\/wp-json\/wp\/v2\/pages\/5855\/revisions"}],"predecessor-version":[{"id":7084,"href":"https:\/\/astridlindgrensnas.se\/de\/wp-json\/wp\/v2\/pages\/5855\/revisions\/7084"}],"wp:attachment":[{"href":"https:\/\/astridlindgrensnas.se\/de\/wp-json\/wp\/v2\/media?parent=5855"}],"curies":[{"name":"wp","href":"https:\/\/api.w.org\/{rel}","templated":true}]}}