{"id":5863,"date":"2025-01-31T09:38:28","date_gmt":"2025-01-31T08:38:28","guid":{"rendered":"https:\/\/astridlindgrensnas.se\/tipps-und-information\/"},"modified":"2025-05-05T14:23:02","modified_gmt":"2025-05-05T12:23:02","slug":"tipps-und-information","status":"publish","type":"page","link":"https:\/\/astridlindgrensnas.se\/de\/tipps-und-information\/","title":{"rendered":"Tipps und Information"},"content":{"rendered":"\n<div class=\"flex items-center justify-center w-full px-4 py-7\">\n\t<div data-aos=\" \" data-aos-duration=\"\" class=\"flex flex-col items-center w-full gap-5 m-auto text-center inner-contain\">\n\t\t\t\t\t<h2 class=\"text-darkGreen\">Tipps und Informationen<\/h2>\n\t\t\t\t\t\t\t<p class=\"-large text-darkGreen\">Nachfolgend haben wir alles Wissenswerte zusammengestellt, damit Sie vor und w\u00e4hrend Ihres Besuchs ganz einfach finden, was Sie brauchen.<br \/>\r\n<\/p>\n\t\t\t\t\t<\/div>\n<\/div>\n<div class=\"flex flex-col items-center justify-center w-full gap-5 py-7 tablet:py-7 mobile:pt-0 desktop-sm:px-4 tablet-lg:px-0\">\n\t\t\t\t<div class=\"grid justify-center w-full h-full grid-cols-3 tablet-sm:grid-cols-1 desktop-sm:grid-cols-2 gap-5 m-auto mobile:pt-7 inner-contain desktop-sm:px-4 mobile:px-2\">\n\n\t\t\t\t\t\t\t\t\t\t\t\t\t\t\t\t\t\t<a href=\"https:\/\/astridlindgrensnas.se\/de\/information\/fragen-und-antworten\/\" class=\"relative flex-col items-stretch justify-between hidden group sm-shadow tablet-sm:!flex\">\n\t\t\t\t\t\t\t<div class=\"flex items-center justify-center w-full\">\n\t\t\t\t\t\t\t\t<div class=\" max-w-[9rem] w-full h-full\">\n\t\t\t\t\t\t\t\t\t<img decoding=\"async\" class=\"object-cover w-full h-full rounded-l-md aspect-square\" src=\"https:\/\/astridlindgrensnas.se\/wp-content\/uploads\/2025\/02\/nas-header.jpg\" alt=\"\">\n\t\t\t\t\t\t\t\t<\/div>\n\t\t\t\t\t\t\t\t<div class=\"flex flex-col items-start justify-center w-full h-full gap-1 p-4 rounded-r-md bg-whiteish\">\n\t\t\t\t\t\t\t\t\t<div class=\"flex flex-col w-full\">\n\t\t\t\t\t\t\t\t\t\t\t\t\t\t\t\t\t\t\t\t<h4 class=\"text-trueBlack mobile:text-[16px]\">Fragen und Antworten<\/h4>\n\t\t\t\t\t\t\t\t\t<\/div>\n\t\t\t\t\t\t\t\t\t<p class=\"text-blackish mobile:text-[14px]\">Hier haben wir Antworten auf die am h\u00e4ufigsten gestellten Fragen \u00fcber Astrid Lindgrens N\u00e4s zusammengestellt.<\/p>\n\t\t\t\t\t\t\t\t<\/div>\n\t\t\t\t\t\t\t<\/div>\n\t\t\t\t\t\t<\/a>\n\n\t\t\t\t\t\t<a href=\"https:\/\/astridlindgrensnas.se\/de\/information\/fragen-und-antworten\/\" class=\"relative flex flex-col items-center justify-between group max-h-[40rem] max-w-[38rem] tablet-sm:hidden\">\n\t\t\t\t\t\t\t<div class=\"mb-5 overflow-hidden rounded-lg\">\n\t\t\t\t\t\t\t\t<img decoding=\"async\" class=\"object-cover w-full transition-all duration-700 aspect-standing group-hover:scale-110\" src=\"https:\/\/astridlindgrensnas.se\/wp-content\/uploads\/2025\/02\/nas-header.jpg\" alt=\"\">\n\t\t\t\t\t\t\t<\/div>\n\t\t\t\t\t\t\t<div class=\"absolute bottom-0 flex flex-col gap-3 p-5 mx-4 rounded-lg bg-whiteish sm-shadow mobile:px-4 w-[90%]\">\n\t\t\t\t\t\t\t\t<div class=\"flex flex-col w-full\">\n\t\t\t\t\t\t\t\t\t\t\t\t\t\t\t\t\t\t<h4 class=\"text-darkGreen\">Fragen und Antworten<\/h4>\n\t\t\t\t\t\t\t\t<\/div>\n\t\t\t\t\t\t\t\t<p class=\"text-blackish\">Hier haben wir Antworten auf die am h\u00e4ufigsten gestellten Fragen \u00fcber Astrid Lindgrens N\u00e4s zusammengestellt.<\/p>\n\t\t\t\t\t\t\t<\/div>\n\t\t\t\t\t\t<\/a>\n\t\t\t\t\t\t\t\t\t\t\t\t\t\t\t\t\t\t\t\t<a href=\"https:\/\/astridlindgrensnas.se\/de\/information\/route\/\" class=\"relative flex-col items-stretch justify-between hidden group sm-shadow tablet-sm:!flex\">\n\t\t\t\t\t\t\t<div class=\"flex items-center justify-center w-full\">\n\t\t\t\t\t\t\t\t<div class=\" max-w-[9rem] w-full h-full\">\n\t\t\t\t\t\t\t\t\t<img decoding=\"async\" class=\"object-cover w-full h-full rounded-l-md aspect-square\" src=\"https:\/\/astridlindgrensnas.se\/wp-content\/uploads\/2025\/01\/adobestock-1041056539-scaled.jpeg\" alt=\"\">\n\t\t\t\t\t\t\t\t<\/div>\n\t\t\t\t\t\t\t\t<div class=\"flex flex-col items-start justify-center w-full h-full gap-1 p-4 rounded-r-md bg-whiteish\">\n\t\t\t\t\t\t\t\t\t<div class=\"flex flex-col w-full\">\n\t\t\t\t\t\t\t\t\t\t\t\t\t\t\t\t\t\t\t\t<h4 class=\"text-trueBlack mobile:text-[16px]\">Route<\/h4>\n\t\t\t\t\t\t\t\t\t<\/div>\n\t\t\t\t\t\t\t\t\t<p class=\"text-blackish mobile:text-[14px]\">Astrid Lindgrens N\u00e4s liegt in Vimmerby, Sm\u00e5land und ist der Ort, an dem Astrid Lindgren aufgewachsen ist. <\/p>\n\t\t\t\t\t\t\t\t<\/div>\n\t\t\t\t\t\t\t<\/div>\n\t\t\t\t\t\t<\/a>\n\n\t\t\t\t\t\t<a href=\"https:\/\/astridlindgrensnas.se\/de\/information\/route\/\" class=\"relative flex flex-col items-center justify-between group max-h-[40rem] max-w-[38rem] tablet-sm:hidden\">\n\t\t\t\t\t\t\t<div class=\"mb-5 overflow-hidden rounded-lg\">\n\t\t\t\t\t\t\t\t<img decoding=\"async\" class=\"object-cover w-full transition-all duration-700 aspect-standing group-hover:scale-110\" src=\"https:\/\/astridlindgrensnas.se\/wp-content\/uploads\/2025\/01\/adobestock-1041056539-scaled.jpeg\" alt=\"\">\n\t\t\t\t\t\t\t<\/div>\n\t\t\t\t\t\t\t<div class=\"absolute bottom-0 flex flex-col gap-3 p-5 mx-4 rounded-lg bg-whiteish sm-shadow mobile:px-4 w-[90%]\">\n\t\t\t\t\t\t\t\t<div class=\"flex flex-col w-full\">\n\t\t\t\t\t\t\t\t\t\t\t\t\t\t\t\t\t\t<h4 class=\"text-darkGreen\">Route<\/h4>\n\t\t\t\t\t\t\t\t<\/div>\n\t\t\t\t\t\t\t\t<p class=\"text-blackish\">Astrid Lindgrens N\u00e4s liegt in Vimmerby, Sm\u00e5land und ist der Ort, an dem Astrid Lindgren aufgewachsen ist. <\/p>\n\t\t\t\t\t\t\t<\/div>\n\t\t\t\t\t\t<\/a>\n\t\t\t\t\t\t\t\t\t\t\t\t\t\t\t\t\t\t\t\t<a href=\"https:\/\/astridlindgrensnas.se\/de\/information\/oeffnungszeiten\/\" class=\"relative flex-col items-stretch justify-between hidden group sm-shadow tablet-sm:!flex\">\n\t\t\t\t\t\t\t<div class=\"flex items-center justify-center w-full\">\n\t\t\t\t\t\t\t\t<div class=\" max-w-[9rem] w-full h-full\">\n\t\t\t\t\t\t\t\t\t<img decoding=\"async\" class=\"object-cover w-full h-full rounded-l-md aspect-square\" src=\"https:\/\/astridlindgrensnas.se\/wp-content\/uploads\/2025\/04\/astrid-lindgren-sagans-kraft-nas-003-hifi-fotograf-ristenstrand-norrkoping.jpg\" alt=\"\">\n\t\t\t\t\t\t\t\t<\/div>\n\t\t\t\t\t\t\t\t<div class=\"flex flex-col items-start justify-center w-full h-full gap-1 p-4 rounded-r-md bg-whiteish\">\n\t\t\t\t\t\t\t\t\t<div class=\"flex flex-col w-full\">\n\t\t\t\t\t\t\t\t\t\t\t\t\t\t\t\t\t\t\t\t<h4 class=\"text-trueBlack mobile:text-[16px]\">\u00d6ffnungszeiten<\/h4>\n\t\t\t\t\t\t\t\t\t<\/div>\n\t\t\t\t\t\t\t\t\t<p class=\"text-blackish mobile:text-[14px]\">In der Zeit vom 13. Mai bis 20. September haben wir t\u00e4glich ge\u00f6ffnet. <\/p>\n\t\t\t\t\t\t\t\t<\/div>\n\t\t\t\t\t\t\t<\/div>\n\t\t\t\t\t\t<\/a>\n\n\t\t\t\t\t\t<a href=\"https:\/\/astridlindgrensnas.se\/de\/information\/oeffnungszeiten\/\" class=\"relative flex flex-col items-center justify-between group max-h-[40rem] max-w-[38rem] tablet-sm:hidden\">\n\t\t\t\t\t\t\t<div class=\"mb-5 overflow-hidden rounded-lg\">\n\t\t\t\t\t\t\t\t<img decoding=\"async\" class=\"object-cover w-full transition-all duration-700 aspect-standing group-hover:scale-110\" src=\"https:\/\/astridlindgrensnas.se\/wp-content\/uploads\/2025\/04\/astrid-lindgren-sagans-kraft-nas-003-hifi-fotograf-ristenstrand-norrkoping.jpg\" alt=\"\">\n\t\t\t\t\t\t\t<\/div>\n\t\t\t\t\t\t\t<div class=\"absolute bottom-0 flex flex-col gap-3 p-5 mx-4 rounded-lg bg-whiteish sm-shadow mobile:px-4 w-[90%]\">\n\t\t\t\t\t\t\t\t<div class=\"flex flex-col w-full\">\n\t\t\t\t\t\t\t\t\t\t\t\t\t\t\t\t\t\t<h4 class=\"text-darkGreen\">\u00d6ffnungszeiten<\/h4>\n\t\t\t\t\t\t\t\t<\/div>\n\t\t\t\t\t\t\t\t<p class=\"text-blackish\">In der Zeit vom 13. Mai bis 20. September haben wir t\u00e4glich ge\u00f6ffnet. <\/p>\n\t\t\t\t\t\t\t<\/div>\n\t\t\t\t\t\t<\/a>\n\t\t\t\t\t\t\t\t\t\t\t\t\t\t\t\t\t\t\t\t<a href=\"https:\/\/astridlindgrensnas.se\/de\/mat\/das-restaurant\/\" class=\"relative flex-col items-stretch justify-between hidden group sm-shadow tablet-sm:!flex\">\n\t\t\t\t\t\t\t<div class=\"flex items-center justify-center w-full\">\n\t\t\t\t\t\t\t\t<div class=\" max-w-[9rem] w-full h-full\">\n\t\t\t\t\t\t\t\t\t<img decoding=\"async\" class=\"object-cover w-full h-full rounded-l-md aspect-square\" src=\"https:\/\/astridlindgrensnas.se\/wp-content\/uploads\/2025\/01\/img-9687.webp\" alt=\"\">\n\t\t\t\t\t\t\t\t<\/div>\n\t\t\t\t\t\t\t\t<div class=\"flex flex-col items-start justify-center w-full h-full gap-1 p-4 rounded-r-md bg-whiteish\">\n\t\t\t\t\t\t\t\t\t<div class=\"flex flex-col w-full\">\n\t\t\t\t\t\t\t\t\t\t\t\t\t\t\t\t\t\t\t\t<h4 class=\"text-trueBlack mobile:text-[16px]\">Das Restaurant<\/h4>\n\t\t\t\t\t\t\t\t\t<\/div>\n\t\t\t\t\t\t\t\t\t<p class=\"text-blackish mobile:text-[14px]\">Bei einem Besuch in unserem Restaurant k\u00f6nnen Sie sich klassische Gerichte in einem bezaubernden Ambiente schmecken lassen.<\/p>\n\t\t\t\t\t\t\t\t<\/div>\n\t\t\t\t\t\t\t<\/div>\n\t\t\t\t\t\t<\/a>\n\n\t\t\t\t\t\t<a href=\"https:\/\/astridlindgrensnas.se\/de\/mat\/das-restaurant\/\" class=\"relative flex flex-col items-center justify-between group max-h-[40rem] max-w-[38rem] tablet-sm:hidden\">\n\t\t\t\t\t\t\t<div class=\"mb-5 overflow-hidden rounded-lg\">\n\t\t\t\t\t\t\t\t<img decoding=\"async\" class=\"object-cover w-full transition-all duration-700 aspect-standing group-hover:scale-110\" src=\"https:\/\/astridlindgrensnas.se\/wp-content\/uploads\/2025\/01\/img-9687.webp\" alt=\"\">\n\t\t\t\t\t\t\t<\/div>\n\t\t\t\t\t\t\t<div class=\"absolute bottom-0 flex flex-col gap-3 p-5 mx-4 rounded-lg bg-whiteish sm-shadow mobile:px-4 w-[90%]\">\n\t\t\t\t\t\t\t\t<div class=\"flex flex-col w-full\">\n\t\t\t\t\t\t\t\t\t\t\t\t\t\t\t\t\t\t<h4 class=\"text-darkGreen\">Das Restaurant<\/h4>\n\t\t\t\t\t\t\t\t<\/div>\n\t\t\t\t\t\t\t\t<p class=\"text-blackish\">Bei einem Besuch in unserem Restaurant k\u00f6nnen Sie sich klassische Gerichte in einem bezaubernden Ambiente schmecken lassen.<\/p>\n\t\t\t\t\t\t\t<\/div>\n\t\t\t\t\t\t<\/a>\n\t\t\t\t\t\t\t\t\t\t\t\t\t\t\t\t\t\t\t\t<a href=\"https:\/\/astridlindgrensnas.se\/de\/information\/karte\/\" class=\"relative flex-col items-stretch justify-between hidden group sm-shadow tablet-sm:!flex\">\n\t\t\t\t\t\t\t<div class=\"flex items-center justify-center w-full\">\n\t\t\t\t\t\t\t\t<div class=\" max-w-[9rem] w-full h-full\">\n\t\t\t\t\t\t\t\t\t<img decoding=\"async\" class=\"object-cover w-full h-full rounded-l-md aspect-square\" src=\"https:\/\/astridlindgrensnas.se\/wp-content\/uploads\/2025\/02\/nas-karta-hero-webb.png\" alt=\"\">\n\t\t\t\t\t\t\t\t<\/div>\n\t\t\t\t\t\t\t\t<div class=\"flex flex-col items-start justify-center w-full h-full gap-1 p-4 rounded-r-md bg-whiteish\">\n\t\t\t\t\t\t\t\t\t<div class=\"flex flex-col w-full\">\n\t\t\t\t\t\t\t\t\t\t\t\t\t\t\t\t\t\t\t\t<h4 class=\"text-trueBlack mobile:text-[16px]\">Karte<\/h4>\n\t\t\t\t\t\t\t\t\t<\/div>\n\t\t\t\t\t\t\t\t\t<p class=\"text-blackish mobile:text-[14px]\">Hier finden Sie eine Karte von Astrid Lindgrens N\u00e4s. Einem Ort des Wissens, der Sch\u00f6nheit und der Verwunderung.<\/p>\n\t\t\t\t\t\t\t\t<\/div>\n\t\t\t\t\t\t\t<\/div>\n\t\t\t\t\t\t<\/a>\n\n\t\t\t\t\t\t<a href=\"https:\/\/astridlindgrensnas.se\/de\/information\/karte\/\" class=\"relative flex flex-col items-center justify-between group max-h-[40rem] max-w-[38rem] tablet-sm:hidden\">\n\t\t\t\t\t\t\t<div class=\"mb-5 overflow-hidden rounded-lg\">\n\t\t\t\t\t\t\t\t<img decoding=\"async\" class=\"object-cover w-full transition-all duration-700 aspect-standing group-hover:scale-110\" src=\"https:\/\/astridlindgrensnas.se\/wp-content\/uploads\/2025\/02\/nas-karta-hero-webb.png\" alt=\"\">\n\t\t\t\t\t\t\t<\/div>\n\t\t\t\t\t\t\t<div class=\"absolute bottom-0 flex flex-col gap-3 p-5 mx-4 rounded-lg bg-whiteish sm-shadow mobile:px-4 w-[90%]\">\n\t\t\t\t\t\t\t\t<div class=\"flex flex-col w-full\">\n\t\t\t\t\t\t\t\t\t\t\t\t\t\t\t\t\t\t<h4 class=\"text-darkGreen\">Karte<\/h4>\n\t\t\t\t\t\t\t\t<\/div>\n\t\t\t\t\t\t\t\t<p class=\"text-blackish\">Hier finden Sie eine Karte von Astrid Lindgrens N\u00e4s. Einem Ort des Wissens, der Sch\u00f6nheit und der Verwunderung.<\/p>\n\t\t\t\t\t\t\t<\/div>\n\t\t\t\t\t\t<\/a>\n\t\t\t\t\t\t\t\t\t\t\t\t\t\t\t\t\t\t\t\t<a href=\"https:\/\/astridlindgrensnas.se\/de\/information\/tipps-vor-ihrem-besuch\/\" class=\"relative flex-col items-stretch justify-between hidden group sm-shadow tablet-sm:!flex\">\n\t\t\t\t\t\t\t<div class=\"flex items-center justify-center w-full\">\n\t\t\t\t\t\t\t\t<div class=\" max-w-[9rem] w-full h-full\">\n\t\t\t\t\t\t\t\t\t<img decoding=\"async\" class=\"object-cover w-full h-full rounded-l-md aspect-square\" src=\"https:\/\/astridlindgrensnas.se\/wp-content\/uploads\/2025\/04\/lovsalen-2.png\" alt=\"\">\n\t\t\t\t\t\t\t\t<\/div>\n\t\t\t\t\t\t\t\t<div class=\"flex flex-col items-start justify-center w-full h-full gap-1 p-4 rounded-r-md bg-whiteish\">\n\t\t\t\t\t\t\t\t\t<div class=\"flex flex-col w-full\">\n\t\t\t\t\t\t\t\t\t\t\t\t\t\t\t\t\t\t\t\t<h4 class=\"text-trueBlack mobile:text-[16px]\">Tipps vor Ihrem Besuch<\/h4>\n\t\t\t\t\t\t\t\t\t<\/div>\n\t\t\t\t\t\t\t\t\t<p class=\"text-blackish mobile:text-[14px]\">Hier haben wir Tipps und Informationen f\u00fcr Ihren Besuch zusammengestellt.<\/p>\n\t\t\t\t\t\t\t\t<\/div>\n\t\t\t\t\t\t\t<\/div>\n\t\t\t\t\t\t<\/a>\n\n\t\t\t\t\t\t<a href=\"https:\/\/astridlindgrensnas.se\/de\/information\/tipps-vor-ihrem-besuch\/\" class=\"relative flex flex-col items-center justify-between group max-h-[40rem] max-w-[38rem] tablet-sm:hidden\">\n\t\t\t\t\t\t\t<div class=\"mb-5 overflow-hidden rounded-lg\">\n\t\t\t\t\t\t\t\t<img decoding=\"async\" class=\"object-cover w-full transition-all duration-700 aspect-standing group-hover:scale-110\" src=\"https:\/\/astridlindgrensnas.se\/wp-content\/uploads\/2025\/04\/lovsalen-2.png\" alt=\"\">\n\t\t\t\t\t\t\t<\/div>\n\t\t\t\t\t\t\t<div class=\"absolute bottom-0 flex flex-col gap-3 p-5 mx-4 rounded-lg bg-whiteish sm-shadow mobile:px-4 w-[90%]\">\n\t\t\t\t\t\t\t\t<div class=\"flex flex-col w-full\">\n\t\t\t\t\t\t\t\t\t\t\t\t\t\t\t\t\t\t<h4 class=\"text-darkGreen\">Tipps vor Ihrem Besuch<\/h4>\n\t\t\t\t\t\t\t\t<\/div>\n\t\t\t\t\t\t\t\t<p class=\"text-blackish\">Hier haben wir Tipps und Informationen f\u00fcr Ihren Besuch zusammengestellt.<\/p>\n\t\t\t\t\t\t\t<\/div>\n\t\t\t\t\t\t<\/a>\n\t\t\t\t\t\t\t\t\t\t\t\t\t\t\t\t\t\t\t\t<a href=\"https:\/\/astridlindgrensnas.se\/de\/information\/barrierefreiheit\/\" class=\"relative flex-col items-stretch justify-between hidden group sm-shadow tablet-sm:!flex\">\n\t\t\t\t\t\t\t<div class=\"flex items-center justify-center w-full\">\n\t\t\t\t\t\t\t\t<div class=\" max-w-[9rem] w-full h-full\">\n\t\t\t\t\t\t\t\t\t<img decoding=\"async\" class=\"object-cover w-full h-full rounded-l-md aspect-square\" src=\"https:\/\/astridlindgrensnas.se\/wp-content\/uploads\/2025\/01\/adobestock-890280435-scaled.jpeg\" alt=\"\">\n\t\t\t\t\t\t\t\t<\/div>\n\t\t\t\t\t\t\t\t<div class=\"flex flex-col items-start justify-center w-full h-full gap-1 p-4 rounded-r-md bg-whiteish\">\n\t\t\t\t\t\t\t\t\t<div class=\"flex flex-col w-full\">\n\t\t\t\t\t\t\t\t\t\t\t\t\t\t\t\t\t\t\t\t<h4 class=\"text-trueBlack mobile:text-[16px]\">Barrierefreiheit<\/h4>\n\t\t\t\t\t\t\t\t\t<\/div>\n\t\t\t\t\t\t\t\t\t<p class=\"text-blackish mobile:text-[14px]\">Alle Besucher sind in Astrid Lindgrens N\u00e4s willkommen und wir bem\u00fchen uns, m\u00f6glichst barrierefrei zu sein.<\/p>\n\t\t\t\t\t\t\t\t<\/div>\n\t\t\t\t\t\t\t<\/div>\n\t\t\t\t\t\t<\/a>\n\n\t\t\t\t\t\t<a href=\"https:\/\/astridlindgrensnas.se\/de\/information\/barrierefreiheit\/\" class=\"relative flex flex-col items-center justify-between group max-h-[40rem] max-w-[38rem] tablet-sm:hidden\">\n\t\t\t\t\t\t\t<div class=\"mb-5 overflow-hidden rounded-lg\">\n\t\t\t\t\t\t\t\t<img decoding=\"async\" class=\"object-cover w-full transition-all duration-700 aspect-standing group-hover:scale-110\" src=\"https:\/\/astridlindgrensnas.se\/wp-content\/uploads\/2025\/01\/adobestock-890280435-scaled.jpeg\" alt=\"\">\n\t\t\t\t\t\t\t<\/div>\n\t\t\t\t\t\t\t<div class=\"absolute bottom-0 flex flex-col gap-3 p-5 mx-4 rounded-lg bg-whiteish sm-shadow mobile:px-4 w-[90%]\">\n\t\t\t\t\t\t\t\t<div class=\"flex flex-col w-full\">\n\t\t\t\t\t\t\t\t\t\t\t\t\t\t\t\t\t\t<h4 class=\"text-darkGreen\">Barrierefreiheit<\/h4>\n\t\t\t\t\t\t\t\t<\/div>\n\t\t\t\t\t\t\t\t<p class=\"text-blackish\">Alle Besucher sind in Astrid Lindgrens N\u00e4s willkommen und wir bem\u00fchen uns, m\u00f6glichst barrierefrei zu sein.<\/p>\n\t\t\t\t\t\t\t<\/div>\n\t\t\t\t\t\t<\/a>\n\t\t\t\t\t\t\t\t\t\t\t\t\t\t\t\t\t\t\t\t<a href=\"https:\/\/astridlindgrensnas.se\/de\/information\/eintrittskarten-und-preise\/\" class=\"relative flex-col items-stretch justify-between hidden group sm-shadow tablet-sm:!flex\">\n\t\t\t\t\t\t\t<div class=\"flex items-center justify-center w-full\">\n\t\t\t\t\t\t\t\t<div class=\" max-w-[9rem] w-full h-full\">\n\t\t\t\t\t\t\t\t\t<img decoding=\"async\" class=\"object-cover w-full h-full rounded-l-md aspect-square\" src=\"https:\/\/astridlindgrensnas.se\/wp-content\/uploads\/2025\/01\/bokhyllan.png\" alt=\"\">\n\t\t\t\t\t\t\t\t<\/div>\n\t\t\t\t\t\t\t\t<div class=\"flex flex-col items-start justify-center w-full h-full gap-1 p-4 rounded-r-md bg-whiteish\">\n\t\t\t\t\t\t\t\t\t<div class=\"flex flex-col w-full\">\n\t\t\t\t\t\t\t\t\t\t\t\t\t\t\t\t\t\t\t\t<h4 class=\"text-trueBlack mobile:text-[16px]\">Eintrittskarten und Preise<\/h4>\n\t\t\t\t\t\t\t\t\t<\/div>\n\t\t\t\t\t\t\t\t\t<p class=\"text-blackish mobile:text-[14px]\">Je nachdem, was Sie bei uns erleben m\u00f6chten, bieten wir unterschiedliche Eintrittskarten an.<\/p>\n\t\t\t\t\t\t\t\t<\/div>\n\t\t\t\t\t\t\t<\/div>\n\t\t\t\t\t\t<\/a>\n\n\t\t\t\t\t\t<a href=\"https:\/\/astridlindgrensnas.se\/de\/information\/eintrittskarten-und-preise\/\" class=\"relative flex flex-col items-center justify-between group max-h-[40rem] max-w-[38rem] tablet-sm:hidden\">\n\t\t\t\t\t\t\t<div class=\"mb-5 overflow-hidden rounded-lg\">\n\t\t\t\t\t\t\t\t<img decoding=\"async\" class=\"object-cover w-full transition-all duration-700 aspect-standing group-hover:scale-110\" src=\"https:\/\/astridlindgrensnas.se\/wp-content\/uploads\/2025\/01\/bokhyllan.png\" alt=\"\">\n\t\t\t\t\t\t\t<\/div>\n\t\t\t\t\t\t\t<div class=\"absolute bottom-0 flex flex-col gap-3 p-5 mx-4 rounded-lg bg-whiteish sm-shadow mobile:px-4 w-[90%]\">\n\t\t\t\t\t\t\t\t<div class=\"flex flex-col w-full\">\n\t\t\t\t\t\t\t\t\t\t\t\t\t\t\t\t\t\t<h4 class=\"text-darkGreen\">Eintrittskarten und Preise<\/h4>\n\t\t\t\t\t\t\t\t<\/div>\n\t\t\t\t\t\t\t\t<p class=\"text-blackish\">Je nachdem, was Sie bei uns erleben m\u00f6chten, bieten wir unterschiedliche Eintrittskarten an.<\/p>\n\t\t\t\t\t\t\t<\/div>\n\t\t\t\t\t\t<\/a>\n\t\t\t\t\t\t\t\t\t\t\t\t\t\t\t\t\t\t\t\t<a href=\"https:\/\/astridlindgrensnas.se\/de\/information\/schulen\/\" class=\"relative flex-col items-stretch justify-between hidden group sm-shadow tablet-sm:!flex\">\n\t\t\t\t\t\t\t<div class=\"flex items-center justify-center w-full\">\n\t\t\t\t\t\t\t\t<div class=\" max-w-[9rem] w-full h-full\">\n\t\t\t\t\t\t\t\t\t<img decoding=\"async\" class=\"object-cover w-full h-full rounded-l-md aspect-square\" src=\"https:\/\/astridlindgrensnas.se\/wp-content\/uploads\/2025\/02\/utstallning-hemsidan.jpg\" alt=\"\">\n\t\t\t\t\t\t\t\t<\/div>\n\t\t\t\t\t\t\t\t<div class=\"flex flex-col items-start justify-center w-full h-full gap-1 p-4 rounded-r-md bg-whiteish\">\n\t\t\t\t\t\t\t\t\t<div class=\"flex flex-col w-full\">\n\t\t\t\t\t\t\t\t\t\t\t\t\t\t\t\t\t\t\t\t<h4 class=\"text-trueBlack mobile:text-[16px]\">Schulen<\/h4>\n\t\t\t\t\t\t\t\t\t<\/div>\n\t\t\t\t\t\t\t\t\t<p class=\"text-blackish mobile:text-[14px]\">Wir bieten abh\u00e4ngig von Interesse, Alter und Zeit unterschiedliche Schulprogramme an.<\/p>\n\t\t\t\t\t\t\t\t<\/div>\n\t\t\t\t\t\t\t<\/div>\n\t\t\t\t\t\t<\/a>\n\n\t\t\t\t\t\t<a href=\"https:\/\/astridlindgrensnas.se\/de\/information\/schulen\/\" class=\"relative flex flex-col items-center justify-between group max-h-[40rem] max-w-[38rem] tablet-sm:hidden\">\n\t\t\t\t\t\t\t<div class=\"mb-5 overflow-hidden rounded-lg\">\n\t\t\t\t\t\t\t\t<img decoding=\"async\" class=\"object-cover w-full transition-all duration-700 aspect-standing group-hover:scale-110\" src=\"https:\/\/astridlindgrensnas.se\/wp-content\/uploads\/2025\/02\/utstallning-hemsidan.jpg\" alt=\"\">\n\t\t\t\t\t\t\t<\/div>\n\t\t\t\t\t\t\t<div class=\"absolute bottom-0 flex flex-col gap-3 p-5 mx-4 rounded-lg bg-whiteish sm-shadow mobile:px-4 w-[90%]\">\n\t\t\t\t\t\t\t\t<div class=\"flex flex-col w-full\">\n\t\t\t\t\t\t\t\t\t\t\t\t\t\t\t\t\t\t<h4 class=\"text-darkGreen\">Schulen<\/h4>\n\t\t\t\t\t\t\t\t<\/div>\n\t\t\t\t\t\t\t\t<p class=\"text-blackish\">Wir bieten abh\u00e4ngig von Interesse, Alter und Zeit unterschiedliche Schulprogramme an.<\/p>\n\t\t\t\t\t\t\t<\/div>\n\t\t\t\t\t\t<\/a>\n\t\t\t\t\t\t\t\t\t\t\t\t\t\t\t\t\t\t\t\t<a href=\"https:\/\/astridlindgrensnas.se\/de\/information\/gruppenbesuch\/\" class=\"relative flex-col items-stretch justify-between hidden group sm-shadow tablet-sm:!flex\">\n\t\t\t\t\t\t\t<div class=\"flex items-center justify-center w-full\">\n\t\t\t\t\t\t\t\t<div class=\" max-w-[9rem] w-full h-full\">\n\t\t\t\t\t\t\t\t\t<img decoding=\"async\" class=\"object-cover w-full h-full rounded-l-md aspect-square\" src=\"https:\/\/astridlindgrensnas.se\/wp-content\/uploads\/2025\/04\/y3a9918-forbattrat-br.jpg\" alt=\"\">\n\t\t\t\t\t\t\t\t<\/div>\n\t\t\t\t\t\t\t\t<div class=\"flex flex-col items-start justify-center w-full h-full gap-1 p-4 rounded-r-md bg-whiteish\">\n\t\t\t\t\t\t\t\t\t<div class=\"flex flex-col w-full\">\n\t\t\t\t\t\t\t\t\t\t\t\t\t\t\t\t\t\t\t\t<h4 class=\"text-trueBlack mobile:text-[16px]\">Gruppenbesuch<\/h4>\n\t\t\t\t\t\t\t\t\t<\/div>\n\t\t\t\t\t\t\t\t\t<p class=\"text-blackish mobile:text-[14px]\">Unser Angebot besteht, je nach Interesse und Zeit, aus unterschiedlichen Programmen.<\/p>\n\t\t\t\t\t\t\t\t<\/div>\n\t\t\t\t\t\t\t<\/div>\n\t\t\t\t\t\t<\/a>\n\n\t\t\t\t\t\t<a href=\"https:\/\/astridlindgrensnas.se\/de\/information\/gruppenbesuch\/\" class=\"relative flex flex-col items-center justify-between group max-h-[40rem] max-w-[38rem] tablet-sm:hidden\">\n\t\t\t\t\t\t\t<div class=\"mb-5 overflow-hidden rounded-lg\">\n\t\t\t\t\t\t\t\t<img decoding=\"async\" class=\"object-cover w-full transition-all duration-700 aspect-standing group-hover:scale-110\" src=\"https:\/\/astridlindgrensnas.se\/wp-content\/uploads\/2025\/04\/y3a9918-forbattrat-br.jpg\" alt=\"\">\n\t\t\t\t\t\t\t<\/div>\n\t\t\t\t\t\t\t<div class=\"absolute bottom-0 flex flex-col gap-3 p-5 mx-4 rounded-lg bg-whiteish sm-shadow mobile:px-4 w-[90%]\">\n\t\t\t\t\t\t\t\t<div class=\"flex flex-col w-full\">\n\t\t\t\t\t\t\t\t\t\t\t\t\t\t\t\t\t\t<h4 class=\"text-darkGreen\">Gruppenbesuch<\/h4>\n\t\t\t\t\t\t\t\t<\/div>\n\t\t\t\t\t\t\t\t<p class=\"text-blackish\">Unser Angebot besteht, je nach Interesse und Zeit, aus unterschiedlichen Programmen.<\/p>\n\t\t\t\t\t\t\t<\/div>\n\t\t\t\t\t\t<\/a>\n\t\t\t\t\t\t\t\t\t\t\t\t\t\t\t\t\t\t\t\t<a href=\"https:\/\/astridlindgrensnas.se\/de\/information\/picknickplaetze\/\" class=\"relative flex-col items-stretch justify-between hidden group sm-shadow tablet-sm:!flex\">\n\t\t\t\t\t\t\t<div class=\"flex items-center justify-center w-full\">\n\t\t\t\t\t\t\t\t<div class=\" max-w-[9rem] w-full h-full\">\n\t\t\t\t\t\t\t\t\t<img decoding=\"async\" class=\"object-cover w-full h-full rounded-l-md aspect-square\" src=\"https:\/\/astridlindgrensnas.se\/wp-content\/uploads\/2025\/04\/picknick-650x400-1.jpg\" alt=\"\">\n\t\t\t\t\t\t\t\t<\/div>\n\t\t\t\t\t\t\t\t<div class=\"flex flex-col items-start justify-center w-full h-full gap-1 p-4 rounded-r-md bg-whiteish\">\n\t\t\t\t\t\t\t\t\t<div class=\"flex flex-col w-full\">\n\t\t\t\t\t\t\t\t\t\t\t\t\t\t\t\t\t\t\t\t<h4 class=\"text-trueBlack mobile:text-[16px]\">Picknickpl\u00e4tze<\/h4>\n\t\t\t\t\t\t\t\t\t<\/div>\n\t\t\t\t\t\t\t\t\t<p class=\"text-blackish mobile:text-[14px]\">Sie k\u00f6nnen Ihr eigenes Lunchpaket mitbringen und es \u00fcberall im Garten essen, au\u00dfer in unserem Gartenlokal in Apellunden \u2013 dieses ist f\u00fcr Restaurantg\u00e4ste reserviert.<\/p>\n\t\t\t\t\t\t\t\t<\/div>\n\t\t\t\t\t\t\t<\/div>\n\t\t\t\t\t\t<\/a>\n\n\t\t\t\t\t\t<a href=\"https:\/\/astridlindgrensnas.se\/de\/information\/picknickplaetze\/\" class=\"relative flex flex-col items-center justify-between group max-h-[40rem] max-w-[38rem] tablet-sm:hidden\">\n\t\t\t\t\t\t\t<div class=\"mb-5 overflow-hidden rounded-lg\">\n\t\t\t\t\t\t\t\t<img decoding=\"async\" class=\"object-cover w-full transition-all duration-700 aspect-standing group-hover:scale-110\" src=\"https:\/\/astridlindgrensnas.se\/wp-content\/uploads\/2025\/04\/picknick-650x400-1.jpg\" alt=\"\">\n\t\t\t\t\t\t\t<\/div>\n\t\t\t\t\t\t\t<div class=\"absolute bottom-0 flex flex-col gap-3 p-5 mx-4 rounded-lg bg-whiteish sm-shadow mobile:px-4 w-[90%]\">\n\t\t\t\t\t\t\t\t<div class=\"flex flex-col w-full\">\n\t\t\t\t\t\t\t\t\t\t\t\t\t\t\t\t\t\t<h4 class=\"text-darkGreen\">Picknickpl\u00e4tze<\/h4>\n\t\t\t\t\t\t\t\t<\/div>\n\t\t\t\t\t\t\t\t<p class=\"text-blackish\">Sie k\u00f6nnen Ihr eigenes Lunchpaket mitbringen und es \u00fcberall im Garten essen, au\u00dfer in unserem Gartenlokal in Apellunden \u2013 dieses ist f\u00fcr Restaurantg\u00e4ste reserviert.<\/p>\n\t\t\t\t\t\t\t<\/div>\n\t\t\t\t\t\t<\/a>\n\t\t\t\t\t\t\t\t\t\t\t\t\n\n\t\t<\/div>\n\t<\/div>","protected":false},"excerpt":{"rendered":"","protected":false},"author":2,"featured_media":5864,"parent":0,"menu_order":0,"comment_status":"closed","ping_status":"closed","template":"","meta":{"_acf_changed":false,"footnotes":""},"class_list":["post-5863","page","type-page","status-publish","has-post-thumbnail","hentry"],"acf":[],"_links":{"self":[{"href":"https:\/\/astridlindgrensnas.se\/de\/wp-json\/wp\/v2\/pages\/5863","targetHints":{"allow":["GET"]}}],"collection":[{"href":"https:\/\/astridlindgrensnas.se\/de\/wp-json\/wp\/v2\/pages"}],"about":[{"href":"https:\/\/astridlindgrensnas.se\/de\/wp-json\/wp\/v2\/types\/page"}],"author":[{"embeddable":true,"href":"https:\/\/astridlindgrensnas.se\/de\/wp-json\/wp\/v2\/users\/2"}],"replies":[{"embeddable":true,"href":"https:\/\/astridlindgrensnas.se\/de\/wp-json\/wp\/v2\/comments?post=5863"}],"version-history":[{"count":1,"href":"https:\/\/astridlindgrensnas.se\/de\/wp-json\/wp\/v2\/pages\/5863\/revisions"}],"predecessor-version":[{"id":5865,"href":"https:\/\/astridlindgrensnas.se\/de\/wp-json\/wp\/v2\/pages\/5863\/revisions\/5865"}],"wp:featuredmedia":[{"embeddable":true,"href":"https:\/\/astridlindgrensnas.se\/de\/wp-json\/wp\/v2\/media\/5864"}],"wp:attachment":[{"href":"https:\/\/astridlindgrensnas.se\/de\/wp-json\/wp\/v2\/media?parent=5863"}],"curies":[{"name":"wp","href":"https:\/\/api.w.org\/{rel}","templated":true}]}}