{"id":5875,"date":"2025-02-04T14:49:48","date_gmt":"2025-02-04T13:49:48","guid":{"rendered":"https:\/\/astridlindgrensnas.se\/datenschutzerklaerung\/"},"modified":"2025-05-05T14:23:02","modified_gmt":"2025-05-05T12:23:02","slug":"datenschutzerklaerung","status":"publish","type":"page","link":"https:\/\/astridlindgrensnas.se\/de\/datenschutzerklaerung\/","title":{"rendered":"Datenschutzerkl\u00e4rung"},"content":{"rendered":"\n<div data-aos=\"\" data-aos-duration=\"\" class=\"tablet:px-4 mobile-sm:px-2\">\n\t<div class=\"flex flex-col items-center w-full px-6 m-auto rounded-md mobile:px-5 mt-7 inner-contain bg-whiteish mb-7\">\n\n\t\t\t\t\t<h2 class=\"w-3\/4 text-center pt-7 text-darkGreen tablet:w-full\">Datenschutzerkl\u00e4rung<\/h2>\n\t\t\t\t<div class=\"flex flex-col items-center justify-center w-full m-auto py-7 desktop-sm:px-4 tablet:px-0 text-contain\">\n\t\t\t<div class=\"flex flex-col items-center justify-center w-full\">\n\n\t\t\t\t\t\t\t\t\t\t\t\t\t\t\t<div class=\"flex flex-col items-start justify-center w-full pb-5\">\n\n\t\t\t\t\t\t\t<div class=\"wysiwyg-style \">\n\t\t\t\t\t\t\t\t<p><strong>DATENSCHUTZERKL\u00c4RUNG F\u00dcR ASTRID LINDGRENS VIMMERBY AB<\/strong><\/p>\n<p>F\u00fcr uns innerhalb des Astrid Lindgren Konzerns ist es wichtig, dass Ihre personenbezogenen Daten sicher behandelt werden, da uns Ihre pers\u00f6nliche Integrit\u00e4t am Herzen liegt. In dieser Datenschutzerkl\u00e4rung finden Sie Informationen dar\u00fcber, wie:<\/p>\n<p><strong>Astrid Lindgrens Vimmerby AB<\/strong> (HR-Nr. 556303-3033, Fabriksgatan 7, 598 40 Vimmerby), das die Unternehmen <strong>Astrid Lindgrens Welt, Astrid Lindgrens N\u00e4s<\/strong> und <strong>Astrid Lindgrens Vimmerby konferens och m\u00f6ten<\/strong> betreibt,<\/p>\n<p>Ihre personenbezogenen Daten im Zusammenhang mit Besuchen, Buchungen, Veranstaltungen und sonstigen Aktivit\u00e4ten erhebt.<\/p>\n<ol>\n<li><strong> KONTAKT<\/strong><\/li>\n<\/ol>\n<p>Bei Fragen oder Bedenken zu unserem Umgang mit Ihren Daten oder zu dieser Richtlinie k\u00f6nnen Sie sich jederzeit an uns\/unseren Kundenservice wenden unter <a href=\"mailto:dataskydd@astridlindgrensvimmerby.se\">dataskydd@astridlindgrensvimmerby.se<\/a> oder telefonisch unter: +46-(0)492\u201379 800.<\/p>\n<ol start=\"2\">\n<li><strong> VERARBEITUNG PERSONENBEZOGENER DATEN, F\u00dcR DIE ASTRID LINDGRENS VIMMERBY AB VERANTWORTLICH IST<\/strong><\/li>\n<\/ol>\n<p>Astrid Lindgrens Vimmerby AB verarbeitet je nach Kontext und Zweck unterschiedliche Arten personenbezogener Daten. Einige personenbezogene Daten werden dadurch erhoben, dass Sie uns diese im Rahmen Ihrer Kontaktaufnahme mitteilen, etwa wenn Sie Eintrittskarten oder Unterk\u00fcnfte buchen oder sich f\u00fcr eine Veranstaltung anmelden. Andere personenbezogene Daten werden von uns im Rahmen Ihrer Nutzung unserer Website erhoben. Nachfolgend finden Sie eine detailliertere Beschreibung der von uns durchgef\u00fchrten Verarbeitung personenbezogener Daten.<\/p>\n<p><strong>(i) Zur Bearbeitung Ihrer Buchungen und Eink\u00e4ufe<\/strong><\/p>\n<p><strong>Personuppgifter:<\/strong><br \/>\nPersonenbezogene Daten, die Sie im Zusammenhang mit Ihrer Buchung angegeben haben, wie Vor- und Nachname, Adresse, Telefonnummer, E-Mail-Adresse und Buchungsinformationen (z. B. Buchungsnummer, Anzahl der Besucher*innen und Unterkunftsarten). Wenn Sie die Zahlung per Rechnung w\u00e4hlen, wird zus\u00e4tzlich Ihre (schwedische) Personenkennzahl gespeichert.<\/p>\n<p><strong>Verwendung und Zweck:<\/strong><br \/>\nUm Ihre Buchungen, Zahlungen, \u00c4nderungen, Stornierungen und den Versand von Buchungsbest\u00e4tigungen bearbeiten zu k\u00f6nnen und mit Ihnen bez\u00fcglich Ihrer Buchung zu kommunizieren.<\/p>\n<p><strong>Rechtsgrundlage:<\/strong><br \/>\nErf\u00fcllung des zwischen uns geschlossenen Vertrags \u00fcber Ihre Buchung.<\/p>\n<p><strong>Wann endet die Verarbeitung?<\/strong><br \/>\nUm Ihnen bei eventuellen Reklamationen und Garantieangelegenheiten weiterhelfen zu k\u00f6nnen, werden die Buchungsdaten ab Leistungserbringung und Zahlung 36 Monate lang gespeichert. Beim Kauf werden Ihre Daten aufgrund des Rechnungslegungsgesetzes 7 Jahre lang gespeichert.<\/p>\n<p><strong>(ii) Um uns Ihnen gegen\u00fcber vermarkten zu k\u00f6nnen<\/strong><\/p>\n<p><strong>Personenbezogene Daten:<\/strong><br \/>\nPersonenbezogene Daten, die Sie im Rahmen Ihrer Buchung angeben, wie Vor- und Nachname, Adresse, E-Mail-Adresse und Telefonnummer, sowie \u00fcber Cookies erhobene Daten beim Besuch unserer Website.<\/p>\n<p><strong>Verwendung und Zweck:<\/strong><br \/>\nWir senden und zeigen Ihnen Werbung und Angebote, die auf Ihre Pr\u00e4ferenzen zugeschnitten sind, basierend auf den oben genannten personenbezogenen Daten. Mit diesen Informationen k\u00f6nnen wir auch die Ergebnisse unserer Kampagnen messen und unsere Dienste verbessern.<\/p>\n<p>Wie wir mit Cookies umgehen, k\u00f6nnen Sie in unserer Cookie-Richtlinie hier nachlesen.<\/p>\n<p><strong>Rechtsgrundlage:<\/strong><br \/>\nBerechtigtes Interesse. Diese Verarbeitung Ihrer personenbezogenen Daten basiert auf unserem berechtigten Interesse, Ihnen gegen\u00fcber Werbung f\u00fcr unsere Dienste zu machen.<\/p>\n<p><strong>Wann endet die Verarbeitung?<\/strong><br \/>\nWir vermarkten unsere Dienste bis zu 24 Monate nach Ihrer letzten Aktivit\u00e4t auf <a href=\"http:\/\/www.astridlindgrensnas.se\">www.astridlindgrensnas.se<\/a>, sofern Sie sich nicht aktiv gegen weitere Werbung entschieden haben.<\/p>\n<p><strong>(iii) Um Newsletter versenden zu k\u00f6nnen<\/strong><\/p>\n<p><strong>Personenbezogene Daten:<\/strong><br \/>\nVor- und Nachname, E-Mail-Adresse und weitere von Ihnen bei der Anmeldung zum Newsletter angegebene Daten.<\/p>\n<p><strong>Verwendung und Zweck:<\/strong><br \/>\nUm Ihnen unseren Newsletter mit Informationen \u00fcber Veranstaltungen, Angebote und Neuigkeiten der Astrid Lindgrens Vimmerby AB zu senden.<\/p>\n<p><strong>Rechtsgrundlage:<\/strong><br \/>\nEinwilligungen, die wir bei der Anmeldung zu unserem Newsletter einholen.<\/p>\n<p><strong>Wann endet die Verarbeitung?<\/strong><br \/>\nSie k\u00f6nnen Ihre Einwilligung jederzeit widerrufen und den Newsletter abbestellen, indem Sie sich an uns wenden oder den Link im Newsletter verwenden.<\/p>\n<p><strong>(iv) Wenn Sie an Gewinnspielen oder Veranstaltungen teilnehmen, die wir organisieren<\/strong><\/p>\n<p><strong>Personenbezogene Daten:<\/strong><br \/>\nName, Kontaktangaben (wie E-Mail-Adresse und Telefonnummer) und alle Informationen, die Sie im Zusammenhang mit dem Gewinnspiel angeben.<\/p>\n<p><strong>Verwendung und Zweck:<\/strong><br \/>\nZur Durchf\u00fchrung von Gewinnspielen und Veranstaltungen, einschlie\u00dflich der Zusendung von Informationen vor und nach Ihrer Teilnahme.<\/p>\n<p><strong>Rechtsgrundlage:<\/strong><br \/>\nBerechtigtes Interesse. Diese Verarbeitung erfolgt zur Abwicklung Ihrer Teilnahme an Gewinnspielen und Veranstaltungen.<\/p>\n<p><strong>Wann endet die Verarbeitung?<\/strong><br \/>\nMit Beendigung des Gewinnspiels bzw. der Veranstaltung endet die Verarbeitung der personenbezogenen Daten.<\/p>\n<ol start=\"3\">\n<li><strong> COOKIES<\/strong><\/li>\n<\/ol>\n<p>Wir verwenden auf unserer Website Cookies, um Ihnen eine bessere Benutzererfahrung zu bieten und unser Marketing anzupassen. Weitere Informationen zu unseren Cookies finden Sie in unserer Cookie-Richtlinie.<\/p>\n<ol start=\"4\">\n<li><strong> GEBEN WIR IHRE PERSONENBEZOGENEN DATEN WEITER ODER VERTEILEN WIR SIE?<\/strong><\/li>\n<\/ol>\n<p>Wir geben Ihre personenbezogenen Daten nicht weiter, es sei denn, dies ist f\u00fcr die Durchf\u00fchrung unserer Gesch\u00e4ftst\u00e4tigkeit und zum Erreichen unserer Verarbeitungszwecke erforderlich. Nachfolgend finden Sie eine Beschreibung, mit welchen Unternehmen wir Informationen warum teilen.<\/p>\n<ul>\n<li>Andere Unternehmen unseres Konzerns, wenn dies zum Erreichen des Verarbeitungszwecks erforderlich ist, beispielsweise zu Informations- und Marketingzwecken.<\/li>\n<\/ul>\n<p><strong>(ii)<\/strong>\u00a0\u00a0\u00a0\u00a0\u00a0 Personal Data Assistant: Mitarbeiter*innen in verschiedenen Bereichen, die die personenbezogenen Daten in unserem Auftrag nach unseren Anweisungen verarbeiten, d. h. in der Funktion von Personal Data Assistants, wenn dies zum Erreichen des oben genannten Verarbeitungszwecks erforderlich ist, wie z. B. unser\/e:<\/p>\n<p>Zahlungsanbieter<\/p>\n<p>Werbe- und Marketingunternehmen<\/p>\n<p>IT-Systemlieferanten<\/p>\n<p>&nbsp;<\/p>\n<p><strong>\u00dcBERMITTLUNG PERSONENBEZOGENER DATEN IN DRITTL\u00c4NDER<\/strong><\/p>\n<p>Unsere Verarbeitung personenbezogener Daten erfolgt haupts\u00e4chlich innerhalb Schwedens und der EU\/des EWR. Bei der \u00dcbermittlung in Drittl\u00e4nder halten wir die geltenden Gesetze ein und stellen sicher, dass entsprechende Sicherheitsvorkehrungen getroffen werden.<\/p>\n<p>&nbsp;<\/p>\n<ol start=\"6\">\n<li><strong> WELCHE RECHTE HABEN SIE ALS REGISTRIERTE PERSON??<\/strong><\/li>\n<\/ol>\n<p>Auf Anfrage (an unsere oben und unten angegebene E-Mail-Adresse) haben Sie das Recht:<\/p>\n<p>(i)\u00a0\u00a0\u00a0\u00a0\u00a0\u00a0\u00a0\u00a0\u00a0 eine Abschrift zu erhalten, d. h. eine Best\u00e4tigung dar\u00fcber, ob personenbezogene Daten, die Sie betreffen, verarbeitet werden, und in solchen F\u00e4llen eine Kopie der personenbezogenen Daten zu erhalten.;<\/p>\n<p>(ii)\u00a0\u00a0\u00a0\u00a0\u00a0\u00a0\u00a0\u00a0 eine Berichtigung zu verlangen, wenn Ihre von uns verarbeiteten personenbezogenen Daten falsch oder unvollst\u00e4ndig sind;<\/p>\n<p>(iii)\u00a0\u00a0\u00a0\u00a0\u00a0\u00a0\u00a0 die L\u00f6schung (\u201eRecht auf Vergessenwerden\u201c) Ihrer personenbezogenen Daten zu verlangen, wenn der Zweck der Verarbeitung personenbezogener Daten nicht mehr zul\u00e4ssig, unter den gegebenen Umst\u00e4nden notwendig oder angemessen ist;<\/p>\n<p>(iv)\u00a0\u00a0\u00a0\u00a0\u00a0\u00a0\u00a0 personenbezogene Daten, die Sie uns bereitgestellt haben, an einen anderen Datenverantwortlichen zu \u00fcbertragen (Recht auf Daten\u00fcbertragbarkeit), sofern die Rechtsgrundlage f\u00fcr unsere Verarbeitung die Erf\u00fcllung eines Vertrags oder Ihre Einwilligung ist.<\/p>\n<p>(v)\u00a0\u00a0\u00a0\u00a0\u00a0\u00a0\u00a0\u00a0 die Verarbeitung personenbezogener Daten in bestimmten F\u00e4llen einzuschr\u00e4nken, wenn die Verarbeitung durch berechtigte Interessen gest\u00fctzt wird, und<\/p>\n<p>(vi)\u00a0\u00a0\u00a0\u00a0\u00a0\u00a0\u00a0 der Verarbeitung personenbezogener Daten zu widersprechen, wenn dies auf einem berechtigten Interesse beruht.<\/p>\n<p>Sie haben das Recht auf:<\/p>\n<ul>\n<li>Zugriff auf Ihre personenbezogene Daten (Abschrift)<\/li>\n<li>die Berichtigung unrichtiger Angaben zu verlangen.<\/li>\n<li>unter bestimmten Voraussetzungen die L\u00f6schung Ihrer personenbezogenen Daten zu verlangen<\/li>\n<li>der Verarbeitung zu Marketingzwecken zu widersprechen<\/li>\n<li>Daten\u00fcbertragbarkeit zu verlangen.<\/li>\n<li>bei der schwedischen Datenschutzbeh\u00f6rde (Datainspektionen) eine Beschwerde einzureichen.<\/li>\n<\/ul>\n<ol start=\"7\">\n<li><strong> BESCHWERDE BEI DER DATAINSPEKTIONEN<\/strong><\/li>\n<\/ol>\n<p>Bei Fragen oder Bedenken bez\u00fcglich unseres Umgangs mit Ihren Daten oder dieser Erkl\u00e4rung oder wenn Sie Ihre Rechte in irgendeiner Weise aus\u00fcben m\u00f6chten, k\u00f6nnen Sie sich jederzeit an uns wenden unter<a href=\"mailto:info@astridlindgrensvimmerby.se\">info@astridlindgrensvimmerby.se<\/a><u>\u00a0<\/u>oder telefonisch unter: +46-(0)492 &#8211; 798 00. Wenn Sie mit der Art und Weise, wie wir Ihre personenbezogenen Daten verarbeiten, nicht zufrieden sind, w\u00fcrden wir uns freuen, wenn Sie sich an uns wenden, damit wir pr\u00fcfen k\u00f6nnen, ob wir Ihren W\u00fcnschen nachkommen k\u00f6nnen. Sie haben au\u00dferdem das Recht, Beschwerden \u00fcber unsere Verarbeitung personenbezogener Daten bei der schwedischen Datenschutzbeh\u00f6rde (Datainspektionen) einzureichen. Weitere Informationen finden Sie unter<a href=\"http:\/\/www.datainspektionen.se\/\">www.datainspektionen.se<\/a><u>.<\/u><\/p>\n<ol start=\"8\">\n<li><strong> \u00c4NDERUNGEN DIESER DATENSCHUTZERKL\u00c4RUNG<\/strong><\/li>\n<\/ol>\n<p>Wir k\u00f6nnen \u00c4nderungen an unserer Datenschutzerkl\u00e4rung vornehmen. Die neueste Version der Datenschutzerkl\u00e4rung wird auf unserer Website ver\u00f6ffentlicht.<\/p>\n<p>Aktualisiert am 17.10.2024<\/p>\n<p>Laden Sie unten die vollst\u00e4ndige Datenschutzerkl\u00e4rung herunter.<\/p>\n\t\t\t\t\t\t\t<\/div>\n\t\t\t\t\t\t\t\t\t\t\t\t\t\t\t<div class=\"flex items-center justify-center w-full\">\n\n\t\t\t\t\t\t\t\t\t<a class=\"mt-4 btn\" href=\"https:\/\/astridlindgrensvarld.se\/wp-content\/uploads\/2024\/10\/Integritetspolicy-Astrid-Lindgrens-Vimmerby.pdf\" target=\"\">\n\t\t\t\t\t\t\t\t\t\t<p class=\"-button\">\n\t\t\t\t\t\t\t\t\t\t\tDatenschutzerkl\u00e4rung Astrid Lindgrens Vimmerby\t\t\t\t\t\t\t\t\t\t<\/p>\n\t\t\t\t\t\t\t\t\t<\/a>\n\t\t\t\t\t\t\t\t<\/div>\n\t\t\t\t\t\t\t\t\t\t\t\t\t<\/div>\n\t\t\t\t\t\t\t\t\t\n\t\t\t<\/div>\n\n\t\t<\/div>\n\n\t<\/div>\n<\/div>","protected":false},"excerpt":{"rendered":"","protected":false},"author":2,"featured_media":0,"parent":0,"menu_order":0,"comment_status":"closed","ping_status":"closed","template":"","meta":{"_acf_changed":false,"footnotes":""},"class_list":["post-5875","page","type-page","status-publish","hentry"],"acf":[],"_links":{"self":[{"href":"https:\/\/astridlindgrensnas.se\/de\/wp-json\/wp\/v2\/pages\/5875","targetHints":{"allow":["GET"]}}],"collection":[{"href":"https:\/\/astridlindgrensnas.se\/de\/wp-json\/wp\/v2\/pages"}],"about":[{"href":"https:\/\/astridlindgrensnas.se\/de\/wp-json\/wp\/v2\/types\/page"}],"author":[{"embeddable":true,"href":"https:\/\/astridlindgrensnas.se\/de\/wp-json\/wp\/v2\/users\/2"}],"replies":[{"embeddable":true,"href":"https:\/\/astridlindgrensnas.se\/de\/wp-json\/wp\/v2\/comments?post=5875"}],"version-history":[{"count":1,"href":"https:\/\/astridlindgrensnas.se\/de\/wp-json\/wp\/v2\/pages\/5875\/revisions"}],"predecessor-version":[{"id":5876,"href":"https:\/\/astridlindgrensnas.se\/de\/wp-json\/wp\/v2\/pages\/5875\/revisions\/5876"}],"wp:attachment":[{"href":"https:\/\/astridlindgrensnas.se\/de\/wp-json\/wp\/v2\/media?parent=5875"}],"curies":[{"name":"wp","href":"https:\/\/api.w.org\/{rel}","templated":true}]}}