{"id":5879,"date":"2025-02-19T09:55:00","date_gmt":"2025-02-19T08:55:00","guid":{"rendered":"https:\/\/astridlindgrensnas.se\/?page_id=5879"},"modified":"2025-05-15T13:10:51","modified_gmt":"2025-05-15T11:10:51","slug":"die-spiele","status":"publish","type":"page","link":"https:\/\/astridlindgrensnas.se\/de\/die-spiele\/","title":{"rendered":"Die Spiele"},"content":{"rendered":"\n<div class=\"relative flex flex-col items-center  w-full justify-center \">\n\t\t<div class=\"w-full h-[60vh] min-h-[500px] tablet:max-h-[700px] bg-gradient-to-t opacity-60 from-blackish absolute bottom-0\">\n\n\t<\/div>\n\t\t\t\t<img decoding=\"async\" class=\"top-0 object-cover w-full h-[60vh] min-h-[700px] mobile:min-h-[540px] desktop:max-h-[650px] tablet:max-h-[700px]\" src=\"https:\/\/astridlindgrensnas.se\/wp-content\/uploads\/2025\/02\/y3a4622.jpg\" alt=\"\">\n\t\t<div class=\"w-full m-auto text-center absolute bottom-[80px]\">\n\t\t<h1 class=\"text-whiteish\">Lekhagen &#8211; der Spielhain \u2013 das Herz unserer G\u00e4rten<\/h1>\n\t<\/div>\n<\/div>\n<div class=\"flex items-center justify-center w-full px-4 py-7\">\n\t<div data-aos=\" \" data-aos-duration=\"\" class=\"flex flex-col items-center w-full gap-5 m-auto text-center inner-contain\">\n\t\t\t\t\t\t\t<p class=\"-large text-darkGreen\">Das freie und wilde Spiel hat in Astrid Lindgrens Leben eine zentrale Rolle gespielt. Durch das Spielen lernen Kinder, das  Leben in den Griff zu bekommen. Und durch das Spiel wagen wir es, Grenzen auszutesten. Wir m\u00fcssen einfach spielen, um uns zu starken und freien Pers\u00f6nlichkeiten zu entwickeln. Hier hinter den Scheunen haben die Kinder schon immer gerannt und gespielt, und deshalb haben wir dem Spiel in diesem Teil des Gartens ein eigenes Thema gewidmet.<\/p>\n\t\t\t\t\t<\/div>\n<\/div>\n<div class=\"w-full\">\n\t<div class=\"flex flex-col w-full m-auto py-7 gap-7 inner-contain\">\n\t\t\t\t\t\t\t\t\t<div data-aos=\"\" data-aos-duration=\"\" class=\"flex relative items-center justify-between w-full m-auto tablet:w-3\/4 tablet-sm:w-full tablet:flex-col-reverse desktop-sm:px-4 gap-7 flex-row-reverse\">\n\t\t\t\t\t<div class=\"flex flex-col items-start justify-center w-full gap-5 max-w-[40%] tablet:max-w-full\">\n\t\t\t\t\t\t<h3 class=\"-demi text-darkGreen\">Lekhagen &#8211; der Spielhain &#8211; f\u00fcr alle, die das Spielen nicht verlernt haben<\/h3>\n\t\t\t\t\t\t\t\t\t\t\t\t\t<p class=\"text-black text-[20px]\">Der Ort durfte seinen wilden und mit Gestr\u00fcpp bewachsenen Pflanzencharakter behalten, um ansprechend und spannend zu sein, jedoch nicht so empfindlich, das man R\u00fccksicht h\u00e4tte nehmen m\u00fcssen, wenn es beim Spielen richtig wild hergeht. Wir haben Waldboden mit Blaubeeren und Preiselbeeren angelegt, um weiche R\u00e4nder entlang des Gehwegs zu schaffen, und die Schneebeerenstr\u00e4ucher verbinden alte Schuppen und Bretter. Dem Holz kommt hier eine zentrale Rolle zu, ein \u201eEichh\u00f6rnchennest\u201c aus kr\u00e4ftigen Robinienzweigen, einige H\u00fcgel zum Kubb-Spielen und ein Holzfluss aus Erlen- und Birkenholz mit einer dar\u00fcberliegenden Wiese bilden Spielinstallationen, die dem Raum Weite geben.<\/p>\n\t\t\t\t\t\t\t\t\t\t\t\t\t\t\t\t\t<\/div>\n\t\t\t\t\t\t\t\t\t\t\t\t\t\t\t\t\t\t<div class=\"flex items-center justify-center w-full\">\n\t\t\t\t\t\t\t\t<img decoding=\"async\" class=\"object-cover w-full h-[30rem] mobile-sm:h-[16rem] mobile:h-[18rem] rounded-lg\" src=\"https:\/\/astridlindgrensnas.se\/wp-content\/uploads\/2025\/02\/y3a6517-scaled.jpg\" alt=\"\">\n\t\t\t\t\t\t\t<\/div>\n\t\t\t\t\t\t\t\t\t\t\t\n\n\t\t\t\t<\/div>\n\t\t\t\t\t\t<\/div>\n<\/div><div data-aos=\"\" data-aos-duration=\"\" class=\"flex flex-col items-start justify-center w-full mb-[-64px] tablet-lg:px-0 tablet-lg:mb-0 py-7\">\n\t<div class=\"relative z-0 items-center w-full m-auto inner-contain tablet-lg:max-w-none tablet-lg:px-0 tablet-lg:gap-4\">\n\t\t\t\t\t<div data-sliderid=\"lekhagen\" class=\"tablet-lg:px-4 mb-4 w-full rounded-lg tablet-lg:rounded-none justify-start flex overflow-hidden lekhagen tablet:mb-2 image-slider\">\n\t\t\t\t<div class=\"flex justify-center mobile:gap-0 swiper-wrapper tablet-lg:justify-start\">\n\t\t\t\t\t\t\t\t\t\t\t<img decoding=\"async\" src=\"https:\/\/astridlindgrensnas.se\/wp-content\/uploads\/2025\/02\/y3a5221-scaled.jpg\" alt=\"\" class=\"object-cover w-full rounded-lg mobile:max-w-full tablet-lg:mx-0 aspect-square swiper-slide\" \/>\n\t\t\t\t\t\t\t\t\t\t\t<img decoding=\"async\" src=\"https:\/\/astridlindgrensnas.se\/wp-content\/uploads\/2025\/02\/y3a4671.jpg\" alt=\"\" class=\"object-cover w-full rounded-lg mobile:max-w-full tablet-lg:mx-0 aspect-square swiper-slide\" \/>\n\t\t\t\t\t\t\t\t\t\t\t<img decoding=\"async\" src=\"https:\/\/astridlindgrensnas.se\/wp-content\/uploads\/2025\/02\/y3a5760.jpg\" alt=\"\" class=\"object-cover w-full rounded-lg mobile:max-w-full tablet-lg:mx-0 aspect-square swiper-slide\" \/>\n\t\t\t\t\t\t\t\t\t<\/div>\n\t\t\t<\/div>\n\t\t\t<div class=\"!w-1\/2 !m-auto swiper-scrollbar lekhagen-scrollbar\"><\/div>\n\t\t\t\t\t<\/div>\n<\/div>\n<div class=\"flex items-center justify-center w-full py-71\">\n\t<div data-aos=\"\" data-aos-duration=\"\" class=\"flex flex-col items-center justify-center w-full gap-4 px-6 m-auto text-center inner-contain mobile:px-4\">\n\t\t<h2 class=\"-italic text-[36px]  leading-[1.5] text-darkGreen text-center\">\n\t\t\t\u201eWie wir gespielt haben, meine Geschwister und ich! Von morgens bis abends. Unerm\u00fcdlich, mit Eifer und Freude, manchmal unter Lebensgefahr, aber das begriffen wir nicht. Wir kletterten auf die h\u00f6chsten B\u00e4ume, wir sprangen zwischen den Holzstapeln oben in der S\u00e4ge. Und wir balancierten auf dem Dachfirst unseres Hauses &#8211; was ziemlich hoch war, und w\u00e4ren wir runtergepurzelt, w\u00e4re es mit dem Spielen vorbei gewesen, f\u00fcrchte ich. \/\u2026\/ Das Spielen, ja, wie es unsere Tage f\u00fcllte! Was w\u00e4re meine Kindheit ohne es gewesen! \u00dcbrigens, was w\u00e4re die Kindheit aller Kinder, wenn das Spielen nicht in ihrem Leben w\u00e4re?\u201c<br \/>\r\n\t\t<\/h2>\n\t\t<p class=\"text-[20px] text-darkGreen\">Astrid Lindgren, aus \u201eDas entschwundene Land\u201c<\/p>\n\t<\/div>\n<\/div>","protected":false},"excerpt":{"rendered":"","protected":false},"author":3,"featured_media":0,"parent":0,"menu_order":0,"comment_status":"closed","ping_status":"closed","template":"","meta":{"_acf_changed":false,"footnotes":""},"class_list":["post-5879","page","type-page","status-publish","hentry"],"acf":[],"_links":{"self":[{"href":"https:\/\/astridlindgrensnas.se\/de\/wp-json\/wp\/v2\/pages\/5879","targetHints":{"allow":["GET"]}}],"collection":[{"href":"https:\/\/astridlindgrensnas.se\/de\/wp-json\/wp\/v2\/pages"}],"about":[{"href":"https:\/\/astridlindgrensnas.se\/de\/wp-json\/wp\/v2\/types\/page"}],"author":[{"embeddable":true,"href":"https:\/\/astridlindgrensnas.se\/de\/wp-json\/wp\/v2\/users\/3"}],"replies":[{"embeddable":true,"href":"https:\/\/astridlindgrensnas.se\/de\/wp-json\/wp\/v2\/comments?post=5879"}],"version-history":[{"count":1,"href":"https:\/\/astridlindgrensnas.se\/de\/wp-json\/wp\/v2\/pages\/5879\/revisions"}],"predecessor-version":[{"id":5886,"href":"https:\/\/astridlindgrensnas.se\/de\/wp-json\/wp\/v2\/pages\/5879\/revisions\/5886"}],"wp:attachment":[{"href":"https:\/\/astridlindgrensnas.se\/de\/wp-json\/wp\/v2\/media?parent=5879"}],"curies":[{"name":"wp","href":"https:\/\/api.w.org\/{rel}","templated":true}]}}