{"id":6964,"date":"2025-05-15T10:26:54","date_gmt":"2025-05-15T08:26:54","guid":{"rendered":"https:\/\/astridlindgrensnas.se\/fragebogen\/"},"modified":"2026-05-04T15:25:14","modified_gmt":"2026-05-04T13:25:14","slug":"fragebogen","status":"publish","type":"page","link":"https:\/\/astridlindgrensnas.se\/de\/fragebogen\/","title":{"rendered":"Fragebogen"},"content":{"rendered":"\n<div class=\"relative flex flex-col items-center  w-full justify-center \">\n\t\t<div class=\"w-full h-[60vh] min-h-[500px] tablet:max-h-[700px] bg-gradient-to-t opacity-60 from-blackish absolute bottom-0\">\n\n\t<\/div>\n\t\t\t\t<img decoding=\"async\" class=\"top-0 object-cover w-full h-[60vh] min-h-[700px] mobile:min-h-[540px] desktop:max-h-[650px] tablet:max-h-[700px]\" src=\"https:\/\/astridlindgrensnas.se\/wp-content\/uploads\/2025\/01\/schak-prastgardfsparken-scaled.jpg\" alt=\"\">\n\t\t<div class=\"w-full m-auto text-center absolute bottom-[80px]\">\n\t\t<h1 class=\"text-whiteish\">Danke f\u00fcr Ihren Besuch!<\/h1>\n\t<\/div>\n<\/div>\n\n\n<div class=\"flex items-center justify-center w-full px-4 py-7\">\n\t<div data-aos=\" \" data-aos-duration=\"\" class=\"flex flex-col items-center w-full gap-5 m-auto text-center inner-contain\">\n\t\t\t\t\t\t\t<p class=\"-large text-darkGreen\">Ihre Meinung ist uns wichtig!<br>Mit Ihrer Hilfe k\u00f6nnen wir uns st\u00e4ndig weiterentwickeln und noch besser werden.<br>Teilen Sie uns gerne mit, wie Ihnen Ihr Besuch gefallen hat, indem Sie auf den untenstehenden Link klicken und ein paar einfache Fragen beantworten.<br>Jede eingereichte Antwort nimmt an einer Verlosung von f\u00fcnf Eintrittskarten f\u00fcr die Saison 2027 teil.  <br \/>\r\n<br \/>\r\nWir hoffen, Sie bald wiederzusehen!<br \/>\r\n<br \/>\r\nMit freundlichen Gr\u00fc\u00dfen<br>Joachim Johansson<br>Gesch\u00e4ftsf\u00fchrer, Astrid Lindgrens Vimmerby AB<\/p>\n\t\t\t\t\t\t\t<a class=\"btn\" href=\"https:\/\/link.webropolsurveys.com\/S\/FC2688580A4F745C\" target=\"\">\n\t\t\t\t<p class=\"-button\">\n\t\t\t\t\tZur Umfrage\t\t\t\t<\/p>\n\t\t\t<\/a>\n\t\t\t<\/div>\n<\/div>","protected":false},"excerpt":{"rendered":"","protected":false},"author":2,"featured_media":0,"parent":0,"menu_order":0,"comment_status":"closed","ping_status":"closed","template":"","meta":{"_acf_changed":false,"footnotes":""},"class_list":["post-6964","page","type-page","status-publish","hentry"],"acf":[],"_links":{"self":[{"href":"https:\/\/astridlindgrensnas.se\/de\/wp-json\/wp\/v2\/pages\/6964","targetHints":{"allow":["GET"]}}],"collection":[{"href":"https:\/\/astridlindgrensnas.se\/de\/wp-json\/wp\/v2\/pages"}],"about":[{"href":"https:\/\/astridlindgrensnas.se\/de\/wp-json\/wp\/v2\/types\/page"}],"author":[{"embeddable":true,"href":"https:\/\/astridlindgrensnas.se\/de\/wp-json\/wp\/v2\/users\/2"}],"replies":[{"embeddable":true,"href":"https:\/\/astridlindgrensnas.se\/de\/wp-json\/wp\/v2\/comments?post=6964"}],"version-history":[{"count":3,"href":"https:\/\/astridlindgrensnas.se\/de\/wp-json\/wp\/v2\/pages\/6964\/revisions"}],"predecessor-version":[{"id":125059,"href":"https:\/\/astridlindgrensnas.se\/de\/wp-json\/wp\/v2\/pages\/6964\/revisions\/125059"}],"wp:attachment":[{"href":"https:\/\/astridlindgrensnas.se\/de\/wp-json\/wp\/v2\/media?parent=6964"}],"curies":[{"name":"wp","href":"https:\/\/api.w.org\/{rel}","templated":true}]}}