{"id":5311,"date":"2025-01-30T08:29:54","date_gmt":"2025-01-30T07:29:54","guid":{"rendered":"https:\/\/astridlindgrensnas.se\/accommodation\/"},"modified":"2025-05-05T15:14:37","modified_gmt":"2025-05-05T13:14:37","slug":"accommodation","status":"publish","type":"page","link":"https:\/\/astridlindgrensnas.se\/en\/accommodation\/","title":{"rendered":"Accommodation"},"content":{"rendered":"\n<div class=\"relative flex flex-col items-center  w-full  max-h-[960px] mb-[128px] mobile:mb-[-128px] min-h-[700px] justify-start mobile:h-full mobile:max-h-none \">\n\t\t\t\t\t\t\t<img decoding=\"async\" class=\"top-0 object-cover w-full h-full  max-h-[746px] desktop:max-h-[650px] min-h-[700px] mobile:min-h-[540px] mobile:hidden\" src=\"https:\/\/astridlindgrensnas.se\/wp-content\/uploads\/2025\/01\/boende-ute-5-3200x1440px-scaled.jpg\" alt=\"\">\n\t<img decoding=\"async\" class=\"top-0 object-cover w-full h-full min-h-[700px] mobile:min-h-[540px] hidden mobile:block\" src=\"https:\/\/astridlindgrensnas.se\/wp-content\/uploads\/2025\/01\/boende-ute-5-810x1440-1.jpg\" alt=\"\">\n\t\t\t\t\t\t\t<div class=\"absolute bottom-[-128px] z-10 flex flex-col items-center w-full mobile:bottom-[128px] mobile:relative inner-contain gap-7 desktop-sm:px-4 mobile-sm:px-2\">\n\t\t\t\t<div class=\"bg-whiteish p-[36px] mobile-sm:px-4 mobile-sm:py-[36px] flex flex-col items-center gap-4 mobile:gap-4 text-black text-center rounded-lg lg-shadow w-full\">\n\t\t\t\t\t<div class=\"flex flex-col items-center justify-start gap-1\">\n\n\t\t\t\t\t\t<h1 class=\"text-darkGreen -hero\">Stay near Astrid Lindgren\u2019s N\u00e4s<\/h1>\n\t\t\t\t\t\t\t\t\t\t\t<\/div>\n\n\t\t\t\t\t<p class=\"-large text-darkGreen mobile:!text-[16px]\">There are a number of accommodation options in the areas surrounding Astrid Lindgren\u2019s N\u00e4s. Just a short walk away is Oxg\u00e5rden, offering courtyard flats. About a kilometre from N\u00e4s, next to Astrid Lindgren\u2019s World, you will find The Tiny Town, offering unique cottages and houses as well as standard cottages by Skogsl\u00e4ntan. For those travelling with a motorhome or caravan, there are also comfortable pitches near the main entrance to the park.<\/p>\n\t\t\t\t\t\t\t\t\t\t\t\t\t\t<\/div>\n\t\t\t<\/div>\n\t\t\t<\/div>\n\n<div id=\"houses-and-cottages\" class=\"flex flex-col w-full m-auto py-7 fp-image-contain mb-[-64px]\">\n\t\t\t\t\t\t<img decoding=\"async\" data-aos=\"\" data-aos-duration=\"\" class=\"top-0 object-cover w-full max-h-[900px] min-h-[600px] rounded-xl desktop-md:rounded-none\" src=\"https:\/\/astridlindgrensnas.se\/wp-content\/uploads\/2025\/01\/den-lilla-staden-scaled.jpg\" alt=\"\">\n\t\t\t\t<div class=\"flex\">\n\t\t\t<div class=\"flex justify-end w-full relative top-[-128px] !mb-[-128px] z-10 ml-8 tablet:w-[90%] tablet:m-auto\">\n\t\t\t\t<div class=\"flex flex-col items-start max-w-[50%] tablet:items-center bg-whiteish p-6 tablet:px-4 mr-8 rounded-lg gap-5 tablet:max-w-none mobile:w-full tablet:mr-0 lg-shadow\">\n\t\t\t\t\t\t\t\t\t\t\t<h3 class=\"text-darkGreen -wilma mobile:text-center\">Houses and cottages in The Tiny Town<\/h3>\n\t\t\t\t\t\t\t\t\t\t<p class=\"text-blackish tablet:text-center\">In The Tiny Town next to Astrid Lindgren\u2019s World, you will find charming houses inspired by Vimmerby in the early 1900s, with unique accommodation options for 6\u201313 people. At the edge of the forest is Skogsl\u00e4ntan, which offers small standard cottages. All units have their own kitchen and bathroom, with the option to add room cleaning, sheets and meals.<\/p>\n\t\t\t\t\t\t\t\t\t\t\t<a class=\"btn group w-fit\" href=\"https:\/\/astridlindgrensvarld.se\/boende\/bo\/den-lilla-staden\/\" target=\"_blank\">\n\t\t\t\t\t\t\t<div class=\"flex items-center gap-5\">\n\t\t\t\t\t\t\t\t<p class=\"-button\">Read more and book<\/p>\n\t\t\t\t\t\t\t<\/div>\n\t\t\t\t\t\t<\/a>\n\t\t\t\t\t\t\t\t\t<\/div>\n\t\t\t<\/div>\n\t\t<\/div>\n\t\n<\/div>\n\n<div id=\"flats\" class=\"flex flex-col w-full m-auto py-7 fp-image-contain mb-[-64px]\">\n\t\t\t\t\t\t<img decoding=\"async\" data-aos=\"\" data-aos-duration=\"\" class=\"top-0 object-cover w-full max-h-[900px] min-h-[600px] rounded-xl desktop-md:rounded-none\" src=\"https:\/\/astridlindgrensnas.se\/wp-content\/uploads\/2025\/01\/oxgarden-hero2-2-scaled.jpg\" alt=\"\">\n\t\t\t\t<div class=\"flex\">\n\t\t\t<div class=\"flex  w-full relative top-[-128px] !mb-[-128px] z-10 ml-8 tablet:w-[90%] tablet:m-auto\">\n\t\t\t\t<div class=\"flex flex-col items-start max-w-[50%] tablet:items-center bg-whiteish p-6 tablet:px-4 mr-8 rounded-lg gap-5 tablet:max-w-none mobile:w-full tablet:mr-0 lg-shadow\">\n\t\t\t\t\t\t\t\t\t\t\t<h3 class=\"text-darkGreen -wilma mobile:text-center\">Flats in Oxg\u00e5rden<\/h3>\n\t\t\t\t\t\t\t\t\t\t<p class=\"text-blackish tablet:text-center\">Just 400 metres from Astrid Lindgren\u2019s N\u00e4s and 700 metres from Astrid Lindgren\u2019s World, you\u2019ll find the guest accommodation in Oxg\u00e5rden, which includes flats for both small and large groups. Self-catered accommodation is available in one of our fully equipped flats, perfect for 4\u201312 people. Oxg\u00e5rden  is a small site with three different flat types \u2013 Linden, Bj\u00f6rken and Aspen \u2013 all with access to a common, green courtyard.<br \/>\r\n<br \/>\r\n<\/p>\n\t\t\t\t\t\t\t\t\t\t\t<a class=\"btn group w-fit\" href=\"https:\/\/astridlindgrensvarld.se\/boende\/bo\/lagenheter\/\" target=\"_blank\">\n\t\t\t\t\t\t\t<div class=\"flex items-center gap-5\">\n\t\t\t\t\t\t\t\t<p class=\"-button\">Read more and make a reservation<\/p>\n\t\t\t\t\t\t\t<\/div>\n\t\t\t\t\t\t<\/a>\n\t\t\t\t\t\t\t\t\t<\/div>\n\t\t\t<\/div>\n\t\t<\/div>\n\t\n<\/div>\n\n<div id=\"pitches\" class=\"flex flex-col w-full m-auto py-7 fp-image-contain mb-[-64px]\">\n\t\t\t\t\t\t<img decoding=\"async\" data-aos=\"\" data-aos-duration=\"\" class=\"top-0 object-cover w-full max-h-[900px] min-h-[600px] rounded-xl desktop-md:rounded-none\" src=\"https:\/\/astridlindgrensnas.se\/wp-content\/uploads\/2025\/01\/stallplats1.png\" alt=\"\">\n\t\t\t\t<div class=\"flex\">\n\t\t\t<div class=\"flex justify-end w-full relative top-[-128px] !mb-[-128px] z-10 ml-8 tablet:w-[90%] tablet:m-auto\">\n\t\t\t\t<div class=\"flex flex-col items-start max-w-[50%] tablet:items-center bg-whiteish p-6 tablet:px-4 mr-8 rounded-lg gap-5 tablet:max-w-none mobile:w-full tablet:mr-0 lg-shadow\">\n\t\t\t\t\t\t\t\t\t\t\t<h3 class=\"text-darkGreen -wilma mobile:text-center\">Pitches for motorhomes and caravans<\/h3>\n\t\t\t\t\t\t\t\t\t\t<p class=\"text-blackish tablet:text-center\">Just one kilometre from Astrid Lindgren\u2019s N\u00e4s are our camping pitches, for those travelling with a motorhome or caravan (please note that tents and awnings are not permitted). We offer spacious pitches with electricity, and everything is included &#8211; electricity, Wi-Fi, access to the service building and facilities for emptying and refuelling. The site is next to Astrid Lindgren\u2019s World and close to Vimmerby town centre.<\/p>\n\t\t\t\t\t\t\t\t\t\t\t<a class=\"btn group w-fit\" href=\"https:\/\/astridlindgrensvarld.se\/en\/accommodation\/reside\/pitches\/\" target=\"_blank\">\n\t\t\t\t\t\t\t<div class=\"flex items-center gap-5\">\n\t\t\t\t\t\t\t\t<p class=\"-button\">Read more and make a reservation<\/p>\n\t\t\t\t\t\t\t<\/div>\n\t\t\t\t\t\t<\/a>\n\t\t\t\t\t\t\t\t\t<\/div>\n\t\t\t<\/div>\n\t\t<\/div>\n\t\n<\/div>","protected":false},"excerpt":{"rendered":"","protected":false},"author":2,"featured_media":0,"parent":0,"menu_order":0,"comment_status":"closed","ping_status":"closed","template":"","meta":{"_acf_changed":false,"footnotes":""},"class_list":["post-5311","page","type-page","status-publish","hentry"],"acf":[],"_links":{"self":[{"href":"https:\/\/astridlindgrensnas.se\/en\/wp-json\/wp\/v2\/pages\/5311","targetHints":{"allow":["GET"]}}],"collection":[{"href":"https:\/\/astridlindgrensnas.se\/en\/wp-json\/wp\/v2\/pages"}],"about":[{"href":"https:\/\/astridlindgrensnas.se\/en\/wp-json\/wp\/v2\/types\/page"}],"author":[{"embeddable":true,"href":"https:\/\/astridlindgrensnas.se\/en\/wp-json\/wp\/v2\/users\/2"}],"replies":[{"embeddable":true,"href":"https:\/\/astridlindgrensnas.se\/en\/wp-json\/wp\/v2\/comments?post=5311"}],"version-history":[{"count":2,"href":"https:\/\/astridlindgrensnas.se\/en\/wp-json\/wp\/v2\/pages\/5311\/revisions"}],"predecessor-version":[{"id":5905,"href":"https:\/\/astridlindgrensnas.se\/en\/wp-json\/wp\/v2\/pages\/5311\/revisions\/5905"}],"wp:attachment":[{"href":"https:\/\/astridlindgrensnas.se\/en\/wp-json\/wp\/v2\/media?parent=5311"}],"curies":[{"name":"wp","href":"https:\/\/api.w.org\/{rel}","templated":true}]}}